{"id":12,"date":"2025-10-01T16:53:33","date_gmt":"2025-10-01T16:53:33","guid":{"rendered":"https:\/\/ferrazlynce.pt\/?page_id=12"},"modified":"2026-03-28T14:08:21","modified_gmt":"2026-03-28T14:08:21","slug":"ferraz-lynce","status":"publish","type":"page","link":"https:\/\/ferrazlynce.pt\/en\/","title":{"rendered":"Ferraz Lynce"},"content":{"rendered":"<div data-elementor-type=\"wp-page\" data-elementor-id=\"12\" class=\"elementor elementor-12\" data-elementor-post-type=\"page\">\n\t\t\t\t<div class=\"elementor-element elementor-element-0f0abf3 e-con-full e-flex e-con e-parent\" data-id=\"0f0abf3\" data-element_type=\"container\" data-e-type=\"container\" data-settings=\"{&quot;background_background&quot;:&quot;classic&quot;}\">\n\t\t\t\t<\/div>\n\t\t<div class=\"elementor-element elementor-element-31fc460 e-con-full e-flex e-con e-parent\" data-id=\"31fc460\" data-element_type=\"container\" data-e-type=\"container\">\n\t\t<div class=\"elementor-element elementor-element-e12ffaa e-con-full e-flex e-con e-child\" data-id=\"e12ffaa\" data-element_type=\"container\" data-e-type=\"container\">\n\t\t<div class=\"elementor-element elementor-element-f011757 e-con-full e-flex e-con e-child\" data-id=\"f011757\" data-element_type=\"container\" data-e-type=\"container\">\n\t\t\t\t<div class=\"elementor-element elementor-element-a5fa52d elementor-widget elementor-widget-heading\" data-id=\"a5fa52d\" data-element_type=\"widget\" data-e-type=\"widget\" data-widget_type=\"heading.default\">\n\t\t\t\t\t<h2 class=\"elementor-heading-title elementor-size-default\">Iberfar Group<\/h2>\t\t\t\t<\/div>\n\t\t\t\t<div class=\"elementor-element elementor-element-9058f43 elementor-widget elementor-widget-text-editor\" data-id=\"9058f43\" data-element_type=\"widget\" data-e-type=\"widget\" data-widget_type=\"text-editor.default\">\n\t\t\t\t\t\t\t\t\t<p>Ferraz Lynce is the commercial company and the oldest enterprise within a private Portuguese Pharmaceutical Group founded in 1924, whose activities span all areas of the industry.<\/p>\t\t\t\t\t\t\t\t<\/div>\n\t\t\t\t<div class=\"elementor-element elementor-element-985ddaf elementor-widget elementor-widget-button\" data-id=\"985ddaf\" data-element_type=\"widget\" data-e-type=\"widget\" data-widget_type=\"button.default\">\n\t\t\t\t\t\t\t\t\t\t<a class=\"elementor-button elementor-button-link elementor-size-sm\" href=\"https:\/\/ferrazlynce.pt\/en\/grupo-iberfar\/\">\n\t\t\t\t\t\t<span class=\"elementor-button-content-wrapper\">\n\t\t\t\t\t\t\t\t\t<span class=\"elementor-button-text\">Learn more<\/span>\n\t\t\t\t\t<\/span>\n\t\t\t\t\t<\/a>\n\t\t\t\t\t\t\t\t<\/div>\n\t\t\t\t<\/div>\n\t\t<div class=\"elementor-element elementor-element-2c811c0 e-con-full e-flex elementor-invisible e-con e-child\" data-id=\"2c811c0\" data-element_type=\"container\" data-e-type=\"container\" data-settings=\"{&quot;background_background&quot;:&quot;classic&quot;,&quot;animation&quot;:&quot;fadeIn&quot;}\">\n\t\t\t\t<\/div>\n\t\t\t\t<\/div>\n\t\t<div class=\"elementor-element elementor-element-134a113 e-con-full e-flex e-con e-child\" data-id=\"134a113\" data-element_type=\"container\" data-e-type=\"container\">\n\t\t<div class=\"elementor-element elementor-element-2fa522f e-con-full e-flex e-con e-child\" data-id=\"2fa522f\" data-element_type=\"container\" data-e-type=\"container\">\n\t\t\t\t<div class=\"elementor-element elementor-element-c23087f elementor-widget elementor-widget-heading\" data-id=\"c23087f\" data-element_type=\"widget\" data-e-type=\"widget\" data-widget_type=\"heading.default\">\n\t\t\t\t\t<h2 class=\"elementor-heading-title elementor-size-default\">Our products<\/h2>\t\t\t\t<\/div>\n\t\t\t\t<div class=\"elementor-element elementor-element-cb380a4 elementor-widget elementor-widget-text-editor\" data-id=\"cb380a4\" data-element_type=\"widget\" data-e-type=\"widget\" data-widget_type=\"text-editor.default\">\n\t\t\t\t\t\t\t\t\t<p>Ferraz Lynce offers a diversified portfolio across multiple therapeutic areas, encompassing prescription and over-the-counter medicines, medical devices, food supplements and other health products.<\/p>\t\t\t\t\t\t\t\t<\/div>\n\t\t\t\t<div class=\"elementor-element elementor-element-18e9ba2 elementor-widget elementor-widget-button\" data-id=\"18e9ba2\" data-element_type=\"widget\" data-e-type=\"widget\" data-widget_type=\"button.default\">\n\t\t\t\t\t\t\t\t\t\t<a class=\"elementor-button elementor-button-link elementor-size-sm\" href=\"https:\/\/ferrazlynce.pt\/en\/produtos\/\">\n\t\t\t\t\t\t<span class=\"elementor-button-content-wrapper\">\n\t\t\t\t\t\t\t\t\t<span class=\"elementor-button-text\">Learn more<\/span>\n\t\t\t\t\t<\/span>\n\t\t\t\t\t<\/a>\n\t\t\t\t\t\t\t\t<\/div>\n\t\t\t\t<\/div>\n\t\t<div class=\"elementor-element elementor-element-f6bba44 e-con-full e-flex elementor-invisible e-con e-child\" data-id=\"f6bba44\" data-element_type=\"container\" data-e-type=\"container\" data-settings=\"{&quot;background_background&quot;:&quot;classic&quot;,&quot;animation&quot;:&quot;fadeIn&quot;}\">\n\t\t\t\t<\/div>\n\t\t\t\t<\/div>\n\t\t<div class=\"elementor-element elementor-element-ba4c30c e-con-full e-flex e-con e-child\" data-id=\"ba4c30c\" data-element_type=\"container\" data-e-type=\"container\">\n\t\t<div class=\"elementor-element elementor-element-1a7c557 e-con-full e-flex e-con e-child\" data-id=\"1a7c557\" data-element_type=\"container\" data-e-type=\"container\">\n\t\t\t\t<div class=\"elementor-element elementor-element-47c7f9c elementor-widget elementor-widget-heading\" data-id=\"47c7f9c\" data-element_type=\"widget\" data-e-type=\"widget\" data-widget_type=\"heading.default\">\n\t\t\t\t\t<h2 class=\"elementor-heading-title elementor-size-default\">Medical cannabis<\/h2>\t\t\t\t<\/div>\n\t\t\t\t<div class=\"elementor-element elementor-element-0636deb elementor-widget elementor-widget-text-editor\" data-id=\"0636deb\" data-element_type=\"widget\" data-e-type=\"widget\" data-widget_type=\"text-editor.default\">\n\t\t\t\t\t\t\t\t\t<p>A business unit of the Iberfar Group dedicated to the cultivation, production and marketing of Medical Cannabis.<\/p>\t\t\t\t\t\t\t\t<\/div>\n\t\t\t\t<div class=\"elementor-element elementor-element-0191ec8 elementor-widget elementor-widget-button\" data-id=\"0191ec8\" data-element_type=\"widget\" data-e-type=\"widget\" data-widget_type=\"button.default\">\n\t\t\t\t\t\t\t\t\t\t<a class=\"elementor-button elementor-button-link elementor-size-sm\" href=\"https:\/\/ferrazlynce.pt\/en\/canabis-medicinal\/\">\n\t\t\t\t\t\t<span class=\"elementor-button-content-wrapper\">\n\t\t\t\t\t\t\t\t\t<span class=\"elementor-button-text\">Learn more<\/span>\n\t\t\t\t\t<\/span>\n\t\t\t\t\t<\/a>\n\t\t\t\t\t\t\t\t<\/div>\n\t\t\t\t<\/div>\n\t\t<div class=\"elementor-element elementor-element-5c8e02b e-con-full e-flex elementor-invisible e-con e-child\" data-id=\"5c8e02b\" data-element_type=\"container\" data-e-type=\"container\" data-settings=\"{&quot;background_background&quot;:&quot;classic&quot;,&quot;animation&quot;:&quot;fadeIn&quot;}\">\n\t\t\t\t<\/div>\n\t\t\t\t<\/div>\n\t\t\t\t<\/div>\n\t\t<div class=\"elementor-element elementor-element-7aad865 e-flex e-con-boxed e-con e-parent\" data-id=\"7aad865\" data-element_type=\"container\" data-e-type=\"container\" data-settings=\"{&quot;background_background&quot;:&quot;classic&quot;}\">\n\t\t\t\t\t<div class=\"e-con-inner\">\n\t\t<div class=\"elementor-element elementor-element-898ecd5 e-flex e-con-boxed e-con e-child\" data-id=\"898ecd5\" data-element_type=\"container\" data-e-type=\"container\">\n\t\t\t\t\t<div class=\"e-con-inner\">\n\t\t\t\t<div class=\"elementor-element elementor-element-a5218ca elementor-widget elementor-widget-heading\" data-id=\"a5218ca\" data-element_type=\"widget\" data-e-type=\"widget\" data-widget_type=\"heading.default\">\n\t\t\t\t\t<h2 class=\"elementor-heading-title elementor-size-default\">Other Iberfar Group companies<\/h2>\t\t\t\t<\/div>\n\t\t\t\t\t<\/div>\n\t\t\t\t<\/div>\n\t\t<div class=\"elementor-element elementor-element-9876e76 e-con-full e-flex e-con e-child\" data-id=\"9876e76\" data-element_type=\"container\" data-e-type=\"container\">\n\t\t\t\t<div class=\"elementor-element elementor-element-bf496d7 elementor-widget elementor-widget-image\" data-id=\"bf496d7\" data-element_type=\"widget\" data-e-type=\"widget\" data-widget_type=\"image.default\">\n\t\t\t\t\t\t\t\t\t\t\t\t\t\t\t\t<a href=\"https:\/\/www.fai-therapeutics.com\" target=\"_blank\" rel=\"noopener\">\n\t\t\t\t\t\t\t<img fetchpriority=\"high\" decoding=\"async\" width=\"1200\" height=\"361\" src=\"https:\/\/ferrazlynce.pt\/wp-content\/uploads\/2025\/10\/Logo-FAI.webp\" class=\"attachment-full size-full wp-image-176\" alt=\"\" srcset=\"https:\/\/ferrazlynce.pt\/wp-content\/uploads\/2025\/10\/Logo-FAI.webp 1200w, https:\/\/ferrazlynce.pt\/wp-content\/uploads\/2025\/10\/Logo-FAI-300x90.webp 300w, https:\/\/ferrazlynce.pt\/wp-content\/uploads\/2025\/10\/Logo-FAI-1024x308.webp 1024w, https:\/\/ferrazlynce.pt\/wp-content\/uploads\/2025\/10\/Logo-FAI-768x231.webp 768w\" sizes=\"(max-width: 1200px) 100vw, 1200px\" \/>\t\t\t\t\t\t\t\t<\/a>\n\t\t\t\t\t\t\t\t\t\t\t\t\t\t\t<\/div>\n\t\t\t\t<\/div>\n\t\t<div class=\"elementor-element elementor-element-dbab8ba e-con-full e-flex e-con e-child\" data-id=\"dbab8ba\" data-element_type=\"container\" data-e-type=\"container\">\n\t\t\t\t<div class=\"elementor-element elementor-element-040af09 elementor-widget elementor-widget-image\" data-id=\"040af09\" data-element_type=\"widget\" data-e-type=\"widget\" data-widget_type=\"image.default\">\n\t\t\t\t\t\t\t\t\t\t\t\t\t\t\t\t<a href=\"https:\/\/www.iberfar.pt\" target=\"_blank\" rel=\"noopener\">\n\t\t\t\t\t\t\t<img decoding=\"async\" width=\"1200\" height=\"361\" src=\"https:\/\/ferrazlynce.pt\/wp-content\/uploads\/2025\/10\/Logo-Iberfar-cores.webp\" class=\"attachment-full size-full wp-image-177\" alt=\"Logo Iberfar cores\" srcset=\"https:\/\/ferrazlynce.pt\/wp-content\/uploads\/2025\/10\/Logo-Iberfar-cores.webp 1200w, https:\/\/ferrazlynce.pt\/wp-content\/uploads\/2025\/10\/Logo-Iberfar-cores-300x90.webp 300w, https:\/\/ferrazlynce.pt\/wp-content\/uploads\/2025\/10\/Logo-Iberfar-cores-1024x308.webp 1024w, https:\/\/ferrazlynce.pt\/wp-content\/uploads\/2025\/10\/Logo-Iberfar-cores-768x231.webp 768w\" sizes=\"(max-width: 1200px) 100vw, 1200px\" \/>\t\t\t\t\t\t\t\t<\/a>\n\t\t\t\t\t\t\t\t\t\t\t\t\t\t\t<\/div>\n\t\t\t\t<\/div>\n\t\t<div class=\"elementor-element elementor-element-8ba006a e-con-full e-flex e-con e-child\" data-id=\"8ba006a\" data-element_type=\"container\" data-e-type=\"container\">\n\t\t\t\t<div class=\"elementor-element elementor-element-9207355 elementor-widget elementor-widget-image\" data-id=\"9207355\" data-element_type=\"widget\" data-e-type=\"widget\" data-widget_type=\"image.default\">\n\t\t\t\t\t\t\t\t\t\t\t\t\t\t\t<img decoding=\"async\" width=\"1200\" height=\"361\" src=\"https:\/\/ferrazlynce.pt\/wp-content\/uploads\/2025\/10\/Logo-Agrovete.webp\" class=\"attachment-full size-full wp-image-174\" alt=\"\" srcset=\"https:\/\/ferrazlynce.pt\/wp-content\/uploads\/2025\/10\/Logo-Agrovete.webp 1200w, https:\/\/ferrazlynce.pt\/wp-content\/uploads\/2025\/10\/Logo-Agrovete-300x90.webp 300w, https:\/\/ferrazlynce.pt\/wp-content\/uploads\/2025\/10\/Logo-Agrovete-1024x308.webp 1024w, https:\/\/ferrazlynce.pt\/wp-content\/uploads\/2025\/10\/Logo-Agrovete-768x231.webp 768w\" sizes=\"(max-width: 1200px) 100vw, 1200px\" \/>\t\t\t\t\t\t\t\t\t\t\t\t\t\t\t<\/div>\n\t\t\t\t<\/div>\n\t\t\t\t\t<\/div>\n\t\t\t\t<\/div>\n\t\t<div class=\"elementor-element elementor-element-0ed7f80 e-flex e-con-boxed e-con e-parent\" data-id=\"0ed7f80\" data-element_type=\"container\" data-e-type=\"container\">\n\t\t\t\t\t<div class=\"e-con-inner\">\n\t\t<div class=\"elementor-element elementor-element-c0b9d1b e-con-full e-flex e-con e-child\" data-id=\"c0b9d1b\" data-element_type=\"container\" data-e-type=\"container\">\n\t\t\t\t<div class=\"elementor-element elementor-element-238bbbd elementor-widget elementor-widget-heading\" data-id=\"238bbbd\" data-element_type=\"widget\" data-e-type=\"widget\" data-widget_type=\"heading.default\">\n\t\t\t\t\t<h2 class=\"elementor-heading-title elementor-size-default\">Latest news<\/h2>\t\t\t\t<\/div>\n\t\t\t\t<\/div>\n\t\t\t\t\t<\/div>\n\t\t\t\t<\/div>\n\t\t<div class=\"elementor-element elementor-element-ade631d e-flex e-con-boxed e-con e-parent\" data-id=\"ade631d\" data-element_type=\"container\" data-e-type=\"container\">\n\t\t\t\t\t<div class=\"e-con-inner\">\n\t\t\t\t<div class=\"elementor-element elementor-element-cca0900 elementor-pagination-type-fraction elementor-skin-carousel elementor-arrows-yes elementor-pagination-position-outside elementor-widget elementor-widget-media-carousel\" data-id=\"cca0900\" data-element_type=\"widget\" data-e-type=\"widget\" data-settings=\"{&quot;pagination&quot;:&quot;fraction&quot;,&quot;slides_per_view&quot;:&quot;3&quot;,&quot;skin&quot;:&quot;carousel&quot;,&quot;effect&quot;:&quot;slide&quot;,&quot;show_arrows&quot;:&quot;yes&quot;,&quot;speed&quot;:500,&quot;loop&quot;:&quot;yes&quot;,&quot;space_between&quot;:{&quot;unit&quot;:&quot;px&quot;,&quot;size&quot;:10,&quot;sizes&quot;:[]},&quot;space_between_tablet&quot;:{&quot;unit&quot;:&quot;px&quot;,&quot;size&quot;:10,&quot;sizes&quot;:[]},&quot;space_between_mobile&quot;:{&quot;unit&quot;:&quot;px&quot;,&quot;size&quot;:10,&quot;sizes&quot;:[]}}\" data-widget_type=\"media-carousel.default\">\n\t\t\t\t\t\t\t\t\t\t<div class=\"elementor-main-swiper swiper\" role=\"region\" aria-roledescription=\"carousel\" aria-label=\"Slides\">\n\t\t\t\t<div class=\"swiper-wrapper\">\n\t\t\t\t\t\t\t\t\t\t\t<div class=\"swiper-slide\" role=\"group\" aria-roledescription=\"slide\">\n\t\t\t\t\t\t\t<a href=\"https:\/\/www.linkedin.com\/feed\/update\/urn:li:activity:7443397182415736833\" target=\"_blank\" rel=\"noopener\">\t\t<div class=\"elementor-carousel-image\" role=\"img\" aria-label=\"LKDN-mgf\" style=\"background-image: url(&#039;https:\/\/ferrazlynce.pt\/wp-content\/uploads\/2026\/03\/LKDN-mgf.webp&#039;)\">\n\n\t\t\t\n\t\t\t\t\t<\/div>\n\t\t<\/a>\t\t\t\t\t\t<\/div>\n\t\t\t\t\t\t\t\t\t\t\t<div class=\"swiper-slide\" role=\"group\" aria-roledescription=\"slide\">\n\t\t\t\t\t\t\t<a href=\"https:\/\/www.linkedin.com\/feed\/update\/urn:li:activity:7441810150925066240\" target=\"_blank\" rel=\"noopener\">\t\t<div class=\"elementor-carousel-image\" role=\"img\" aria-label=\"post-observador1\" style=\"background-image: url(&#039;https:\/\/ferrazlynce.pt\/wp-content\/uploads\/2026\/03\/post-observador1.webp&#039;)\">\n\n\t\t\t\n\t\t\t\t\t<\/div>\n\t\t<\/a>\t\t\t\t\t\t<\/div>\n\t\t\t\t\t\t\t\t\t\t\t<div class=\"swiper-slide\" role=\"group\" aria-roledescription=\"slide\">\n\t\t\t\t\t\t\t<a href=\"https:\/\/www.linkedin.com\/feed\/update\/urn:li:activity:7433472075379552256\" target=\"_blank\" rel=\"noopener\">\t\t<div class=\"elementor-carousel-image\" role=\"img\" aria-label=\"post-RDD\" style=\"background-image: url(&#039;https:\/\/ferrazlynce.pt\/wp-content\/uploads\/2026\/03\/post-RDD.webp&#039;)\">\n\n\t\t\t\n\t\t\t\t\t<\/div>\n\t\t<\/a>\t\t\t\t\t\t<\/div>\n\t\t\t\t\t\t\t\t\t\t\t<div class=\"swiper-slide\" role=\"group\" aria-roledescription=\"slide\">\n\t\t\t\t\t\t\t<a href=\"https:\/\/www.linkedin.com\/feed\/update\/urn:li:activity:7424098816011862018\" target=\"_blank\" rel=\"noopener\">\t\t<div class=\"elementor-carousel-image\" role=\"img\" aria-label=\"LKDN-astor\" style=\"background-image: url(&#039;https:\/\/ferrazlynce.pt\/wp-content\/uploads\/2026\/03\/LKDN-astor.webp&#039;)\">\n\n\t\t\t\n\t\t\t\t\t<\/div>\n\t\t<\/a>\t\t\t\t\t\t<\/div>\n\t\t\t\t\t\t\t\t\t\t\t<div class=\"swiper-slide\" role=\"group\" aria-roledescription=\"slide\">\n\t\t\t\t\t\t\t<a href=\"https:\/\/www.linkedin.com\/feed\/update\/urn:li:activity:7424098816011862018\" target=\"_blank\" rel=\"noopener\">\t\t<div class=\"elementor-carousel-image\" role=\"img\" aria-label=\"ASTOR\" style=\"background-image: url(&#039;https:\/\/ferrazlynce.pt\/wp-content\/uploads\/2026\/02\/ASTOR.webp&#039;)\">\n\n\t\t\t\n\t\t\t\t\t<\/div>\n\t\t<\/a>\t\t\t\t\t\t<\/div>\n\t\t\t\t\t\t\t\t\t\t\t<div class=\"swiper-slide\" role=\"group\" aria-roledescription=\"slide\">\n\t\t\t\t\t\t\t<a href=\"https:\/\/www.linkedin.com\/feed\/update\/urn:li:activity:7416824376269991936\" target=\"_blank\" rel=\"noopener\">\t\t<div class=\"elementor-carousel-image\" role=\"img\" aria-label=\"RC 1\u00baciclo\" style=\"background-image: url(&#039;https:\/\/ferrazlynce.pt\/wp-content\/uploads\/2026\/01\/RC-1ociclo.webp&#039;)\">\n\n\t\t\t\n\t\t\t\t\t<\/div>\n\t\t<\/a>\t\t\t\t\t\t<\/div>\n\t\t\t\t\t\t\t\t\t\t\t<div class=\"swiper-slide\" role=\"group\" aria-roledescription=\"slide\">\n\t\t\t\t\t\t\t<a href=\"https:\/\/www.linkedin.com\/feed\/update\/urn:li:activity:7408801110095904768\" target=\"_blank\" rel=\"noopener\">\t\t<div class=\"elementor-carousel-image\" role=\"img\" aria-label=\"LKDN-natal\" style=\"background-image: url(&#039;https:\/\/ferrazlynce.pt\/wp-content\/uploads\/2025\/12\/LKDN-natal.webp&#039;)\">\n\n\t\t\t\n\t\t\t\t\t<\/div>\n\t\t<\/a>\t\t\t\t\t\t<\/div>\n\t\t\t\t\t\t\t\t\t\t\t<div class=\"swiper-slide\" role=\"group\" aria-roledescription=\"slide\">\n\t\t\t\t\t\t\t<a href=\"https:\/\/www.linkedin.com\/feed\/update\/urn:li:activity:7407806333413924866\" target=\"_blank\" rel=\"noopener\">\t\t<div class=\"elementor-carousel-image\" role=\"img\" aria-label=\"LKDN-festanatal\" style=\"background-image: url(&#039;https:\/\/ferrazlynce.pt\/wp-content\/uploads\/2025\/12\/LKDN-festanatal.webp&#039;)\">\n\n\t\t\t\n\t\t\t\t\t<\/div>\n\t\t<\/a>\t\t\t\t\t\t<\/div>\n\t\t\t\t\t\t\t\t\t\t\t<div class=\"swiper-slide\" role=\"group\" aria-roledescription=\"slide\">\n\t\t\t\t\t\t\t<a href=\"https:\/\/www.linkedin.com\/feed\/update\/urn:li:activity:7396966432703430656\" target=\"_blank\" rel=\"noopener\">\t\t<div class=\"elementor-carousel-image\" role=\"img\" aria-label=\"LKDN-jornadas\" style=\"background-image: url(&#039;https:\/\/ferrazlynce.pt\/wp-content\/uploads\/2025\/11\/LKDN-jornadas.webp&#039;)\">\n\n\t\t\t\n\t\t\t\t\t<\/div>\n\t\t<\/a>\t\t\t\t\t\t<\/div>\n\t\t\t\t\t\t\t\t\t\t\t<div class=\"swiper-slide\" role=\"group\" aria-roledescription=\"slide\">\n\t\t\t\t\t\t\t<a href=\"https:\/\/www.linkedin.com\/feed\/update\/urn:li:activity:7390003941951967234\" target=\"_blank\" rel=\"noopener\">\t\t<div class=\"elementor-carousel-image\" role=\"img\" aria-label=\"LKDN-cphi25\" style=\"background-image: url(&#039;https:\/\/ferrazlynce.pt\/wp-content\/uploads\/2025\/11\/LKDN-cphi25.webp&#039;)\">\n\n\t\t\t\n\t\t\t\t\t<\/div>\n\t\t<\/a>\t\t\t\t\t\t<\/div>\n\t\t\t\t\t\t\t\t\t<\/div>\n\t\t\t\t\t\t\t\t\t\t\t\t\t\t\t<div class=\"elementor-swiper-button elementor-swiper-button-prev\" role=\"button\" tabindex=\"0\" aria-label=\"Previous\">\n\t\t\t\t\t\t\t<svg aria-hidden=\"true\" class=\"e-font-icon-svg e-eicon-chevron-left\" viewbox=\"0 0 1000 1000\" xmlns=\"http:\/\/www.w3.org\/2000\/svg\"><path d=\"M646 125C629 125 613 133 604 142L308 442C296 454 292 471 292 487 292 504 296 521 308 533L604 854C617 867 629 875 646 875 663 875 679 871 692 858 704 846 713 829 713 812 713 796 708 779 692 767L438 487 692 225C700 217 708 204 708 187 708 171 704 154 692 142 675 129 663 125 646 125Z\"><\/path><\/svg>\t\t\t\t\t\t<\/div>\n\t\t\t\t\t\t<div class=\"elementor-swiper-button elementor-swiper-button-next\" role=\"button\" tabindex=\"0\" aria-label=\"Next\">\n\t\t\t\t\t\t\t<svg aria-hidden=\"true\" class=\"e-font-icon-svg e-eicon-chevron-right\" viewbox=\"0 0 1000 1000\" xmlns=\"http:\/\/www.w3.org\/2000\/svg\"><path d=\"M696 533C708 521 713 504 713 487 713 471 708 454 696 446L400 146C388 133 375 125 354 125 338 125 325 129 313 142 300 154 292 171 292 187 292 204 296 221 308 233L563 492 304 771C292 783 288 800 288 817 288 833 296 850 308 863 321 871 338 875 354 875 371 875 388 867 400 854L696 533Z\"><\/path><\/svg>\t\t\t\t\t\t<\/div>\n\t\t\t\t\t\t\t\t\t\t\t\t\t\t\t\t<div class=\"swiper-pagination\"><\/div>\n\t\t\t\t\t\t\t\t\t\t\t\t<\/div>\n\t\t\t\t\t\t\t\t<\/div>\n\t\t\t\t\t<\/div>\n\t\t\t\t<\/div>\n\t\t<div class=\"elementor-element elementor-element-80a601f e-flex e-con-boxed e-con e-parent\" data-id=\"80a601f\" data-element_type=\"container\" data-e-type=\"container\">\n\t\t\t\t\t<div class=\"e-con-inner\">\n\t\t\t\t<div class=\"elementor-element elementor-element-3b0276a elementor-widget elementor-widget-spacer\" data-id=\"3b0276a\" data-element_type=\"widget\" data-e-type=\"widget\" data-widget_type=\"spacer.default\">\n\t\t\t\t\t\t\t<div class=\"elementor-spacer\">\n\t\t\t<div class=\"elementor-spacer-inner\"><\/div>\n\t\t<\/div>\n\t\t\t\t\t\t<\/div>\n\t\t\t\t\t<\/div>\n\t\t\t\t<\/div>\n\t\t\t\t<\/div>","protected":false},"excerpt":{"rendered":"<p>Grupo Iberfar O Ferraz Lynce \u00e9 o bra\u00e7o comercial e a empresa mais antiga de um Grupo Farmac\u00eautico Portugu\u00eas privado, fundado em 1924, cujas atividades abrangem todas as \u00e1reas desta ind\u00fastria. Saber mais Os nossos produtos O Ferraz Lynce tem um portef\u00f3lio diversificado, direcionado para diferentes \u00e1reas terap\u00eauticas, sendo constitu\u00eddo por medicamentos sujeitos e n\u00e3o [&hellip;]<\/p>\n","protected":false},"author":1,"featured_media":0,"parent":0,"menu_order":0,"comment_status":"closed","ping_status":"closed","template":"","meta":{"footnotes":""},"class_list":["post-12","page","type-page","status-publish","hentry"],"_links":{"self":[{"href":"https:\/\/ferrazlynce.pt\/en\/wp-json\/wp\/v2\/pages\/12","targetHints":{"allow":["GET"]}}],"collection":[{"href":"https:\/\/ferrazlynce.pt\/en\/wp-json\/wp\/v2\/pages"}],"about":[{"href":"https:\/\/ferrazlynce.pt\/en\/wp-json\/wp\/v2\/types\/page"}],"author":[{"embeddable":true,"href":"https:\/\/ferrazlynce.pt\/en\/wp-json\/wp\/v2\/users\/1"}],"replies":[{"embeddable":true,"href":"https:\/\/ferrazlynce.pt\/en\/wp-json\/wp\/v2\/comments?post=12"}],"version-history":[{"count":139,"href":"https:\/\/ferrazlynce.pt\/en\/wp-json\/wp\/v2\/pages\/12\/revisions"}],"predecessor-version":[{"id":2130,"href":"https:\/\/ferrazlynce.pt\/en\/wp-json\/wp\/v2\/pages\/12\/revisions\/2130"}],"wp:attachment":[{"href":"https:\/\/ferrazlynce.pt\/en\/wp-json\/wp\/v2\/media?parent=12"}],"curies":[{"name":"wp","href":"https:\/\/api.w.org\/{rel}","templated":true}]}}