{"id":17,"date":"2025-10-01T16:56:44","date_gmt":"2025-10-01T16:56:44","guid":{"rendered":"https:\/\/ferrazlynce.pt\/?page_id=17"},"modified":"2025-12-02T18:02:23","modified_gmt":"2025-12-02T18:02:23","slug":"produtos","status":"publish","type":"page","link":"https:\/\/ferrazlynce.pt\/en\/produtos\/","title":{"rendered":"Products"},"content":{"rendered":"<div data-elementor-type=\"wp-page\" data-elementor-id=\"17\" class=\"elementor elementor-17\" data-elementor-post-type=\"page\">\n\t\t\t\t<div class=\"elementor-element elementor-element-1432d0c e-con-full e-flex e-con e-parent\" data-id=\"1432d0c\" data-element_type=\"container\" data-e-type=\"container\" data-settings=\"{&quot;background_background&quot;:&quot;classic&quot;}\">\n\t\t\t\t<div class=\"elementor-element elementor-element-f6ead8f elementor-widget elementor-widget-heading\" data-id=\"f6ead8f\" data-element_type=\"widget\" data-e-type=\"widget\" data-widget_type=\"heading.default\">\n\t\t\t\t\t<h2 class=\"elementor-heading-title elementor-size-default\">Product portfolio<\/h2>\t\t\t\t<\/div>\n\t\t\t\t<\/div>\n\t\t<div class=\"elementor-element elementor-element-dca0555 e-con-full e-flex e-con e-parent\" data-id=\"dca0555\" data-element_type=\"container\" data-e-type=\"container\">\n\t\t<div class=\"elementor-element elementor-element-1e164c8 e-con-full e-flex e-con e-child\" data-id=\"1e164c8\" data-element_type=\"container\" data-e-type=\"container\">\n\t\t\t\t<div class=\"elementor-element elementor-element-fab2b87 elementor-widget elementor-widget-text-editor\" data-id=\"fab2b87\" data-element_type=\"widget\" data-e-type=\"widget\" data-widget_type=\"text-editor.default\">\n\t\t\t\t\t\t\t\t\t<p>Our portfolio includes prescription medicines, OTC products and other health products.<br \/>By manufacturing, marketing and promoting effective and safe medicines, we strive to improve the quality of life of patients and provide a high level of satisfaction to all our partners and clients.<\/p>\t\t\t\t\t\t\t\t<\/div>\n\t\t<div class=\"elementor-element elementor-element-7d64453 e-con-full e-flex e-con e-child\" data-id=\"7d64453\" data-element_type=\"container\" data-e-type=\"container\">\n\t\t<div class=\"elementor-element elementor-element-f884787 e-flex e-con-boxed e-con e-child\" data-id=\"f884787\" data-element_type=\"container\" data-e-type=\"container\">\n\t\t\t\t\t<div class=\"e-con-inner\">\n\t\t<div class=\"elementor-element elementor-element-686e7a5 e-con-full e-flex e-con e-child\" data-id=\"686e7a5\" data-element_type=\"container\" data-e-type=\"container\" data-settings=\"{&quot;background_background&quot;:&quot;classic&quot;}\">\n\t\t\t\t<div class=\"elementor-element elementor-element-ca941f4 elementor-align-justify elementor-mobile-align-justify elementor-widget elementor-widget-button\" data-id=\"ca941f4\" data-element_type=\"widget\" data-e-type=\"widget\" data-widget_type=\"button.default\">\n\t\t\t\t\t\t\t\t\t\t<a class=\"elementor-button elementor-button-link elementor-size-sm\" href=\"#marcas\">\n\t\t\t\t\t\t<span class=\"elementor-button-content-wrapper\">\n\t\t\t\t\t\t\t\t\t<span class=\"elementor-button-text\">Brands<\/span>\n\t\t\t\t\t<\/span>\n\t\t\t\t\t<\/a>\n\t\t\t\t\t\t\t\t<\/div>\n\t\t\t\t<\/div>\n\t\t\t\t\t<\/div>\n\t\t\t\t<\/div>\n\t\t<div class=\"elementor-element elementor-element-b05daa9 e-con-full e-flex e-con e-child\" data-id=\"b05daa9\" data-element_type=\"container\" data-e-type=\"container\">\n\t\t<div class=\"elementor-element elementor-element-d729788 e-con-full e-flex e-con e-child\" data-id=\"d729788\" data-element_type=\"container\" data-e-type=\"container\" data-settings=\"{&quot;background_background&quot;:&quot;classic&quot;}\">\n\t\t\t\t<div class=\"elementor-element elementor-element-5a72b27 elementor-align-justify elementor-mobile-align-justify elementor-widget elementor-widget-button\" data-id=\"5a72b27\" data-element_type=\"widget\" data-e-type=\"widget\" data-widget_type=\"button.default\">\n\t\t\t\t\t\t\t\t\t\t<a class=\"elementor-button elementor-button-link elementor-size-sm\" href=\"#areasterapeuticas\">\n\t\t\t\t\t\t<span class=\"elementor-button-content-wrapper\">\n\t\t\t\t\t\t\t\t\t<span class=\"elementor-button-text\">Areas<\/span>\n\t\t\t\t\t<\/span>\n\t\t\t\t\t<\/a>\n\t\t\t\t\t\t\t\t<\/div>\n\t\t\t\t<\/div>\n\t\t\t\t<\/div>\n\t\t\t\t<\/div>\n\t\t\t\t<\/div>\n\t\t\t\t<\/div>\n\t\t<div class=\"elementor-element elementor-element-33d6fdb e-con-full e-flex e-con e-parent\" data-id=\"33d6fdb\" data-element_type=\"container\" data-e-type=\"container\" data-settings=\"{&quot;background_background&quot;:&quot;classic&quot;}\">\n\t\t<div class=\"elementor-element elementor-element-23cdbb7 e-con-full e-flex e-con e-child\" data-id=\"23cdbb7\" data-element_type=\"container\" data-e-type=\"container\">\n\t\t\t\t<div class=\"elementor-element elementor-element-7089cf8 elementor-widget elementor-widget-menu-anchor\" data-id=\"7089cf8\" data-element_type=\"widget\" data-e-type=\"widget\" data-widget_type=\"menu-anchor.default\">\n\t\t\t\t\t\t\t<div class=\"elementor-menu-anchor\" id=\"marcas\"><\/div>\n\t\t\t\t\t\t<\/div>\n\t\t\t\t<div class=\"elementor-element elementor-element-45816f2 elementor-widget elementor-widget-heading\" data-id=\"45816f2\" data-element_type=\"widget\" data-e-type=\"widget\" data-widget_type=\"heading.default\">\n\t\t\t\t\t<h2 class=\"elementor-heading-title elementor-size-default\">Our brands<\/h2>\t\t\t\t<\/div>\n\t\t<div class=\"elementor-element elementor-element-f2768de e-grid e-con-full e-con e-child\" data-id=\"f2768de\" data-element_type=\"container\" data-e-type=\"container\">\n\t\t\t\t<div class=\"elementor-element elementor-element-4b5f1d3 elementor-widget elementor-widget-image\" data-id=\"4b5f1d3\" data-element_type=\"widget\" data-e-type=\"widget\" data-widget_type=\"image.default\">\n\t\t\t\t\t\t\t\t\t\t\t\t\t\t\t\t<a href=\"https:\/\/ferrazlynce.pt\/en\/aftum\/\">\n\t\t\t\t\t\t\t<img fetchpriority=\"high\" decoding=\"async\" width=\"700\" height=\"700\" src=\"https:\/\/ferrazlynce.pt\/wp-content\/uploads\/2025\/10\/aftum.webp\" class=\"attachment-full size-full wp-image-346\" alt=\"\" srcset=\"https:\/\/ferrazlynce.pt\/wp-content\/uploads\/2025\/10\/aftum.webp 700w, https:\/\/ferrazlynce.pt\/wp-content\/uploads\/2025\/10\/aftum-300x300.webp 300w, https:\/\/ferrazlynce.pt\/wp-content\/uploads\/2025\/10\/aftum-150x150.webp 150w\" sizes=\"(max-width: 700px) 100vw, 700px\" \/>\t\t\t\t\t\t\t\t<\/a>\n\t\t\t\t\t\t\t\t\t\t\t\t\t\t\t<\/div>\n\t\t\t\t<div class=\"elementor-element elementor-element-db5c786 elementor-widget elementor-widget-image\" data-id=\"db5c786\" data-element_type=\"widget\" data-e-type=\"widget\" data-widget_type=\"image.default\">\n\t\t\t\t\t\t\t\t\t\t\t\t\t\t\t\t<a href=\"https:\/\/ferrazlynce.pt\/en\/dentispray\/\">\n\t\t\t\t\t\t\t<img decoding=\"async\" width=\"700\" height=\"700\" src=\"https:\/\/ferrazlynce.pt\/wp-content\/uploads\/2025\/10\/dentispray.webp\" class=\"attachment-full size-full wp-image-347\" alt=\"\" srcset=\"https:\/\/ferrazlynce.pt\/wp-content\/uploads\/2025\/10\/dentispray.webp 700w, https:\/\/ferrazlynce.pt\/wp-content\/uploads\/2025\/10\/dentispray-300x300.webp 300w, https:\/\/ferrazlynce.pt\/wp-content\/uploads\/2025\/10\/dentispray-150x150.webp 150w\" sizes=\"(max-width: 700px) 100vw, 700px\" \/>\t\t\t\t\t\t\t\t<\/a>\n\t\t\t\t\t\t\t\t\t\t\t\t\t\t\t<\/div>\n\t\t\t\t<div class=\"elementor-element elementor-element-2a01418 elementor-widget elementor-widget-image\" data-id=\"2a01418\" data-element_type=\"widget\" data-e-type=\"widget\" data-widget_type=\"image.default\">\n\t\t\t\t\t\t\t\t\t\t\t\t\t\t\t\t<a href=\"https:\/\/ferrazlynce.pt\/en\/doculyse\/\">\n\t\t\t\t\t\t\t<img decoding=\"async\" width=\"700\" height=\"700\" src=\"https:\/\/ferrazlynce.pt\/wp-content\/uploads\/2025\/10\/doculyse.webp\" class=\"attachment-full size-full wp-image-348\" alt=\"\" srcset=\"https:\/\/ferrazlynce.pt\/wp-content\/uploads\/2025\/10\/doculyse.webp 700w, https:\/\/ferrazlynce.pt\/wp-content\/uploads\/2025\/10\/doculyse-300x300.webp 300w, https:\/\/ferrazlynce.pt\/wp-content\/uploads\/2025\/10\/doculyse-150x150.webp 150w\" sizes=\"(max-width: 700px) 100vw, 700px\" \/>\t\t\t\t\t\t\t\t<\/a>\n\t\t\t\t\t\t\t\t\t\t\t\t\t\t\t<\/div>\n\t\t\t\t<div class=\"elementor-element elementor-element-cba9586 elementor-widget elementor-widget-image\" data-id=\"cba9586\" data-element_type=\"widget\" data-e-type=\"widget\" data-widget_type=\"image.default\">\n\t\t\t\t\t\t\t\t\t\t\t\t\t\t\t\t<a href=\"https:\/\/ferrazlynce.pt\/en\/ekice-imuno\/\">\n\t\t\t\t\t\t\t<img loading=\"lazy\" decoding=\"async\" width=\"700\" height=\"700\" src=\"https:\/\/ferrazlynce.pt\/wp-content\/uploads\/2025\/10\/ekiceimunomais.webp\" class=\"attachment-full size-full wp-image-349\" alt=\"\" srcset=\"https:\/\/ferrazlynce.pt\/wp-content\/uploads\/2025\/10\/ekiceimunomais.webp 700w, https:\/\/ferrazlynce.pt\/wp-content\/uploads\/2025\/10\/ekiceimunomais-300x300.webp 300w, https:\/\/ferrazlynce.pt\/wp-content\/uploads\/2025\/10\/ekiceimunomais-150x150.webp 150w\" sizes=\"(max-width: 700px) 100vw, 700px\" \/>\t\t\t\t\t\t\t\t<\/a>\n\t\t\t\t\t\t\t\t\t\t\t\t\t\t\t<\/div>\n\t\t\t\t<div class=\"elementor-element elementor-element-d3891d2 elementor-widget elementor-widget-image\" data-id=\"d3891d2\" data-element_type=\"widget\" data-e-type=\"widget\" data-widget_type=\"image.default\">\n\t\t\t\t\t\t\t\t\t\t\t\t\t\t\t\t<a href=\"https:\/\/ferrazlynce.pt\/en\/ellura\/\">\n\t\t\t\t\t\t\t<img loading=\"lazy\" decoding=\"async\" width=\"700\" height=\"700\" src=\"https:\/\/ferrazlynce.pt\/wp-content\/uploads\/2025\/10\/ellura.webp\" class=\"attachment-full size-full wp-image-350\" alt=\"\" srcset=\"https:\/\/ferrazlynce.pt\/wp-content\/uploads\/2025\/10\/ellura.webp 700w, https:\/\/ferrazlynce.pt\/wp-content\/uploads\/2025\/10\/ellura-300x300.webp 300w, https:\/\/ferrazlynce.pt\/wp-content\/uploads\/2025\/10\/ellura-150x150.webp 150w\" sizes=\"(max-width: 700px) 100vw, 700px\" \/>\t\t\t\t\t\t\t\t<\/a>\n\t\t\t\t\t\t\t\t\t\t\t\t\t\t\t<\/div>\n\t\t\t\t<div class=\"elementor-element elementor-element-1f26a49 elementor-widget elementor-widget-image\" data-id=\"1f26a49\" data-element_type=\"widget\" data-e-type=\"widget\" data-widget_type=\"image.default\">\n\t\t\t\t\t\t\t\t\t\t\t\t\t\t\t\t<a href=\"https:\/\/ferrazlynce.pt\/en\/laevolac\/\">\n\t\t\t\t\t\t\t<img loading=\"lazy\" decoding=\"async\" width=\"700\" height=\"700\" src=\"https:\/\/ferrazlynce.pt\/wp-content\/uploads\/2025\/10\/laevolac.webp\" class=\"attachment-full size-full wp-image-351\" alt=\"\" srcset=\"https:\/\/ferrazlynce.pt\/wp-content\/uploads\/2025\/10\/laevolac.webp 700w, https:\/\/ferrazlynce.pt\/wp-content\/uploads\/2025\/10\/laevolac-300x300.webp 300w, https:\/\/ferrazlynce.pt\/wp-content\/uploads\/2025\/10\/laevolac-150x150.webp 150w\" sizes=\"(max-width: 700px) 100vw, 700px\" \/>\t\t\t\t\t\t\t\t<\/a>\n\t\t\t\t\t\t\t\t\t\t\t\t\t\t\t<\/div>\n\t\t\t\t<div class=\"elementor-element elementor-element-32fdd88 elementor-widget elementor-widget-image\" data-id=\"32fdd88\" data-element_type=\"widget\" data-e-type=\"widget\" data-widget_type=\"image.default\">\n\t\t\t\t\t\t\t\t\t\t\t\t\t\t\t\t<a href=\"https:\/\/ferrazlynce.pt\/en\/monopront\/\">\n\t\t\t\t\t\t\t<img loading=\"lazy\" decoding=\"async\" width=\"700\" height=\"700\" src=\"https:\/\/ferrazlynce.pt\/wp-content\/uploads\/2025\/10\/monopront.webp\" class=\"attachment-full size-full wp-image-352\" alt=\"\" srcset=\"https:\/\/ferrazlynce.pt\/wp-content\/uploads\/2025\/10\/monopront.webp 700w, https:\/\/ferrazlynce.pt\/wp-content\/uploads\/2025\/10\/monopront-300x300.webp 300w, https:\/\/ferrazlynce.pt\/wp-content\/uploads\/2025\/10\/monopront-150x150.webp 150w\" sizes=\"(max-width: 700px) 100vw, 700px\" \/>\t\t\t\t\t\t\t\t<\/a>\n\t\t\t\t\t\t\t\t\t\t\t\t\t\t\t<\/div>\n\t\t\t\t<div class=\"elementor-element elementor-element-e8db9c1 elementor-widget elementor-widget-image\" data-id=\"e8db9c1\" data-element_type=\"widget\" data-e-type=\"widget\" data-widget_type=\"image.default\">\n\t\t\t\t\t\t\t\t\t\t\t\t\t\t\t\t<a href=\"https:\/\/ferrazlynce.pt\/en\/nitromint\/\">\n\t\t\t\t\t\t\t<img loading=\"lazy\" decoding=\"async\" width=\"700\" height=\"700\" src=\"https:\/\/ferrazlynce.pt\/wp-content\/uploads\/2025\/10\/nitromint.webp\" class=\"attachment-full size-full wp-image-353\" alt=\"\" srcset=\"https:\/\/ferrazlynce.pt\/wp-content\/uploads\/2025\/10\/nitromint.webp 700w, https:\/\/ferrazlynce.pt\/wp-content\/uploads\/2025\/10\/nitromint-300x300.webp 300w, https:\/\/ferrazlynce.pt\/wp-content\/uploads\/2025\/10\/nitromint-150x150.webp 150w\" sizes=\"(max-width: 700px) 100vw, 700px\" \/>\t\t\t\t\t\t\t\t<\/a>\n\t\t\t\t\t\t\t\t\t\t\t\t\t\t\t<\/div>\n\t\t\t\t<div class=\"elementor-element elementor-element-00bbdbd elementor-widget elementor-widget-image\" data-id=\"00bbdbd\" data-element_type=\"widget\" data-e-type=\"widget\" data-widget_type=\"image.default\">\n\t\t\t\t\t\t\t\t\t\t\t\t\t\t\t\t<a href=\"https:\/\/ferrazlynce.pt\/en\/quies\/\">\n\t\t\t\t\t\t\t<img loading=\"lazy\" decoding=\"async\" width=\"700\" height=\"700\" src=\"https:\/\/ferrazlynce.pt\/wp-content\/uploads\/2025\/10\/quies.webp\" class=\"attachment-full size-full wp-image-354\" alt=\"\" srcset=\"https:\/\/ferrazlynce.pt\/wp-content\/uploads\/2025\/10\/quies.webp 700w, https:\/\/ferrazlynce.pt\/wp-content\/uploads\/2025\/10\/quies-300x300.webp 300w, https:\/\/ferrazlynce.pt\/wp-content\/uploads\/2025\/10\/quies-150x150.webp 150w\" sizes=\"(max-width: 700px) 100vw, 700px\" \/>\t\t\t\t\t\t\t\t<\/a>\n\t\t\t\t\t\t\t\t\t\t\t\t\t\t\t<\/div>\n\t\t\t\t<div class=\"elementor-element elementor-element-9f0dc9b elementor-widget elementor-widget-image\" data-id=\"9f0dc9b\" data-element_type=\"widget\" data-e-type=\"widget\" data-widget_type=\"image.default\">\n\t\t\t\t\t\t\t\t\t\t\t\t\t\t\t\t<a href=\"https:\/\/ferrazlynce.pt\/en\/treparin\/\">\n\t\t\t\t\t\t\t<img loading=\"lazy\" decoding=\"async\" width=\"700\" height=\"700\" src=\"https:\/\/ferrazlynce.pt\/wp-content\/uploads\/2025\/10\/treparin.webp\" class=\"attachment-full size-full wp-image-355\" alt=\"\" srcset=\"https:\/\/ferrazlynce.pt\/wp-content\/uploads\/2025\/10\/treparin.webp 700w, https:\/\/ferrazlynce.pt\/wp-content\/uploads\/2025\/10\/treparin-300x300.webp 300w, https:\/\/ferrazlynce.pt\/wp-content\/uploads\/2025\/10\/treparin-150x150.webp 150w\" sizes=\"(max-width: 700px) 100vw, 700px\" \/>\t\t\t\t\t\t\t\t<\/a>\n\t\t\t\t\t\t\t\t\t\t\t\t\t\t\t<\/div>\n\t\t\t\t<div class=\"elementor-element elementor-element-94e7ac7 elementor-widget elementor-widget-image\" data-id=\"94e7ac7\" data-element_type=\"widget\" data-e-type=\"widget\" data-widget_type=\"image.default\">\n\t\t\t\t\t\t\t\t\t\t\t\t\t\t\t\t<a href=\"https:\/\/ferrazlynce.pt\/en\/valseren\/\">\n\t\t\t\t\t\t\t<img loading=\"lazy\" decoding=\"async\" width=\"700\" height=\"700\" src=\"https:\/\/ferrazlynce.pt\/wp-content\/uploads\/2025\/10\/valseren.webp\" class=\"attachment-full size-full wp-image-356\" alt=\"\" srcset=\"https:\/\/ferrazlynce.pt\/wp-content\/uploads\/2025\/10\/valseren.webp 700w, https:\/\/ferrazlynce.pt\/wp-content\/uploads\/2025\/10\/valseren-300x300.webp 300w, https:\/\/ferrazlynce.pt\/wp-content\/uploads\/2025\/10\/valseren-150x150.webp 150w\" sizes=\"(max-width: 700px) 100vw, 700px\" \/>\t\t\t\t\t\t\t\t<\/a>\n\t\t\t\t\t\t\t\t\t\t\t\t\t\t\t<\/div>\n\t\t\t\t<\/div>\n\t\t\t\t<\/div>\n\t\t\t\t<\/div>\n\t\t<div class=\"elementor-element elementor-element-4d87977 e-con-full e-flex e-con e-parent\" data-id=\"4d87977\" data-element_type=\"container\" data-e-type=\"container\" data-settings=\"{&quot;background_background&quot;:&quot;classic&quot;}\">\n\t\t<div class=\"elementor-element elementor-element-c453441 e-con-full e-flex e-con e-child\" data-id=\"c453441\" data-element_type=\"container\" data-e-type=\"container\">\n\t\t\t\t<div class=\"elementor-element elementor-element-5571bcd elementor-widget elementor-widget-menu-anchor\" data-id=\"5571bcd\" data-element_type=\"widget\" data-e-type=\"widget\" data-widget_type=\"menu-anchor.default\">\n\t\t\t\t\t\t\t<div class=\"elementor-menu-anchor\" id=\"areasterapeuticas\"><\/div>\n\t\t\t\t\t\t<\/div>\n\t\t\t\t<div class=\"elementor-element elementor-element-72e957f elementor-widget elementor-widget-heading\" data-id=\"72e957f\" data-element_type=\"widget\" data-e-type=\"widget\" data-widget_type=\"heading.default\">\n\t\t\t\t\t<h2 class=\"elementor-heading-title elementor-size-default\">Areas<\/h2>\t\t\t\t<\/div>\n\t\t<div class=\"elementor-element elementor-element-4b0d15f e-grid e-con-full e-con e-child\" data-id=\"4b0d15f\" data-element_type=\"container\" data-e-type=\"container\">\n\t\t\t\t<div class=\"elementor-element elementor-element-21829a3 elementor-widget elementor-widget-image\" data-id=\"21829a3\" data-element_type=\"widget\" data-e-type=\"widget\" data-widget_type=\"image.default\">\n\t\t\t\t\t\t\t\t\t\t\t\t\t\t\t\t<a href=\"https:\/\/ferrazlynce.pt\/en\/antianginosos\/\">\n\t\t\t\t\t\t\t<img loading=\"lazy\" decoding=\"async\" width=\"700\" height=\"700\" src=\"https:\/\/ferrazlynce.pt\/wp-content\/uploads\/2025\/12\/antianginals.webp\" class=\"attachment-full size-full wp-image-376\" alt=\"\" srcset=\"https:\/\/ferrazlynce.pt\/wp-content\/uploads\/2025\/12\/antianginals.webp 700w, https:\/\/ferrazlynce.pt\/wp-content\/uploads\/2025\/12\/antianginals-300x300.webp 300w, https:\/\/ferrazlynce.pt\/wp-content\/uploads\/2025\/12\/antianginals-150x150.webp 150w, https:\/\/ferrazlynce.pt\/wp-content\/uploads\/2025\/12\/antianginals-12x12.webp 12w\" sizes=\"(max-width: 700px) 100vw, 700px\" \/>\t\t\t\t\t\t\t\t<\/a>\n\t\t\t\t\t\t\t\t\t\t\t\t\t\t\t<\/div>\n\t\t\t\t<div class=\"elementor-element elementor-element-c806514 elementor-widget elementor-widget-image\" data-id=\"c806514\" data-element_type=\"widget\" data-e-type=\"widget\" data-widget_type=\"image.default\">\n\t\t\t\t\t\t\t\t\t\t\t\t\t\t\t\t<a href=\"https:\/\/ferrazlynce.pt\/en\/anticoagulante\/\">\n\t\t\t\t\t\t\t<img loading=\"lazy\" decoding=\"async\" width=\"700\" height=\"700\" src=\"https:\/\/ferrazlynce.pt\/wp-content\/uploads\/2025\/12\/anticoagulant.webp\" class=\"attachment-full size-full wp-image-377\" alt=\"\" srcset=\"https:\/\/ferrazlynce.pt\/wp-content\/uploads\/2025\/12\/anticoagulant.webp 700w, https:\/\/ferrazlynce.pt\/wp-content\/uploads\/2025\/12\/anticoagulant-300x300.webp 300w, https:\/\/ferrazlynce.pt\/wp-content\/uploads\/2025\/12\/anticoagulant-150x150.webp 150w, https:\/\/ferrazlynce.pt\/wp-content\/uploads\/2025\/12\/anticoagulant-12x12.webp 12w\" sizes=\"(max-width: 700px) 100vw, 700px\" \/>\t\t\t\t\t\t\t\t<\/a>\n\t\t\t\t\t\t\t\t\t\t\t\t\t\t\t<\/div>\n\t\t\t\t<div class=\"elementor-element elementor-element-01087bd elementor-widget elementor-widget-image\" data-id=\"01087bd\" data-element_type=\"widget\" data-e-type=\"widget\" data-widget_type=\"image.default\">\n\t\t\t\t\t\t\t\t\t\t\t\t\t\t\t\t<a href=\"https:\/\/ferrazlynce.pt\/en\/cuidado-auricular\/\">\n\t\t\t\t\t\t\t<img loading=\"lazy\" decoding=\"async\" width=\"700\" height=\"700\" src=\"https:\/\/ferrazlynce.pt\/wp-content\/uploads\/2025\/12\/earcare.webp\" class=\"attachment-full size-full wp-image-378\" alt=\"\" srcset=\"https:\/\/ferrazlynce.pt\/wp-content\/uploads\/2025\/12\/earcare.webp 700w, https:\/\/ferrazlynce.pt\/wp-content\/uploads\/2025\/12\/earcare-300x300.webp 300w, https:\/\/ferrazlynce.pt\/wp-content\/uploads\/2025\/12\/earcare-150x150.webp 150w, https:\/\/ferrazlynce.pt\/wp-content\/uploads\/2025\/12\/earcare-12x12.webp 12w\" sizes=\"(max-width: 700px) 100vw, 700px\" \/>\t\t\t\t\t\t\t\t<\/a>\n\t\t\t\t\t\t\t\t\t\t\t\t\t\t\t<\/div>\n\t\t\t\t<div class=\"elementor-element elementor-element-da8b2a2 elementor-widget elementor-widget-image\" data-id=\"da8b2a2\" data-element_type=\"widget\" data-e-type=\"widget\" data-widget_type=\"image.default\">\n\t\t\t\t\t\t\t\t\t\t\t\t\t\t\t\t<a href=\"https:\/\/ferrazlynce.pt\/en\/higiene-e-saude-oral\/\">\n\t\t\t\t\t\t\t<img loading=\"lazy\" decoding=\"async\" width=\"700\" height=\"700\" src=\"https:\/\/ferrazlynce.pt\/wp-content\/uploads\/2025\/12\/oralhygiene.webp\" class=\"attachment-full size-full wp-image-379\" alt=\"\" srcset=\"https:\/\/ferrazlynce.pt\/wp-content\/uploads\/2025\/12\/oralhygiene.webp 700w, https:\/\/ferrazlynce.pt\/wp-content\/uploads\/2025\/12\/oralhygiene-300x300.webp 300w, https:\/\/ferrazlynce.pt\/wp-content\/uploads\/2025\/12\/oralhygiene-150x150.webp 150w, https:\/\/ferrazlynce.pt\/wp-content\/uploads\/2025\/12\/oralhygiene-12x12.webp 12w\" sizes=\"(max-width: 700px) 100vw, 700px\" \/>\t\t\t\t\t\t\t\t<\/a>\n\t\t\t\t\t\t\t\t\t\t\t\t\t\t\t<\/div>\n\t\t\t\t<div class=\"elementor-element elementor-element-6ceb396 elementor-widget elementor-widget-image\" data-id=\"6ceb396\" data-element_type=\"widget\" data-e-type=\"widget\" data-widget_type=\"image.default\">\n\t\t\t\t\t\t\t\t\t\t\t\t\t\t\t\t<a href=\"https:\/\/ferrazlynce.pt\/en\/infecoes-do-trato-urinario\/\">\n\t\t\t\t\t\t\t<img loading=\"lazy\" decoding=\"async\" width=\"700\" height=\"700\" src=\"https:\/\/ferrazlynce.pt\/wp-content\/uploads\/2025\/12\/urinary-infections.webp\" class=\"attachment-full size-full wp-image-380\" alt=\"\" srcset=\"https:\/\/ferrazlynce.pt\/wp-content\/uploads\/2025\/12\/urinary-infections.webp 700w, https:\/\/ferrazlynce.pt\/wp-content\/uploads\/2025\/12\/urinary-infections-300x300.webp 300w, https:\/\/ferrazlynce.pt\/wp-content\/uploads\/2025\/12\/urinary-infections-150x150.webp 150w, https:\/\/ferrazlynce.pt\/wp-content\/uploads\/2025\/12\/urinary-infections-12x12.webp 12w\" sizes=\"(max-width: 700px) 100vw, 700px\" \/>\t\t\t\t\t\t\t\t<\/a>\n\t\t\t\t\t\t\t\t\t\t\t\t\t\t\t<\/div>\n\t\t\t\t<div class=\"elementor-element elementor-element-e4a5d6a elementor-widget elementor-widget-image\" data-id=\"e4a5d6a\" data-element_type=\"widget\" data-e-type=\"widget\" data-widget_type=\"image.default\">\n\t\t\t\t\t\t\t\t\t\t\t\t\t\t\t\t<a href=\"https:\/\/ferrazlynce.pt\/en\/obstipacao\/\">\n\t\t\t\t\t\t\t<img loading=\"lazy\" decoding=\"async\" width=\"700\" height=\"700\" src=\"https:\/\/ferrazlynce.pt\/wp-content\/uploads\/2025\/12\/constipation.webp\" class=\"attachment-full size-full wp-image-381\" alt=\"\" srcset=\"https:\/\/ferrazlynce.pt\/wp-content\/uploads\/2025\/12\/constipation.webp 700w, https:\/\/ferrazlynce.pt\/wp-content\/uploads\/2025\/12\/constipation-300x300.webp 300w, https:\/\/ferrazlynce.pt\/wp-content\/uploads\/2025\/12\/constipation-150x150.webp 150w, https:\/\/ferrazlynce.pt\/wp-content\/uploads\/2025\/12\/constipation-12x12.webp 12w\" sizes=\"(max-width: 700px) 100vw, 700px\" \/>\t\t\t\t\t\t\t\t<\/a>\n\t\t\t\t\t\t\t\t\t\t\t\t\t\t\t<\/div>\n\t\t\t\t<div class=\"elementor-element elementor-element-7828bfe elementor-widget elementor-widget-image\" data-id=\"7828bfe\" data-element_type=\"widget\" data-e-type=\"widget\" data-widget_type=\"image.default\">\n\t\t\t\t\t\t\t\t\t\t\t\t\t\t\t\t<a href=\"https:\/\/ferrazlynce.pt\/en\/saude-e-bem-estar\/\">\n\t\t\t\t\t\t\t<img loading=\"lazy\" decoding=\"async\" width=\"700\" height=\"700\" src=\"https:\/\/ferrazlynce.pt\/wp-content\/uploads\/2025\/12\/healthandwellbeing.webp\" class=\"attachment-full size-full wp-image-375\" alt=\"\" srcset=\"https:\/\/ferrazlynce.pt\/wp-content\/uploads\/2025\/12\/healthandwellbeing.webp 700w, https:\/\/ferrazlynce.pt\/wp-content\/uploads\/2025\/12\/healthandwellbeing-300x300.webp 300w, https:\/\/ferrazlynce.pt\/wp-content\/uploads\/2025\/12\/healthandwellbeing-150x150.webp 150w, https:\/\/ferrazlynce.pt\/wp-content\/uploads\/2025\/12\/healthandwellbeing-12x12.webp 12w\" sizes=\"(max-width: 700px) 100vw, 700px\" \/>\t\t\t\t\t\t\t\t<\/a>\n\t\t\t\t\t\t\t\t\t\t\t\t\t\t\t<\/div>\n\t\t\t\t<\/div>\n\t\t\t\t<\/div>\n\t\t\t\t<\/div>\n\t\t\t\t<\/div>","protected":false},"excerpt":{"rendered":"<p>Portef\u00f3lio de Produtos Trabalhamos com produtos de prescri\u00e7\u00e3o m\u00e9dica, venda directa em farm\u00e1cia de OTC (MNSRM) e produtos de sa\u00fade.Fabricando, comercializando e promovendo medicamentos eficazes e seguros, esfor\u00e7amo-nos por melhorar a qualidade de vida dos pacientes, e proporcionar um elevado n\u00edvel de satisfa\u00e7\u00e3o a todos os nossos parceiros e clientes. Marcas \u00c1reas As nossas marcas [&hellip;]<\/p>\n","protected":false},"author":1,"featured_media":0,"parent":0,"menu_order":0,"comment_status":"closed","ping_status":"closed","template":"","meta":{"footnotes":""},"class_list":["post-17","page","type-page","status-publish","hentry"],"_links":{"self":[{"href":"https:\/\/ferrazlynce.pt\/en\/wp-json\/wp\/v2\/pages\/17","targetHints":{"allow":["GET"]}}],"collection":[{"href":"https:\/\/ferrazlynce.pt\/en\/wp-json\/wp\/v2\/pages"}],"about":[{"href":"https:\/\/ferrazlynce.pt\/en\/wp-json\/wp\/v2\/types\/page"}],"author":[{"embeddable":true,"href":"https:\/\/ferrazlynce.pt\/en\/wp-json\/wp\/v2\/users\/1"}],"replies":[{"embeddable":true,"href":"https:\/\/ferrazlynce.pt\/en\/wp-json\/wp\/v2\/comments?post=17"}],"version-history":[{"count":76,"href":"https:\/\/ferrazlynce.pt\/en\/wp-json\/wp\/v2\/pages\/17\/revisions"}],"predecessor-version":[{"id":1845,"href":"https:\/\/ferrazlynce.pt\/en\/wp-json\/wp\/v2\/pages\/17\/revisions\/1845"}],"wp:attachment":[{"href":"https:\/\/ferrazlynce.pt\/en\/wp-json\/wp\/v2\/media?parent=17"}],"curies":[{"name":"wp","href":"https:\/\/api.w.org\/{rel}","templated":true}]}}