{"id":18,"date":"2025-10-01T16:56:59","date_gmt":"2025-10-01T16:56:59","guid":{"rendered":"https:\/\/ferrazlynce.pt\/?page_id=18"},"modified":"2025-12-02T12:57:43","modified_gmt":"2025-12-02T12:57:43","slug":"canabis-medicinal","status":"publish","type":"page","link":"https:\/\/ferrazlynce.pt\/en\/canabis-medicinal\/","title":{"rendered":"Medical Cannabis"},"content":{"rendered":"<div data-elementor-type=\"wp-page\" data-elementor-id=\"18\" class=\"elementor elementor-18\" data-elementor-post-type=\"page\">\n\t\t\t\t<div class=\"elementor-element elementor-element-27cccf7 e-con-full e-flex e-con e-parent\" data-id=\"27cccf7\" data-element_type=\"container\" data-e-type=\"container\" data-settings=\"{&quot;background_background&quot;:&quot;classic&quot;}\">\n\t\t\t\t<\/div>\n\t\t<div class=\"elementor-element elementor-element-9b9b5f5 e-con-full e-flex e-con e-parent\" data-id=\"9b9b5f5\" data-element_type=\"container\" data-e-type=\"container\">\n\t\t<div class=\"elementor-element elementor-element-ce84329 e-con-full e-flex e-con e-child\" data-id=\"ce84329\" data-element_type=\"container\" data-e-type=\"container\">\n\t\t<div class=\"elementor-element elementor-element-d09cfad e-con-full e-flex e-con e-child\" data-id=\"d09cfad\" data-element_type=\"container\" data-e-type=\"container\">\n\t\t\t\t<div class=\"elementor-element elementor-element-0a3161e elementor-widget elementor-widget-heading\" data-id=\"0a3161e\" data-element_type=\"widget\" data-e-type=\"widget\" data-widget_type=\"heading.default\">\n\t\t\t\t\t<h2 class=\"elementor-heading-title elementor-size-default\">From seed to patient<\/h2>\t\t\t\t<\/div>\n\t\t\t\t<div class=\"elementor-element elementor-element-d8dca40 elementor-widget elementor-widget-text-editor\" data-id=\"d8dca40\" data-element_type=\"widget\" data-e-type=\"widget\" data-widget_type=\"text-editor.default\">\n\t\t\t\t\t\t\t\t\t<p>With the aim of developing an innovative project intended to enhance patients\u2019 quality of life, we combined the extensive pharmaceutical expertise of Ferraz Lynce and Iberfar with Agrovete\u2019s agricultural experience, giving rise to FAI Therapeutics.<\/p><p>At FAI Therapeutics, we offer innovative solutions for the medical cannabis market, with a range of products tailored to all needs.<\/p>\t\t\t\t\t\t\t\t<\/div>\n\t\t\t\t<div class=\"elementor-element elementor-element-b2b2431 elementor-mobile-align-center elementor-widget elementor-widget-button\" data-id=\"b2b2431\" data-element_type=\"widget\" data-e-type=\"widget\" data-widget_type=\"button.default\">\n\t\t\t\t\t\t\t\t\t\t<a class=\"elementor-button elementor-button-link elementor-size-sm\" href=\"https:\/\/fai-therapeutics.com\" target=\"_blank\" rel=\"noopener\">\n\t\t\t\t\t\t<span class=\"elementor-button-content-wrapper\">\n\t\t\t\t\t\t\t\t\t<span class=\"elementor-button-text\">Learn more<\/span>\n\t\t\t\t\t<\/span>\n\t\t\t\t\t<\/a>\n\t\t\t\t\t\t\t\t<\/div>\n\t\t\t\t<\/div>\n\t\t<div class=\"elementor-element elementor-element-fdff581 e-con-full e-flex e-con e-child\" data-id=\"fdff581\" data-element_type=\"container\" data-e-type=\"container\" data-settings=\"{&quot;background_background&quot;:&quot;classic&quot;}\">\n\t\t\t\t<\/div>\n\t\t\t\t<\/div>\n\t\t\t\t<\/div>\n\t\t\t\t<\/div>","protected":false},"excerpt":{"rendered":"<p>Da semente ao doente Com o objetivo de desenvolver um projeto disruptivo que visa melhorar a qualidade de vida dos doentes, ali\u00e1mos o vasto conhecimento da ind\u00fastria farmac\u00eautica que o Ferraz Lynce e o Iberfar det\u00eam, \u00e0 experi\u00eancia agr\u00edcola da Agrovete, nascendo assim a FAI Therapeutics. Na FAI Therapeutics oferecemos novas solu\u00e7\u00f5es para o mercado [&hellip;]<\/p>\n","protected":false},"author":1,"featured_media":0,"parent":0,"menu_order":0,"comment_status":"closed","ping_status":"closed","template":"","meta":{"footnotes":""},"class_list":["post-18","page","type-page","status-publish","hentry"],"_links":{"self":[{"href":"https:\/\/ferrazlynce.pt\/en\/wp-json\/wp\/v2\/pages\/18","targetHints":{"allow":["GET"]}}],"collection":[{"href":"https:\/\/ferrazlynce.pt\/en\/wp-json\/wp\/v2\/pages"}],"about":[{"href":"https:\/\/ferrazlynce.pt\/en\/wp-json\/wp\/v2\/types\/page"}],"author":[{"embeddable":true,"href":"https:\/\/ferrazlynce.pt\/en\/wp-json\/wp\/v2\/users\/1"}],"replies":[{"embeddable":true,"href":"https:\/\/ferrazlynce.pt\/en\/wp-json\/wp\/v2\/comments?post=18"}],"version-history":[{"count":22,"href":"https:\/\/ferrazlynce.pt\/en\/wp-json\/wp\/v2\/pages\/18\/revisions"}],"predecessor-version":[{"id":1809,"href":"https:\/\/ferrazlynce.pt\/en\/wp-json\/wp\/v2\/pages\/18\/revisions\/1809"}],"wp:attachment":[{"href":"https:\/\/ferrazlynce.pt\/en\/wp-json\/wp\/v2\/media?parent=18"}],"curies":[{"name":"wp","href":"https:\/\/api.w.org\/{rel}","templated":true}]}}