{"id":20,"date":"2025-10-01T16:57:24","date_gmt":"2025-10-01T16:57:24","guid":{"rendered":"https:\/\/ferrazlynce.pt\/?page_id=20"},"modified":"2025-12-02T13:15:56","modified_gmt":"2025-12-02T13:15:56","slug":"farmacovigilancia","status":"publish","type":"page","link":"https:\/\/ferrazlynce.pt\/en\/farmacovigilancia\/","title":{"rendered":"Pharmacovigilance"},"content":{"rendered":"<div data-elementor-type=\"wp-page\" data-elementor-id=\"20\" class=\"elementor elementor-20\" data-elementor-post-type=\"page\">\n\t\t\t\t<div class=\"elementor-element elementor-element-c98ce6b e-con-full e-flex e-con e-parent\" data-id=\"c98ce6b\" data-element_type=\"container\" data-e-type=\"container\" data-settings=\"{&quot;background_background&quot;:&quot;classic&quot;}\">\n\t\t\t\t<div class=\"elementor-element elementor-element-e10912c elementor-widget elementor-widget-heading\" data-id=\"e10912c\" data-element_type=\"widget\" data-e-type=\"widget\" data-widget_type=\"heading.default\">\n\t\t\t\t\t<h2 class=\"elementor-heading-title elementor-size-default\">Pharmacovigilance<\/h2>\t\t\t\t<\/div>\n\t\t\t\t<\/div>\n\t\t<div class=\"elementor-element elementor-element-59f39b4 e-con-full e-flex e-con e-parent\" data-id=\"59f39b4\" data-element_type=\"container\" data-e-type=\"container\">\n\t\t<div class=\"elementor-element elementor-element-7536877 e-con-full e-flex e-con e-child\" data-id=\"7536877\" data-element_type=\"container\" data-e-type=\"container\">\n\t\t<div class=\"elementor-element elementor-element-e33bc6a e-con-full e-flex e-con e-child\" data-id=\"e33bc6a\" data-element_type=\"container\" data-e-type=\"container\" data-settings=\"{&quot;background_background&quot;:&quot;classic&quot;}\">\n\t\t\t\t<\/div>\n\t\t<div class=\"elementor-element elementor-element-198062f e-con-full e-flex e-con e-child\" data-id=\"198062f\" data-element_type=\"container\" data-e-type=\"container\">\n\t\t\t\t<div class=\"elementor-element elementor-element-f9449dd elementor-widget elementor-widget-heading\" data-id=\"f9449dd\" data-element_type=\"widget\" data-e-type=\"widget\" data-widget_type=\"heading.default\">\n\t\t\t\t\t<h2 class=\"elementor-heading-title elementor-size-default\">Pharmacovigilance<\/h2>\t\t\t\t<\/div>\n\t\t\t\t<div class=\"elementor-element elementor-element-a7cbe89 elementor-widget elementor-widget-text-editor\" data-id=\"a7cbe89\" data-element_type=\"widget\" data-e-type=\"widget\" data-widget_type=\"text-editor.default\">\n\t\t\t\t\t\t\t\t\t<p>According to the WHO, pharmacovigilance is the science and activities relating to the detection, assessment, understanding and prevention of adverse effects or any other medicine-related problems.<br \/>In simple and comprehensive terms, pharmacovigilance is the science of medicine safety.<\/p>\t\t\t\t\t\t\t\t<\/div>\n\t\t\t\t<div class=\"elementor-element elementor-element-f161ab4 elementor-widget elementor-widget-heading\" data-id=\"f161ab4\" data-element_type=\"widget\" data-e-type=\"widget\" data-widget_type=\"heading.default\">\n\t\t\t\t\t<h2 class=\"elementor-heading-title elementor-size-default\">Reporting an adverse reaction<\/h2>\t\t\t\t<\/div>\n\t\t\t\t<div class=\"elementor-element elementor-element-773702c elementor-widget elementor-widget-text-editor\" data-id=\"773702c\" data-element_type=\"widget\" data-e-type=\"widget\" data-widget_type=\"text-editor.default\">\n\t\t\t\t\t\t\t\t\t<p>Report adverse reactions and any situation related to the use of medicines (e.g. drug interactions, administration errors, lack of treatment efficacy, pregnancy, etc.).<br \/>By reporting adverse reactions, you make medicines safer and help healthcare professionals make more informed therapeutic decisions. Reporting also contributes to better tailoring of treatment and helps prevent other patients from experiencing the same effects in the future.<\/p>\t\t\t\t\t\t\t\t<\/div>\n\t\t\t\t<\/div>\n\t\t\t\t<\/div>\n\t\t\t\t<\/div>\n\t\t<div class=\"elementor-element elementor-element-0823f18 e-con-full e-flex e-con e-parent\" data-id=\"0823f18\" data-element_type=\"container\" data-e-type=\"container\">\n\t\t<div class=\"elementor-element elementor-element-d40794f e-con-full e-flex e-con e-child\" data-id=\"d40794f\" data-element_type=\"container\" data-e-type=\"container\">\n\t\t<div class=\"elementor-element elementor-element-e6458e7 e-con-full e-flex e-con e-child\" data-id=\"e6458e7\" data-element_type=\"container\" data-e-type=\"container\">\n\t\t\t\t<div class=\"elementor-element elementor-element-405a655 elementor-widget elementor-widget-heading\" data-id=\"405a655\" data-element_type=\"widget\" data-e-type=\"widget\" data-widget_type=\"heading.default\">\n\t\t\t\t\t<h2 class=\"elementor-heading-title elementor-size-default\">How to notify?<\/h2>\t\t\t\t<\/div>\n\t\t\t\t<div class=\"elementor-element elementor-element-f2db155 elementor-widget elementor-widget-text-editor\" data-id=\"f2db155\" data-element_type=\"widget\" data-e-type=\"widget\" data-widget_type=\"text-editor.default\">\n\t\t\t\t\t\t\t\t\t<p>Whenever possible, the following information should be provided:<\/p><p style=\"padding-left: 40px;\">\u2022 Notifier Details<br \/>\u2022 Patient Details (initials, age and\/or sex)<br \/>\u2022 Suspected medicine(s) (brand name and active substance, batch number, dosage)<br \/>\u2022 Description of the adverse reaction(s)<\/p><p>If you wish to report an adverse reaction\/incident involving a Ferraz Lynce health product (such as a medicine, medical device or food supplement), please complete the form available below.<br \/>Se preferir poder\u00e1 contactar o Ferraz Lynce por email (farmacovigilancia@ferrazlynce.pt) ou poder\u00e1 ainda notificar rea\u00e7\u00f5es adversas\/efeitos indesej\u00e1veis de medicamentos diretamente no INFARMED Autoridade Nacional do Medicamento e Produtos de Sa\u00fade I.P. atrav\u00e9s do formul\u00e1rio disponibilizado no seu site: -&gt; <a href=\"https:\/\/forms.office.com\/e\/Tb8G8eqWkC\" target=\"_blank\" rel=\"noopener\">https:\/\/forms.office.com\/e\/Tb8G8eqWkC<\/a><\/p>\t\t\t\t\t\t\t\t<\/div>\n\t\t\t\t<\/div>\n\t\t\t\t<\/div>\n\t\t\t\t<\/div>\n\t\t\t\t<\/div>","protected":false},"excerpt":{"rendered":"<p>Farmacovigil\u00e2ncia A Farmacovigil\u00e2ncia Segundo a OMS, a farmacovigil\u00e2ncia \u00e9 a ci\u00eancia e a atividade relacionada com a dete\u00e7\u00e3o, avalia\u00e7\u00e3o, compreens\u00e3o e preven\u00e7\u00e3o de efeitos adversos ou qualquer outro poss\u00edvel problema relacionado com os medicamentos.De uma forma resumida e abrangente, farmacovigil\u00e2ncia \u00e9 a seguran\u00e7a do medicamento. Notificar um efeito adverso Notifique os efeitos adversos e qualquer [&hellip;]<\/p>\n","protected":false},"author":1,"featured_media":0,"parent":0,"menu_order":0,"comment_status":"closed","ping_status":"closed","template":"","meta":{"footnotes":""},"class_list":["post-20","page","type-page","status-publish","hentry"],"_links":{"self":[{"href":"https:\/\/ferrazlynce.pt\/en\/wp-json\/wp\/v2\/pages\/20","targetHints":{"allow":["GET"]}}],"collection":[{"href":"https:\/\/ferrazlynce.pt\/en\/wp-json\/wp\/v2\/pages"}],"about":[{"href":"https:\/\/ferrazlynce.pt\/en\/wp-json\/wp\/v2\/types\/page"}],"author":[{"embeddable":true,"href":"https:\/\/ferrazlynce.pt\/en\/wp-json\/wp\/v2\/users\/1"}],"replies":[{"embeddable":true,"href":"https:\/\/ferrazlynce.pt\/en\/wp-json\/wp\/v2\/comments?post=20"}],"version-history":[{"count":25,"href":"https:\/\/ferrazlynce.pt\/en\/wp-json\/wp\/v2\/pages\/20\/revisions"}],"predecessor-version":[{"id":1823,"href":"https:\/\/ferrazlynce.pt\/en\/wp-json\/wp\/v2\/pages\/20\/revisions\/1823"}],"wp:attachment":[{"href":"https:\/\/ferrazlynce.pt\/en\/wp-json\/wp\/v2\/media?parent=20"}],"curies":[{"name":"wp","href":"https:\/\/api.w.org\/{rel}","templated":true}]}}