{"id":21,"date":"2025-10-01T16:57:39","date_gmt":"2025-10-01T16:57:39","guid":{"rendered":"https:\/\/ferrazlynce.pt\/?page_id=21"},"modified":"2025-12-02T13:18:30","modified_gmt":"2025-12-02T13:18:30","slug":"new-business","status":"publish","type":"page","link":"https:\/\/ferrazlynce.pt\/en\/new-business\/","title":{"rendered":"New Business"},"content":{"rendered":"<div data-elementor-type=\"wp-page\" data-elementor-id=\"21\" class=\"elementor elementor-21\" data-elementor-post-type=\"page\">\n\t\t\t\t<div class=\"elementor-element elementor-element-4780f03 e-con-full e-flex e-con e-parent\" data-id=\"4780f03\" data-element_type=\"container\" data-e-type=\"container\" data-settings=\"{&quot;background_background&quot;:&quot;classic&quot;}\">\n\t\t\t\t<div class=\"elementor-element elementor-element-858d95a elementor-widget elementor-widget-heading\" data-id=\"858d95a\" data-element_type=\"widget\" data-e-type=\"widget\" data-widget_type=\"heading.default\">\n\t\t\t\t\t<h2 class=\"elementor-heading-title elementor-size-default\">New Business<\/h2>\t\t\t\t<\/div>\n\t\t\t\t<\/div>\n\t\t<div class=\"elementor-element elementor-element-3bf7e4d e-con-full e-flex e-con e-parent\" data-id=\"3bf7e4d\" data-element_type=\"container\" data-e-type=\"container\">\n\t\t<div class=\"elementor-element elementor-element-e54f35c e-con-full e-flex e-con e-child\" data-id=\"e54f35c\" data-element_type=\"container\" data-e-type=\"container\">\n\t\t\t\t<div class=\"elementor-element elementor-element-fde5a44 elementor-widget elementor-widget-text-editor\" data-id=\"fde5a44\" data-element_type=\"widget\" data-e-type=\"widget\" data-widget_type=\"text-editor.default\">\n\t\t\t\t\t\t\t\t\t<p>Ferraz Lynce is currently a recognised name in the pharmaceutical market in Portugal, standing out for the principles of Ethics, Rigour and Quality that guide all its activities. Becoming part of the IBERFAR Group \u2013 which brings more than a century of experience in the pharmaceutical field \u2013 further reinforces this identity and our commitment to excellence.<\/p><p>Fully aware that we operate in a highly sensitive sector, where public health and the well-being of the population outweigh commercial interests, we approach every project with a strong sense of responsibility and respect, especially in emerging therapeutic areas with major social relevance, such as medicinal cannabis.<\/p><p>The mutual trust built with our partners is reflected in the lasting nature and regular renewal of our contracts, resulting in tangible results and the creation of new collaborative opportunities. This shared vision is essential for the sustainable and ethical development of this new business area.<\/p><p>The Ferraz Lynce Business Development Department plays a central role in managing existing partnerships and in the ongoing identification and assessment of new opportunities, working closely with the various business units and functional departments of the IBERFAR Group.<\/p><p>When we identify an opportunity that aligns with the Group\u2019s portfolio, technical capabilities or strategic objectives, we commit the resources needed to ensure the success of each project.<\/p><p>We promote innovative projects \u2013 from research and development through to production, marketing and market access.<\/p><p>By adopting this vision, Ferraz Lynce stands as a solid and reliable partner in the expansion of responsible and sustainable businesses.<\/p><p>By nature and conviction, our attitude towards every partner is guided by <strong>the values of transparency, integrity, reliability, continuous communication and a long-term perspective.<\/strong><\/p>\t\t\t\t\t\t\t\t<\/div>\n\t\t\t\t<div class=\"elementor-element elementor-element-36a693b elementor-mobile-align-center elementor-widget elementor-widget-button\" data-id=\"36a693b\" data-element_type=\"widget\" data-e-type=\"widget\" data-widget_type=\"button.default\">\n\t\t\t\t\t\t\t\t\t\t<a class=\"elementor-button elementor-button-link elementor-size-sm\" href=\"https:\/\/ferrazlynce.pt\/en\/contactos\/\">\n\t\t\t\t\t\t<span class=\"elementor-button-content-wrapper\">\n\t\t\t\t\t\t\t\t\t<span class=\"elementor-button-text\">Contact us<\/span>\n\t\t\t\t\t<\/span>\n\t\t\t\t\t<\/a>\n\t\t\t\t\t\t\t\t<\/div>\n\t\t\t\t<\/div>\n\t\t\t\t<\/div>\n\t\t\t\t<\/div>","protected":false},"excerpt":{"rendered":"<p>New Business O Ferraz Lynce \u00e9 atualmente uma refer\u00eancia no mercado farmac\u00eautico em Portugal, destacando-se pelos princ\u00edpios de \u00c9tica, Rigor e Qualidade que norteiam toda a sua atividade. A integra\u00e7\u00e3o no Grupo IBERFAR \u2014 com mais de 100 anos de experi\u00eancia na ind\u00fastria farmac\u00eautica \u2014 refor\u00e7a esta identidade e compromisso com a excel\u00eancia. Conscientes de [&hellip;]<\/p>\n","protected":false},"author":1,"featured_media":0,"parent":0,"menu_order":0,"comment_status":"closed","ping_status":"closed","template":"","meta":{"footnotes":""},"class_list":["post-21","page","type-page","status-publish","hentry"],"_links":{"self":[{"href":"https:\/\/ferrazlynce.pt\/en\/wp-json\/wp\/v2\/pages\/21","targetHints":{"allow":["GET"]}}],"collection":[{"href":"https:\/\/ferrazlynce.pt\/en\/wp-json\/wp\/v2\/pages"}],"about":[{"href":"https:\/\/ferrazlynce.pt\/en\/wp-json\/wp\/v2\/types\/page"}],"author":[{"embeddable":true,"href":"https:\/\/ferrazlynce.pt\/en\/wp-json\/wp\/v2\/users\/1"}],"replies":[{"embeddable":true,"href":"https:\/\/ferrazlynce.pt\/en\/wp-json\/wp\/v2\/comments?post=21"}],"version-history":[{"count":28,"href":"https:\/\/ferrazlynce.pt\/en\/wp-json\/wp\/v2\/pages\/21\/revisions"}],"predecessor-version":[{"id":1826,"href":"https:\/\/ferrazlynce.pt\/en\/wp-json\/wp\/v2\/pages\/21\/revisions\/1826"}],"wp:attachment":[{"href":"https:\/\/ferrazlynce.pt\/en\/wp-json\/wp\/v2\/media?parent=21"}],"curies":[{"name":"wp","href":"https:\/\/api.w.org\/{rel}","templated":true}]}}