{"id":32,"date":"2025-10-01T16:59:46","date_gmt":"2025-10-01T16:59:46","guid":{"rendered":"https:\/\/ferrazlynce.pt\/?page_id=32"},"modified":"2025-12-02T12:36:32","modified_gmt":"2025-12-02T12:36:32","slug":"compromisso","status":"publish","type":"page","link":"https:\/\/ferrazlynce.pt\/en\/compromisso\/","title":{"rendered":"Commitment"},"content":{"rendered":"<div data-elementor-type=\"wp-page\" data-elementor-id=\"32\" class=\"elementor elementor-32\" data-elementor-post-type=\"page\">\n\t\t\t\t<div class=\"elementor-element elementor-element-08bbd9f e-con-full e-flex e-con e-parent\" data-id=\"08bbd9f\" data-element_type=\"container\" data-e-type=\"container\" data-settings=\"{&quot;background_background&quot;:&quot;classic&quot;}\">\n\t\t\t\t<div class=\"elementor-element elementor-element-f634522 elementor-widget elementor-widget-heading\" data-id=\"f634522\" data-element_type=\"widget\" data-e-type=\"widget\" data-widget_type=\"heading.default\">\n\t\t\t\t\t<h2 class=\"elementor-heading-title elementor-size-default\">Our commitment<\/h2>\t\t\t\t<\/div>\n\t\t\t\t<\/div>\n\t\t<div class=\"elementor-element elementor-element-1e0e91b e-con-full e-flex e-con e-parent\" data-id=\"1e0e91b\" data-element_type=\"container\" data-e-type=\"container\">\n\t\t<div class=\"elementor-element elementor-element-6c3538a e-con-full e-flex e-con e-child\" data-id=\"6c3538a\" data-element_type=\"container\" data-e-type=\"container\">\n\t\t\t\t<div class=\"elementor-element elementor-element-43875f0 elementor-widget elementor-widget-text-editor\" data-id=\"43875f0\" data-element_type=\"widget\" data-e-type=\"widget\" data-widget_type=\"text-editor.default\">\n\t\t\t\t\t\t\t\t\t<p>Since its foundation in 1924, Ferraz Lynce has dedicated its efforts to meeting customer needs, promoting health and contributing to a better society.<\/p><p>At Ferraz Lynce, we believe in a better future and in the value that can be created through collaboration with other organisations. We seek to foster and strengthen these relationships, enabling us to respond more effectively to the challenges and opportunities of the highly dynamic pharmaceutical market.<\/p><p>We prioritise partnerships in product licensing, manufacturing services and distribution with various international research-driven companies, maintaining long-standing relationships of trust with our clients.<\/p><p>Our portfolio includes prescription medicines, OTC products and other health products. By manufacturing, marketing and promoting effective and safe medicines, we strive to improve the quality of life of patients and provide a high level of satisfaction to all our partners and clients.<\/p><p>Ferraz Lynce is strongly committed to providing a wide range of products and services delivered with the highest levels of rigour and quality.<\/p>\t\t\t\t\t\t\t\t<\/div>\n\t\t<div class=\"elementor-element elementor-element-ff123a7 e-con-full e-flex e-con e-child\" data-id=\"ff123a7\" data-element_type=\"container\" data-e-type=\"container\">\n\t\t<div class=\"elementor-element elementor-element-c3c8dd6 e-con-full e-flex e-con e-child\" data-id=\"c3c8dd6\" data-element_type=\"container\" data-e-type=\"container\">\n\t\t\t\t<div class=\"elementor-element elementor-element-0de89d2 elementor-widget elementor-widget-image\" data-id=\"0de89d2\" data-element_type=\"widget\" data-e-type=\"widget\" data-widget_type=\"image.default\">\n\t\t\t\t\t\t\t\t\t\t\t\t\t\t\t<img fetchpriority=\"high\" decoding=\"async\" width=\"389\" height=\"329\" src=\"https:\/\/ferrazlynce.pt\/wp-content\/uploads\/2025\/10\/rigor.webp\" class=\"attachment-full size-full wp-image-259\" alt=\"\" srcset=\"https:\/\/ferrazlynce.pt\/wp-content\/uploads\/2025\/10\/rigor.webp 389w, https:\/\/ferrazlynce.pt\/wp-content\/uploads\/2025\/10\/rigor-300x254.webp 300w\" sizes=\"(max-width: 389px) 100vw, 389px\" \/>\t\t\t\t\t\t\t\t\t\t\t\t\t\t\t<\/div>\n\t\t\t\t<\/div>\n\t\t<div class=\"elementor-element elementor-element-79942c5 e-con-full e-flex e-con e-child\" data-id=\"79942c5\" data-element_type=\"container\" data-e-type=\"container\">\n\t\t\t\t<div class=\"elementor-element elementor-element-912eab8 elementor-widget elementor-widget-image\" data-id=\"912eab8\" data-element_type=\"widget\" data-e-type=\"widget\" data-widget_type=\"image.default\">\n\t\t\t\t\t\t\t\t\t\t\t\t\t\t\t<img decoding=\"async\" width=\"389\" height=\"329\" src=\"https:\/\/ferrazlynce.pt\/wp-content\/uploads\/2025\/10\/qualidade.webp\" class=\"attachment-full size-full wp-image-261\" alt=\"\" srcset=\"https:\/\/ferrazlynce.pt\/wp-content\/uploads\/2025\/10\/qualidade.webp 389w, https:\/\/ferrazlynce.pt\/wp-content\/uploads\/2025\/10\/qualidade-300x254.webp 300w\" sizes=\"(max-width: 389px) 100vw, 389px\" \/>\t\t\t\t\t\t\t\t\t\t\t\t\t\t\t<\/div>\n\t\t\t\t<\/div>\n\t\t<div class=\"elementor-element elementor-element-33319d1 e-con-full e-flex e-con e-child\" data-id=\"33319d1\" data-element_type=\"container\" data-e-type=\"container\">\n\t\t\t\t<div class=\"elementor-element elementor-element-a5262f6 elementor-widget elementor-widget-image\" data-id=\"a5262f6\" data-element_type=\"widget\" data-e-type=\"widget\" data-widget_type=\"image.default\">\n\t\t\t\t\t\t\t\t\t\t\t\t\t\t\t<img decoding=\"async\" width=\"389\" height=\"329\" src=\"https:\/\/ferrazlynce.pt\/wp-content\/uploads\/2025\/10\/garantia.webp\" class=\"attachment-full size-full wp-image-260\" alt=\"\" srcset=\"https:\/\/ferrazlynce.pt\/wp-content\/uploads\/2025\/10\/garantia.webp 389w, https:\/\/ferrazlynce.pt\/wp-content\/uploads\/2025\/10\/garantia-300x254.webp 300w\" sizes=\"(max-width: 389px) 100vw, 389px\" \/>\t\t\t\t\t\t\t\t\t\t\t\t\t\t\t<\/div>\n\t\t\t\t<\/div>\n\t\t\t\t<\/div>\n\t\t\t\t<\/div>\n\t\t\t\t<\/div>\n\t\t<div class=\"elementor-element elementor-element-29c7ddb e-con-full e-flex e-con e-parent\" data-id=\"29c7ddb\" data-element_type=\"container\" data-e-type=\"container\">\n\t\t<div class=\"elementor-element elementor-element-19723b7 e-con-full e-flex e-con e-child\" data-id=\"19723b7\" data-element_type=\"container\" data-e-type=\"container\" data-settings=\"{&quot;background_background&quot;:&quot;classic&quot;}\">\n\t\t<div class=\"elementor-element elementor-element-6a2a1e8 e-con-full e-flex e-con e-child\" data-id=\"6a2a1e8\" data-element_type=\"container\" data-e-type=\"container\" data-settings=\"{&quot;background_background&quot;:&quot;classic&quot;}\">\n\t\t\t\t<\/div>\n\t\t<div class=\"elementor-element elementor-element-7fb0f48 e-con-full e-flex e-con e-child\" data-id=\"7fb0f48\" data-element_type=\"container\" data-e-type=\"container\">\n\t\t\t\t<div class=\"elementor-element elementor-element-e10406c elementor-widget elementor-widget-heading\" data-id=\"e10406c\" data-element_type=\"widget\" data-e-type=\"widget\" data-widget_type=\"heading.default\">\n\t\t\t\t\t<h2 class=\"elementor-heading-title elementor-size-default\">Together, we build Ferraz Lynce<\/h2>\t\t\t\t<\/div>\n\t\t\t\t<div class=\"elementor-element elementor-element-0ea5d86 elementor-widget__width-initial elementor-widget elementor-widget-text-editor\" data-id=\"0ea5d86\" data-element_type=\"widget\" data-e-type=\"widget\" data-widget_type=\"text-editor.default\">\n\t\t\t\t\t\t\t\t\t<p>The team is essential. Our efforts to build a strong team rest on mutual respect and recognition, rigorous selection, regular guidance and a spirit of dedication and pride in the work we undertake.<\/p><p>At present, we have a younger internal team overall, while our sales team comprised of professionals with a wide range of ages and lengths of service. Diversity is deeply enriching. The integration of new employees has been supported by everyone\u2019s contribution.<\/p><p>Relying on a committed team that believes in the company\u2019s strategy is crucial to the success of the business. We are constantly adapting to market changes, innovating, and aiming to expand into international markets.<\/p>\t\t\t\t\t\t\t\t<\/div>\n\t\t\t\t<\/div>\n\t\t\t\t<\/div>\n\t\t\t\t<\/div>\n\t\t<div class=\"elementor-element elementor-element-2cedcf2 e-flex e-con-boxed e-con e-parent\" data-id=\"2cedcf2\" data-element_type=\"container\" data-e-type=\"container\">\n\t\t\t\t\t<div class=\"e-con-inner\">\n\t\t\t\t<div class=\"elementor-element elementor-element-711c875 elementor-widget elementor-widget-spacer\" data-id=\"711c875\" data-element_type=\"widget\" data-e-type=\"widget\" data-widget_type=\"spacer.default\">\n\t\t\t\t\t\t\t<div class=\"elementor-spacer\">\n\t\t\t<div class=\"elementor-spacer-inner\"><\/div>\n\t\t<\/div>\n\t\t\t\t\t\t<\/div>\n\t\t\t\t\t<\/div>\n\t\t\t\t<\/div>\n\t\t\t\t<\/div>","protected":false},"excerpt":{"rendered":"<p>O nosso compromisso O Ferraz Lynce \u00e9 uma empresa que, desde a sua funda\u00e7\u00e3o em 1924, dedica os seus esfor\u00e7os para procurar satisfazer os seus clientes, promovendo a sa\u00fade e contribuindo para uma sociedade melhor. No Ferraz Lynce acreditamos num futuro melhor e na cria\u00e7\u00e3o de valor resultante da colabora\u00e7\u00e3o com outras entidades. Procuramos fomentar [&hellip;]<\/p>\n","protected":false},"author":1,"featured_media":0,"parent":0,"menu_order":0,"comment_status":"closed","ping_status":"closed","template":"","meta":{"footnotes":""},"class_list":["post-32","page","type-page","status-publish","hentry"],"_links":{"self":[{"href":"https:\/\/ferrazlynce.pt\/en\/wp-json\/wp\/v2\/pages\/32","targetHints":{"allow":["GET"]}}],"collection":[{"href":"https:\/\/ferrazlynce.pt\/en\/wp-json\/wp\/v2\/pages"}],"about":[{"href":"https:\/\/ferrazlynce.pt\/en\/wp-json\/wp\/v2\/types\/page"}],"author":[{"embeddable":true,"href":"https:\/\/ferrazlynce.pt\/en\/wp-json\/wp\/v2\/users\/1"}],"replies":[{"embeddable":true,"href":"https:\/\/ferrazlynce.pt\/en\/wp-json\/wp\/v2\/comments?post=32"}],"version-history":[{"count":130,"href":"https:\/\/ferrazlynce.pt\/en\/wp-json\/wp\/v2\/pages\/32\/revisions"}],"predecessor-version":[{"id":1793,"href":"https:\/\/ferrazlynce.pt\/en\/wp-json\/wp\/v2\/pages\/32\/revisions\/1793"}],"wp:attachment":[{"href":"https:\/\/ferrazlynce.pt\/en\/wp-json\/wp\/v2\/media?parent=32"}],"curies":[{"name":"wp","href":"https:\/\/api.w.org\/{rel}","templated":true}]}}