{"id":33,"date":"2025-10-01T16:59:58","date_gmt":"2025-10-01T16:59:58","guid":{"rendered":"https:\/\/ferrazlynce.pt\/?page_id=33"},"modified":"2025-12-05T15:22:21","modified_gmt":"2025-12-05T15:22:21","slug":"grupo-iberfar","status":"publish","type":"page","link":"https:\/\/ferrazlynce.pt\/en\/grupo-iberfar\/","title":{"rendered":"Iberfar Group"},"content":{"rendered":"<div data-elementor-type=\"wp-page\" data-elementor-id=\"33\" class=\"elementor elementor-33\" data-elementor-post-type=\"page\">\n\t\t\t\t<div class=\"elementor-element elementor-element-94e0308 e-con-full e-flex e-con e-parent\" data-id=\"94e0308\" data-element_type=\"container\" data-e-type=\"container\" data-settings=\"{&quot;background_background&quot;:&quot;classic&quot;}\">\n\t\t\t\t<div class=\"elementor-element elementor-element-3597651 elementor-widget elementor-widget-heading\" data-id=\"3597651\" data-element_type=\"widget\" data-e-type=\"widget\" data-widget_type=\"heading.default\">\n\t\t\t\t\t<h2 class=\"elementor-heading-title elementor-size-default\">The Iberfar Group<\/h2>\t\t\t\t<\/div>\n\t\t\t\t<\/div>\n\t\t<div class=\"elementor-element elementor-element-aa2fd34 e-con-full e-flex e-con e-parent\" data-id=\"aa2fd34\" data-element_type=\"container\" data-e-type=\"container\">\n\t\t<div class=\"elementor-element elementor-element-fdc42b1 e-con-full e-flex e-con e-child\" data-id=\"fdc42b1\" data-element_type=\"container\" data-e-type=\"container\">\n\t\t<div class=\"elementor-element elementor-element-7f3d85c e-con-full e-flex e-con e-child\" data-id=\"7f3d85c\" data-element_type=\"container\" data-e-type=\"container\">\n\t\t<div class=\"elementor-element elementor-element-7fade76 e-con-full e-flex e-con e-child\" data-id=\"7fade76\" data-element_type=\"container\" data-e-type=\"container\">\n\t\t\t\t<div class=\"elementor-element elementor-element-a2c496d elementor-widget elementor-widget-image\" data-id=\"a2c496d\" data-element_type=\"widget\" data-e-type=\"widget\" data-widget_type=\"image.default\">\n\t\t\t\t\t\t\t\t\t\t\t\t\t\t\t<img fetchpriority=\"high\" decoding=\"async\" width=\"1200\" height=\"361\" src=\"https:\/\/ferrazlynce.pt\/wp-content\/uploads\/2025\/10\/Logo-FAI-1.webp\" class=\"attachment-full size-full wp-image-271\" alt=\"\" srcset=\"https:\/\/ferrazlynce.pt\/wp-content\/uploads\/2025\/10\/Logo-FAI-1.webp 1200w, https:\/\/ferrazlynce.pt\/wp-content\/uploads\/2025\/10\/Logo-FAI-1-300x90.webp 300w, https:\/\/ferrazlynce.pt\/wp-content\/uploads\/2025\/10\/Logo-FAI-1-1024x308.webp 1024w, https:\/\/ferrazlynce.pt\/wp-content\/uploads\/2025\/10\/Logo-FAI-1-768x231.webp 768w\" sizes=\"(max-width: 1200px) 100vw, 1200px\" \/>\t\t\t\t\t\t\t\t\t\t\t\t\t\t\t<\/div>\n\t\t<div class=\"elementor-element elementor-element-6ac4976 e-con-full e-flex e-con e-child\" data-id=\"6ac4976\" data-element_type=\"container\" data-e-type=\"container\">\n\t\t\t\t<div class=\"elementor-element elementor-element-7190877 elementor-widget elementor-widget-image\" data-id=\"7190877\" data-element_type=\"widget\" data-e-type=\"widget\" data-widget_type=\"image.default\">\n\t\t\t\t\t\t\t\t\t\t\t\t\t\t\t\t<a href=\"https:\/\/fai-therapeutics.com\" target=\"_blank\" rel=\"noopener\">\n\t\t\t\t\t\t\t<img decoding=\"async\" width=\"221\" height=\"190\" src=\"https:\/\/ferrazlynce.pt\/wp-content\/uploads\/2025\/10\/icon-site.webp\" class=\"attachment-full size-full wp-image-267\" alt=\"\" \/>\t\t\t\t\t\t\t\t<\/a>\n\t\t\t\t\t\t\t\t\t\t\t\t\t\t\t<\/div>\n\t\t\t\t<div class=\"elementor-element elementor-element-b7c54d5 elementor-widget elementor-widget-image\" data-id=\"b7c54d5\" data-element_type=\"widget\" data-e-type=\"widget\" data-widget_type=\"image.default\">\n\t\t\t\t\t\t\t\t\t\t\t\t\t\t\t\t<a href=\"https:\/\/www.linkedin.com\/company\/fai-therapeutics\/\" target=\"_blank\" rel=\"noopener\">\n\t\t\t\t\t\t\t<img decoding=\"async\" width=\"221\" height=\"190\" src=\"https:\/\/ferrazlynce.pt\/wp-content\/uploads\/2025\/10\/icon-linkedin.webp\" class=\"attachment-full size-full wp-image-268\" alt=\"\" \/>\t\t\t\t\t\t\t\t<\/a>\n\t\t\t\t\t\t\t\t\t\t\t\t\t\t\t<\/div>\n\t\t\t\t<\/div>\n\t\t\t\t<\/div>\n\t\t<div class=\"elementor-element elementor-element-30fd39e e-con-full e-flex e-con e-child\" data-id=\"30fd39e\" data-element_type=\"container\" data-e-type=\"container\">\n\t\t\t\t<div class=\"elementor-element elementor-element-188f993 elementor-widget__width-initial elementor-widget elementor-widget-text-editor\" data-id=\"188f993\" data-element_type=\"widget\" data-e-type=\"widget\" data-widget_type=\"text-editor.default\">\n\t\t\t\t\t\t\t\t\t<p>FAI THERAPEUTICS, a new division of IBERFAR, specialises in medicinal cannabis, drawing on the expertise of Agrovete, IBERFAR and Ferraz Lynce.<\/p><p>With a vertically integrated process, it oversees all stages \u2013 from cultivation and extraction to production and distribution \u2013 ensuring the highest standards of quality and safety.<\/p><p>Focused on offering effective cannabis-based therapies, FAI Therapeutics combines established pharmaceutical expertise with the latest scientific advances to meet rigorous safety and quality standards.<\/p>\t\t\t\t\t\t\t\t<\/div>\n\t\t\t\t<div class=\"elementor-element elementor-element-087dc24 elementor-widget__width-initial elementor-widget elementor-widget-image\" data-id=\"087dc24\" data-element_type=\"widget\" data-e-type=\"widget\" data-widget_type=\"image.default\">\n\t\t\t\t\t\t\t\t\t\t\t\t\t\t\t<img loading=\"lazy\" decoding=\"async\" width=\"1026\" height=\"678\" src=\"https:\/\/ferrazlynce.pt\/wp-content\/uploads\/2025\/11\/img_FAI-Therapeutics.webp\" class=\"attachment-full size-full wp-image-1289\" alt=\"\" srcset=\"https:\/\/ferrazlynce.pt\/wp-content\/uploads\/2025\/11\/img_FAI-Therapeutics.webp 1026w, https:\/\/ferrazlynce.pt\/wp-content\/uploads\/2025\/11\/img_FAI-Therapeutics-300x198.webp 300w, https:\/\/ferrazlynce.pt\/wp-content\/uploads\/2025\/11\/img_FAI-Therapeutics-1024x677.webp 1024w, https:\/\/ferrazlynce.pt\/wp-content\/uploads\/2025\/11\/img_FAI-Therapeutics-768x508.webp 768w\" sizes=\"(max-width: 1026px) 100vw, 1026px\" \/>\t\t\t\t\t\t\t\t\t\t\t\t\t\t\t<\/div>\n\t\t\t\t<\/div>\n\t\t\t\t<\/div>\n\t\t<div class=\"elementor-element elementor-element-706882b e-con-full e-flex e-con e-child\" data-id=\"706882b\" data-element_type=\"container\" data-e-type=\"container\">\n\t\t<div class=\"elementor-element elementor-element-25d7c58 e-con-full e-flex e-con e-child\" data-id=\"25d7c58\" data-element_type=\"container\" data-e-type=\"container\">\n\t\t\t\t<div class=\"elementor-element elementor-element-ff07a15 elementor-widget elementor-widget-image\" data-id=\"ff07a15\" data-element_type=\"widget\" data-e-type=\"widget\" data-widget_type=\"image.default\">\n\t\t\t\t\t\t\t\t\t\t\t\t\t\t\t<img loading=\"lazy\" decoding=\"async\" width=\"1200\" height=\"361\" src=\"https:\/\/ferrazlynce.pt\/wp-content\/uploads\/2025\/10\/Logo-Iberfar-cores-1.webp\" class=\"attachment-full size-full wp-image-273\" alt=\"\" srcset=\"https:\/\/ferrazlynce.pt\/wp-content\/uploads\/2025\/10\/Logo-Iberfar-cores-1.webp 1200w, https:\/\/ferrazlynce.pt\/wp-content\/uploads\/2025\/10\/Logo-Iberfar-cores-1-300x90.webp 300w, https:\/\/ferrazlynce.pt\/wp-content\/uploads\/2025\/10\/Logo-Iberfar-cores-1-1024x308.webp 1024w, https:\/\/ferrazlynce.pt\/wp-content\/uploads\/2025\/10\/Logo-Iberfar-cores-1-768x231.webp 768w\" sizes=\"(max-width: 1200px) 100vw, 1200px\" \/>\t\t\t\t\t\t\t\t\t\t\t\t\t\t\t<\/div>\n\t\t<div class=\"elementor-element elementor-element-6435017 e-con-full e-flex e-con e-child\" data-id=\"6435017\" data-element_type=\"container\" data-e-type=\"container\">\n\t\t\t\t<div class=\"elementor-element elementor-element-63f123f elementor-widget elementor-widget-image\" data-id=\"63f123f\" data-element_type=\"widget\" data-e-type=\"widget\" data-widget_type=\"image.default\">\n\t\t\t\t\t\t\t\t\t\t\t\t\t\t\t\t<a href=\"https:\/\/www.iberfar.pt\" target=\"_blank\" rel=\"noopener\">\n\t\t\t\t\t\t\t<img decoding=\"async\" width=\"221\" height=\"190\" src=\"https:\/\/ferrazlynce.pt\/wp-content\/uploads\/2025\/10\/icon-site.webp\" class=\"attachment-full size-full wp-image-267\" alt=\"\" \/>\t\t\t\t\t\t\t\t<\/a>\n\t\t\t\t\t\t\t\t\t\t\t\t\t\t\t<\/div>\n\t\t\t\t<div class=\"elementor-element elementor-element-02621e0 elementor-widget elementor-widget-image\" data-id=\"02621e0\" data-element_type=\"widget\" data-e-type=\"widget\" data-widget_type=\"image.default\">\n\t\t\t\t\t\t\t\t\t\t\t\t\t\t\t\t<a href=\"https:\/\/www.linkedin.com\/company\/iberfar\/\" target=\"_blank\" rel=\"noopener\">\n\t\t\t\t\t\t\t<img decoding=\"async\" width=\"221\" height=\"190\" src=\"https:\/\/ferrazlynce.pt\/wp-content\/uploads\/2025\/10\/icon-linkedin.webp\" class=\"attachment-full size-full wp-image-268\" alt=\"\" \/>\t\t\t\t\t\t\t\t<\/a>\n\t\t\t\t\t\t\t\t\t\t\t\t\t\t\t<\/div>\n\t\t\t\t<\/div>\n\t\t\t\t<\/div>\n\t\t<div class=\"elementor-element elementor-element-f027f32 e-con-full e-flex e-con e-child\" data-id=\"f027f32\" data-element_type=\"container\" data-e-type=\"container\">\n\t\t\t\t<div class=\"elementor-element elementor-element-b164268 elementor-widget__width-initial elementor-widget elementor-widget-text-editor\" data-id=\"b164268\" data-element_type=\"widget\" data-e-type=\"widget\" data-widget_type=\"text-editor.default\">\n\t\t\t\t\t\t\t\t\t<p>IBERFAR, IND\u00daSTRIA FARMAC\u00caUTICA, S.A., is the\nGroup\u2019s leading company. With a century of experience, it has developed expertise across all areas of the pharmaceutical industry. Its core activity is the contract manufacture of solid and liquid dosage medicines for third-party clients.<\/p><p>IBERFAR provides high-quality products with short delivery times, while maintaining the flexibility needed to meet the specific requirements of each client.<\/p><p>As a pharmaceutical manufacturer, it operates a modern, EU cGMP-certified production facility, conveniently located near Lisbon and only 20 minutes from major logistics hubs.<\/p><p>IBERFAR is authorised to manufacture non-sterile solid and liquid products, including psychotropic substances.<\/p>\t\t\t\t\t\t\t\t<\/div>\n\t\t\t\t<div class=\"elementor-element elementor-element-fc4f777 elementor-widget__width-initial elementor-widget elementor-widget-image\" data-id=\"fc4f777\" data-element_type=\"widget\" data-e-type=\"widget\" data-widget_type=\"image.default\">\n\t\t\t\t\t\t\t\t\t\t\t\t\t\t\t<img loading=\"lazy\" decoding=\"async\" width=\"1026\" height=\"678\" src=\"https:\/\/ferrazlynce.pt\/wp-content\/uploads\/2025\/11\/img_iberfar.webp\" class=\"attachment-full size-full wp-image-1287\" alt=\"\" srcset=\"https:\/\/ferrazlynce.pt\/wp-content\/uploads\/2025\/11\/img_iberfar.webp 1026w, https:\/\/ferrazlynce.pt\/wp-content\/uploads\/2025\/11\/img_iberfar-300x198.webp 300w, https:\/\/ferrazlynce.pt\/wp-content\/uploads\/2025\/11\/img_iberfar-1024x677.webp 1024w, https:\/\/ferrazlynce.pt\/wp-content\/uploads\/2025\/11\/img_iberfar-768x508.webp 768w\" sizes=\"(max-width: 1026px) 100vw, 1026px\" \/>\t\t\t\t\t\t\t\t\t\t\t\t\t\t\t<\/div>\n\t\t\t\t<\/div>\n\t\t\t\t<\/div>\n\t\t<div class=\"elementor-element elementor-element-10c7633 e-con-full e-flex e-con e-child\" data-id=\"10c7633\" data-element_type=\"container\" data-e-type=\"container\">\n\t\t<div class=\"elementor-element elementor-element-e0c0975 e-con-full e-flex e-con e-child\" data-id=\"e0c0975\" data-element_type=\"container\" data-e-type=\"container\">\n\t\t\t\t<div class=\"elementor-element elementor-element-ae1c2ab elementor-widget elementor-widget-image\" data-id=\"ae1c2ab\" data-element_type=\"widget\" data-e-type=\"widget\" data-widget_type=\"image.default\">\n\t\t\t\t\t\t\t\t\t\t\t\t\t\t\t<img loading=\"lazy\" decoding=\"async\" width=\"1137\" height=\"361\" src=\"https:\/\/ferrazlynce.pt\/wp-content\/uploads\/2025\/10\/Logo-Agrovete_2.webp\" class=\"attachment-full size-full wp-image-266\" alt=\"\" srcset=\"https:\/\/ferrazlynce.pt\/wp-content\/uploads\/2025\/10\/Logo-Agrovete_2.webp 1137w, https:\/\/ferrazlynce.pt\/wp-content\/uploads\/2025\/10\/Logo-Agrovete_2-300x95.webp 300w, https:\/\/ferrazlynce.pt\/wp-content\/uploads\/2025\/10\/Logo-Agrovete_2-1024x325.webp 1024w, https:\/\/ferrazlynce.pt\/wp-content\/uploads\/2025\/10\/Logo-Agrovete_2-768x244.webp 768w\" sizes=\"(max-width: 1137px) 100vw, 1137px\" \/>\t\t\t\t\t\t\t\t\t\t\t\t\t\t\t<\/div>\n\t\t<div class=\"elementor-element elementor-element-21b8a4d e-con-full e-flex e-con e-child\" data-id=\"21b8a4d\" data-element_type=\"container\" data-e-type=\"container\">\n\t\t\t\t<div class=\"elementor-element elementor-element-4928ab8 elementor-widget elementor-widget-image\" data-id=\"4928ab8\" data-element_type=\"widget\" data-e-type=\"widget\" data-widget_type=\"image.default\">\n\t\t\t\t\t\t\t\t\t\t\t\t\t\t\t<img decoding=\"async\" width=\"221\" height=\"190\" src=\"https:\/\/ferrazlynce.pt\/wp-content\/uploads\/2025\/10\/icon-site.webp\" class=\"attachment-full size-full wp-image-267\" alt=\"\" \/>\t\t\t\t\t\t\t\t\t\t\t\t\t\t\t<\/div>\n\t\t\t\t<div class=\"elementor-element elementor-element-439f305 elementor-widget elementor-widget-image\" data-id=\"439f305\" data-element_type=\"widget\" data-e-type=\"widget\" data-widget_type=\"image.default\">\n\t\t\t\t\t\t\t\t\t\t\t\t\t\t\t\t<a href=\"https:\/\/www.linkedin.com\/company\/agrovete-organiza%C3%A7%C3%A3o-t%C3%A9cnica-agro-pecu%C3%A1ria-sa\" target=\"_blank\" rel=\"noopener\">\n\t\t\t\t\t\t\t<img decoding=\"async\" width=\"221\" height=\"190\" src=\"https:\/\/ferrazlynce.pt\/wp-content\/uploads\/2025\/10\/icon-linkedin.webp\" class=\"attachment-full size-full wp-image-268\" alt=\"\" \/>\t\t\t\t\t\t\t\t<\/a>\n\t\t\t\t\t\t\t\t\t\t\t\t\t\t\t<\/div>\n\t\t\t\t<\/div>\n\t\t\t\t<\/div>\n\t\t<div class=\"elementor-element elementor-element-f731b5f e-con-full e-flex e-con e-child\" data-id=\"f731b5f\" data-element_type=\"container\" data-e-type=\"container\">\n\t\t\t\t<div class=\"elementor-element elementor-element-e4a2b8a elementor-widget__width-initial elementor-widget elementor-widget-text-editor\" data-id=\"e4a2b8a\" data-element_type=\"widget\" data-e-type=\"widget\" data-widget_type=\"text-editor.default\">\n\t\t\t\t\t\t\t\t\t<p>Agrovete started operating in 1962, becoming a reference in the sale and installation of livestock and agricultural equipment over the years.<\/p><p>Its longevity has enabled Agrovete to gain extensive experience in the agricultural and livestock sectors.<\/p><p>Since its foundation, it has been associated with various innovations. In 2010, Agrovete merged with Proselecte and Sulsem, strengthening its position in the seed sector.<\/p><p>At present, Agrovete is focused on the cultivation of medical cannabis.<\/p>\t\t\t\t\t\t\t\t<\/div>\n\t\t\t\t<div class=\"elementor-element elementor-element-bdc4755 elementor-widget__width-initial elementor-widget elementor-widget-image\" data-id=\"bdc4755\" data-element_type=\"widget\" data-e-type=\"widget\" data-widget_type=\"image.default\">\n\t\t\t\t\t\t\t\t\t\t\t\t\t\t\t<img loading=\"lazy\" decoding=\"async\" width=\"1026\" height=\"678\" src=\"https:\/\/ferrazlynce.pt\/wp-content\/uploads\/2025\/11\/img_Agrovete.webp\" class=\"attachment-full size-full wp-image-1288\" alt=\"\" srcset=\"https:\/\/ferrazlynce.pt\/wp-content\/uploads\/2025\/11\/img_Agrovete.webp 1026w, https:\/\/ferrazlynce.pt\/wp-content\/uploads\/2025\/11\/img_Agrovete-300x198.webp 300w, https:\/\/ferrazlynce.pt\/wp-content\/uploads\/2025\/11\/img_Agrovete-1024x677.webp 1024w, https:\/\/ferrazlynce.pt\/wp-content\/uploads\/2025\/11\/img_Agrovete-768x508.webp 768w\" sizes=\"(max-width: 1026px) 100vw, 1026px\" \/>\t\t\t\t\t\t\t\t\t\t\t\t\t\t\t<\/div>\n\t\t\t\t<\/div>\n\t\t\t\t<\/div>\n\t\t\t\t<\/div>\n\t\t\t\t<\/div>\n\t\t\t\t<\/div>","protected":false},"excerpt":{"rendered":"<p>O Grupo Iberfar A FAI THERAPEUTICS, uma nova divis\u00e3o do IBERFAR, \u00e9 especializada em can\u00e1bis medicinal, aproveitando a experi\u00eancia da Agrovete, do IBERFAR e do Ferraz Lynce. Com um processo totalmente verticalizado, abrange todas as etapas, desde o cultivo e extra\u00e7\u00e3o at\u00e9 \u00e0 produ\u00e7\u00e3o e distribui\u00e7\u00e3o, garantindo a m\u00e1xima qualidade e seguran\u00e7a. Focada em oferecer [&hellip;]<\/p>\n","protected":false},"author":1,"featured_media":0,"parent":0,"menu_order":0,"comment_status":"closed","ping_status":"closed","template":"","meta":{"footnotes":""},"class_list":["post-33","page","type-page","status-publish","hentry"],"_links":{"self":[{"href":"https:\/\/ferrazlynce.pt\/en\/wp-json\/wp\/v2\/pages\/33","targetHints":{"allow":["GET"]}}],"collection":[{"href":"https:\/\/ferrazlynce.pt\/en\/wp-json\/wp\/v2\/pages"}],"about":[{"href":"https:\/\/ferrazlynce.pt\/en\/wp-json\/wp\/v2\/types\/page"}],"author":[{"embeddable":true,"href":"https:\/\/ferrazlynce.pt\/en\/wp-json\/wp\/v2\/users\/1"}],"replies":[{"embeddable":true,"href":"https:\/\/ferrazlynce.pt\/en\/wp-json\/wp\/v2\/comments?post=33"}],"version-history":[{"count":73,"href":"https:\/\/ferrazlynce.pt\/en\/wp-json\/wp\/v2\/pages\/33\/revisions"}],"predecessor-version":[{"id":2039,"href":"https:\/\/ferrazlynce.pt\/en\/wp-json\/wp\/v2\/pages\/33\/revisions\/2039"}],"wp:attachment":[{"href":"https:\/\/ferrazlynce.pt\/en\/wp-json\/wp\/v2\/media?parent=33"}],"curies":[{"name":"wp","href":"https:\/\/api.w.org\/{rel}","templated":true}]}}