{"id":632,"date":"2025-10-15T11:16:33","date_gmt":"2025-10-15T11:16:33","guid":{"rendered":"https:\/\/ferrazlynce.pt\/?page_id=632"},"modified":"2025-12-03T14:19:27","modified_gmt":"2025-12-03T14:19:27","slug":"anticoagulante","status":"publish","type":"page","link":"https:\/\/ferrazlynce.pt\/en\/anticoagulante\/","title":{"rendered":"Anticoagulant"},"content":{"rendered":"<div data-elementor-type=\"wp-page\" data-elementor-id=\"632\" class=\"elementor elementor-632\" data-elementor-post-type=\"page\">\n\t\t\t\t<div class=\"elementor-element elementor-element-3032eb6 e-con-full e-flex e-con e-parent\" data-id=\"3032eb6\" data-element_type=\"container\" data-e-type=\"container\" data-settings=\"{&quot;background_background&quot;:&quot;classic&quot;}\">\n\t\t\t\t<div class=\"elementor-element elementor-element-e1fdc86 elementor-widget elementor-widget-heading\" data-id=\"e1fdc86\" data-element_type=\"widget\" data-e-type=\"widget\" data-widget_type=\"heading.default\">\n\t\t\t\t\t<h2 class=\"elementor-heading-title elementor-size-default\">Areas<\/h2>\t\t\t\t<\/div>\n\t\t\t\t<\/div>\n\t\t<div class=\"elementor-element elementor-element-df1a5d6 e-con-full e-flex e-con e-parent\" data-id=\"df1a5d6\" data-element_type=\"container\" data-e-type=\"container\">\n\t\t<div class=\"elementor-element elementor-element-f3bb727 e-con-full e-flex e-con e-child\" data-id=\"f3bb727\" data-element_type=\"container\" data-e-type=\"container\" data-settings=\"{&quot;background_background&quot;:&quot;classic&quot;}\">\n\t\t<div class=\"elementor-element elementor-element-bd82d32 e-con-full e-flex e-con e-child\" data-id=\"bd82d32\" data-element_type=\"container\" data-e-type=\"container\" data-settings=\"{&quot;background_background&quot;:&quot;classic&quot;}\">\n\t\t\t\t<div class=\"elementor-element elementor-element-39d738e elementor-widget elementor-widget-image\" data-id=\"39d738e\" data-element_type=\"widget\" data-e-type=\"widget\" data-widget_type=\"image.default\">\n\t\t\t\t\t\t\t\t\t\t\t\t\t\t\t\t<a href=\"https:\/\/ferrazlynce.pt\/en\/antianginosos\/\">\n\t\t\t\t\t\t\t<img fetchpriority=\"high\" decoding=\"async\" width=\"311\" height=\"311\" src=\"https:\/\/ferrazlynce.pt\/wp-content\/uploads\/2025\/10\/anticoagulante.svg\" class=\"attachment-full size-full wp-image-573\" alt=\"\" \/>\t\t\t\t\t\t\t\t<\/a>\n\t\t\t\t\t\t\t\t\t\t\t\t\t\t\t<\/div>\n\t\t\t\t<div class=\"elementor-element elementor-element-b3c9a06 elementor-widget elementor-widget-heading\" data-id=\"b3c9a06\" data-element_type=\"widget\" data-e-type=\"widget\" data-widget_type=\"heading.default\">\n\t\t\t\t\t<h2 class=\"elementor-heading-title elementor-size-default\"><a href=\"https:\/\/ferrazlynce.pt\/en\/antianginosos\/\">Antianginals<\/a><\/h2>\t\t\t\t<\/div>\n\t\t\t\t<\/div>\n\t\t<div class=\"elementor-element elementor-element-b41bf67 e-con-full e-flex e-con e-child\" data-id=\"b41bf67\" data-element_type=\"container\" data-e-type=\"container\" data-settings=\"{&quot;background_background&quot;:&quot;classic&quot;}\">\n\t\t\t\t<div class=\"elementor-element elementor-element-44efbc8 elementor-widget elementor-widget-image\" data-id=\"44efbc8\" data-element_type=\"widget\" data-e-type=\"widget\" data-widget_type=\"image.default\">\n\t\t\t\t\t\t\t\t\t\t\t\t\t\t\t\t<a href=\"#\">\n\t\t\t\t\t\t\t<img fetchpriority=\"high\" decoding=\"async\" width=\"311\" height=\"311\" src=\"https:\/\/ferrazlynce.pt\/wp-content\/uploads\/2025\/10\/anticoagulante.svg\" class=\"attachment-full size-full wp-image-573\" alt=\"\" \/>\t\t\t\t\t\t\t\t<\/a>\n\t\t\t\t\t\t\t\t\t\t\t\t\t\t\t<\/div>\n\t\t\t\t<div class=\"elementor-element elementor-element-1d5563d elementor-widget elementor-widget-heading\" data-id=\"1d5563d\" data-element_type=\"widget\" data-e-type=\"widget\" data-widget_type=\"heading.default\">\n\t\t\t\t\t<h2 class=\"elementor-heading-title elementor-size-default\">Anticoagulant<\/h2>\t\t\t\t<\/div>\n\t\t\t\t<\/div>\n\t\t<div class=\"elementor-element elementor-element-4883462 e-con-full e-flex e-con e-child\" data-id=\"4883462\" data-element_type=\"container\" data-e-type=\"container\" data-settings=\"{&quot;background_background&quot;:&quot;classic&quot;}\">\n\t\t\t\t<div class=\"elementor-element elementor-element-c292c32 elementor-widget elementor-widget-image\" data-id=\"c292c32\" data-element_type=\"widget\" data-e-type=\"widget\" data-widget_type=\"image.default\">\n\t\t\t\t\t\t\t\t\t\t\t\t\t\t\t\t<a href=\"https:\/\/ferrazlynce.pt\/en\/cuidado-auricular\/\">\n\t\t\t\t\t\t\t<img decoding=\"async\" width=\"311\" height=\"311\" src=\"https:\/\/ferrazlynce.pt\/wp-content\/uploads\/2025\/10\/cuidadoAuricular.svg\" class=\"attachment-full size-full wp-image-550\" alt=\"\" \/>\t\t\t\t\t\t\t\t<\/a>\n\t\t\t\t\t\t\t\t\t\t\t\t\t\t\t<\/div>\n\t\t\t\t<div class=\"elementor-element elementor-element-f091acf elementor-widget elementor-widget-heading\" data-id=\"f091acf\" data-element_type=\"widget\" data-e-type=\"widget\" data-widget_type=\"heading.default\">\n\t\t\t\t\t<h2 class=\"elementor-heading-title elementor-size-default\"><a href=\"https:\/\/ferrazlynce.pt\/en\/cuidado-auricular\/\">Ear<br>Care<\/a><\/h2>\t\t\t\t<\/div>\n\t\t\t\t<\/div>\n\t\t<div class=\"elementor-element elementor-element-3b039a1 e-con-full e-flex e-con e-child\" data-id=\"3b039a1\" data-element_type=\"container\" data-e-type=\"container\" data-settings=\"{&quot;background_background&quot;:&quot;classic&quot;}\">\n\t\t\t\t<div class=\"elementor-element elementor-element-fd1c286 elementor-widget elementor-widget-image\" data-id=\"fd1c286\" data-element_type=\"widget\" data-e-type=\"widget\" data-widget_type=\"image.default\">\n\t\t\t\t\t\t\t\t\t\t\t\t\t\t\t\t<a href=\"https:\/\/ferrazlynce.pt\/en\/higiene-e-saude-oral\/\">\n\t\t\t\t\t\t\t<img decoding=\"async\" width=\"311\" height=\"311\" src=\"https:\/\/ferrazlynce.pt\/wp-content\/uploads\/2025\/10\/higieneOral.svg\" class=\"attachment-full size-full wp-image-519\" alt=\"\" \/>\t\t\t\t\t\t\t\t<\/a>\n\t\t\t\t\t\t\t\t\t\t\t\t\t\t\t<\/div>\n\t\t\t\t<div class=\"elementor-element elementor-element-cdb6901 elementor-widget elementor-widget-heading\" data-id=\"cdb6901\" data-element_type=\"widget\" data-e-type=\"widget\" data-widget_type=\"heading.default\">\n\t\t\t\t\t<h2 class=\"elementor-heading-title elementor-size-default\"><a href=\"https:\/\/ferrazlynce.pt\/en\/higiene-e-saude-oral\/\">Oral Hygiene<br>and Health<\/a><\/h2>\t\t\t\t<\/div>\n\t\t\t\t<\/div>\n\t\t<div class=\"elementor-element elementor-element-bb17cf1 e-con-full e-flex e-con e-child\" data-id=\"bb17cf1\" data-element_type=\"container\" data-e-type=\"container\" data-settings=\"{&quot;background_background&quot;:&quot;classic&quot;}\">\n\t\t\t\t<div class=\"elementor-element elementor-element-5affac5 elementor-widget elementor-widget-image\" data-id=\"5affac5\" data-element_type=\"widget\" data-e-type=\"widget\" data-widget_type=\"image.default\">\n\t\t\t\t\t\t\t\t\t\t\t\t\t\t\t\t<a href=\"https:\/\/ferrazlynce.pt\/en\/infecoes-do-trato-urinario\/\">\n\t\t\t\t\t\t\t<img loading=\"lazy\" decoding=\"async\" width=\"311\" height=\"311\" src=\"https:\/\/ferrazlynce.pt\/wp-content\/uploads\/2025\/10\/infecoesUrinarias.svg\" class=\"attachment-full size-full wp-image-562\" alt=\"\" \/>\t\t\t\t\t\t\t\t<\/a>\n\t\t\t\t\t\t\t\t\t\t\t\t\t\t\t<\/div>\n\t\t\t\t<div class=\"elementor-element elementor-element-ca00aa5 elementor-widget elementor-widget-heading\" data-id=\"ca00aa5\" data-element_type=\"widget\" data-e-type=\"widget\" data-widget_type=\"heading.default\">\n\t\t\t\t\t<h2 class=\"elementor-heading-title elementor-size-default\"><a href=\"https:\/\/ferrazlynce.pt\/en\/infecoes-do-trato-urinario\/\">Urinary Tract<br>Infections<\/a><\/h2>\t\t\t\t<\/div>\n\t\t\t\t<\/div>\n\t\t<div class=\"elementor-element elementor-element-52bf97e e-con-full e-flex e-con e-child\" data-id=\"52bf97e\" data-element_type=\"container\" data-e-type=\"container\" data-settings=\"{&quot;background_background&quot;:&quot;classic&quot;}\">\n\t\t\t\t<div class=\"elementor-element elementor-element-7c5fcd4 elementor-widget elementor-widget-image\" data-id=\"7c5fcd4\" data-element_type=\"widget\" data-e-type=\"widget\" data-widget_type=\"image.default\">\n\t\t\t\t\t\t\t\t\t\t\t\t\t\t\t\t<a href=\"https:\/\/ferrazlynce.pt\/en\/obstipacao\/\">\n\t\t\t\t\t\t\t<img loading=\"lazy\" decoding=\"async\" width=\"311\" height=\"311\" src=\"https:\/\/ferrazlynce.pt\/wp-content\/uploads\/2025\/10\/obstipacao.svg\" class=\"attachment-full size-full wp-image-569\" alt=\"\" \/>\t\t\t\t\t\t\t\t<\/a>\n\t\t\t\t\t\t\t\t\t\t\t\t\t\t\t<\/div>\n\t\t\t\t<div class=\"elementor-element elementor-element-fc45a3a elementor-widget elementor-widget-heading\" data-id=\"fc45a3a\" data-element_type=\"widget\" data-e-type=\"widget\" data-widget_type=\"heading.default\">\n\t\t\t\t\t<h2 class=\"elementor-heading-title elementor-size-default\"><a href=\"https:\/\/ferrazlynce.pt\/en\/obstipacao\/\">Constipation<\/a><\/h2>\t\t\t\t<\/div>\n\t\t\t\t<\/div>\n\t\t<div class=\"elementor-element elementor-element-c459268 e-con-full e-flex e-con e-child\" data-id=\"c459268\" data-element_type=\"container\" data-e-type=\"container\" data-settings=\"{&quot;background_background&quot;:&quot;classic&quot;}\">\n\t\t\t\t<div class=\"elementor-element elementor-element-90169f5 elementor-widget elementor-widget-image\" data-id=\"90169f5\" data-element_type=\"widget\" data-e-type=\"widget\" data-widget_type=\"image.default\">\n\t\t\t\t\t\t\t\t\t\t\t\t\t\t\t\t<a href=\"https:\/\/ferrazlynce.pt\/en\/saude-e-bem-estar\/\">\n\t\t\t\t\t\t\t<img loading=\"lazy\" decoding=\"async\" width=\"311\" height=\"311\" src=\"https:\/\/ferrazlynce.pt\/wp-content\/uploads\/2025\/10\/Bemestar.svg\" class=\"attachment-full size-full wp-image-558\" alt=\"\" \/>\t\t\t\t\t\t\t\t<\/a>\n\t\t\t\t\t\t\t\t\t\t\t\t\t\t\t<\/div>\n\t\t\t\t<div class=\"elementor-element elementor-element-2960b8f elementor-widget elementor-widget-heading\" data-id=\"2960b8f\" data-element_type=\"widget\" data-e-type=\"widget\" data-widget_type=\"heading.default\">\n\t\t\t\t\t<h2 class=\"elementor-heading-title elementor-size-default\"><a href=\"https:\/\/ferrazlynce.pt\/en\/saude-e-bem-estar\/\">Health and<br>Well-being<\/a><\/h2>\t\t\t\t<\/div>\n\t\t\t\t<\/div>\n\t\t\t\t<\/div>\n\t\t\t\t<\/div>\n\t\t<div class=\"elementor-element elementor-element-16f9604 e-con-full e-flex e-con e-parent\" data-id=\"16f9604\" data-element_type=\"container\" data-e-type=\"container\">\n\t\t<div class=\"elementor-element elementor-element-88069b7 e-con-full e-flex e-con e-child\" data-id=\"88069b7\" data-element_type=\"container\" data-e-type=\"container\">\n\t\t<div class=\"elementor-element elementor-element-50d01b9 e-con-full e-flex e-con e-child\" data-id=\"50d01b9\" data-element_type=\"container\" data-e-type=\"container\">\n\t\t\t\t<div class=\"elementor-element elementor-element-fb312e4 elementor-widget elementor-widget-heading\" data-id=\"fb312e4\" data-element_type=\"widget\" data-e-type=\"widget\" data-widget_type=\"heading.default\">\n\t\t\t\t\t<h2 class=\"elementor-heading-title elementor-size-default\">Treparin<\/h2>\t\t\t\t<\/div>\n\t\t\t\t<div class=\"elementor-element elementor-element-6da72d8 elementor-widget elementor-widget-heading\" data-id=\"6da72d8\" data-element_type=\"widget\" data-e-type=\"widget\" data-widget_type=\"heading.default\">\n\t\t\t\t\t<h3 class=\"elementor-heading-title elementor-size-default\">&gt;Anticoagulant<\/h3>\t\t\t\t<\/div>\n\t\t\t\t<\/div>\n\t\t<div class=\"elementor-element elementor-element-c3a004a e-con-full e-flex e-con e-child\" data-id=\"c3a004a\" data-element_type=\"container\" data-e-type=\"container\">\n\t\t<div class=\"elementor-element elementor-element-8c9a3a4 e-con-full e-flex e-con e-child\" data-id=\"8c9a3a4\" data-element_type=\"container\" data-e-type=\"container\">\n\t\t\t\t<div class=\"elementor-element elementor-element-5ca6822 elementor-widget elementor-widget-image\" data-id=\"5ca6822\" data-element_type=\"widget\" data-e-type=\"widget\" data-widget_type=\"image.default\">\n\t\t\t\t\t\t\t\t\t\t\t\t\t\t\t<img loading=\"lazy\" decoding=\"async\" width=\"1276\" height=\"828\" src=\"https:\/\/ferrazlynce.pt\/wp-content\/uploads\/2025\/10\/treparin-1.webp\" class=\"attachment-full size-full wp-image-490\" alt=\"\" srcset=\"https:\/\/ferrazlynce.pt\/wp-content\/uploads\/2025\/10\/treparin-1.webp 1276w, https:\/\/ferrazlynce.pt\/wp-content\/uploads\/2025\/10\/treparin-1-300x195.webp 300w, https:\/\/ferrazlynce.pt\/wp-content\/uploads\/2025\/10\/treparin-1-1024x664.webp 1024w, https:\/\/ferrazlynce.pt\/wp-content\/uploads\/2025\/10\/treparin-1-768x498.webp 768w\" sizes=\"(max-width: 1276px) 100vw, 1276px\" \/>\t\t\t\t\t\t\t\t\t\t\t\t\t\t\t<\/div>\n\t\t\t\t<div class=\"elementor-element elementor-element-3ccf45d elementor-align-center elementor-widget elementor-widget-button\" data-id=\"3ccf45d\" data-element_type=\"widget\" data-e-type=\"widget\" data-widget_type=\"button.default\">\n\t\t\t\t\t\t\t\t\t\t<a class=\"elementor-button elementor-button-link elementor-size-sm\" href=\"https:\/\/ferrazlynce.pt\/wp-content\/uploads\/2025\/11\/Folheto-informativo_Treparin.pdf\" target=\"_blank\">\n\t\t\t\t\t\t<span class=\"elementor-button-content-wrapper\">\n\t\t\t\t\t\t\t\t\t<span class=\"elementor-button-text\">Package Leaflet<\/span>\n\t\t\t\t\t<\/span>\n\t\t\t\t\t<\/a>\n\t\t\t\t\t\t\t\t<\/div>\n\t\t\t\t<\/div>\n\t\t<div class=\"elementor-element elementor-element-1fc960f e-con-full e-flex e-con e-child\" data-id=\"1fc960f\" data-element_type=\"container\" data-e-type=\"container\">\n\t\t\t\t<div class=\"elementor-element elementor-element-706db2a elementor-widget elementor-widget-heading\" data-id=\"706db2a\" data-element_type=\"widget\" data-e-type=\"widget\" data-widget_type=\"heading.default\">\n\t\t\t\t\t<h2 class=\"elementor-heading-title elementor-size-default\">Information<\/h2>\t\t\t\t<\/div>\n\t\t\t\t<div class=\"elementor-element elementor-element-eea1e70 elementor-widget elementor-widget-text-editor\" data-id=\"eea1e70\" data-element_type=\"widget\" data-e-type=\"widget\" data-widget_type=\"text-editor.default\">\n\t\t\t\t\t\t\t\t\t<p>Treparin is a prescription-only medicine.<\/p>\t\t\t\t\t\t\t\t<\/div>\n\t\t\t\t<div class=\"elementor-element elementor-element-f5e75cd elementor-widget elementor-widget-heading\" data-id=\"f5e75cd\" data-element_type=\"widget\" data-e-type=\"widget\" data-widget_type=\"heading.default\">\n\t\t\t\t\t<h2 class=\"elementor-heading-title elementor-size-default\">Presentation<\/h2>\t\t\t\t<\/div>\n\t\t\t\t<div class=\"elementor-element elementor-element-e1be0bf elementor-widget elementor-widget-text-editor\" data-id=\"e1be0bf\" data-element_type=\"widget\" data-e-type=\"widget\" data-widget_type=\"text-editor.default\">\n\t\t\t\t\t\t\t\t\t<p data-pm-slice=\"1 1 []\">Box of 60 soft capsules with 250 LSU of sulodexide.<\/p>\t\t\t\t\t\t\t\t<\/div>\n\t\t\t\t<\/div>\n\t\t\t\t<\/div>\n\t\t\t\t<\/div>\n\t\t\t\t<\/div>\n\t\t<div class=\"elementor-element elementor-element-7576b18 e-con-full e-flex e-con e-parent\" data-id=\"7576b18\" data-element_type=\"container\" data-e-type=\"container\">\n\t\t<div class=\"elementor-element elementor-element-39b9bf7 e-con-full e-flex e-con e-child\" data-id=\"39b9bf7\" data-element_type=\"container\" data-e-type=\"container\">\n\t\t\t\t<div class=\"elementor-element elementor-element-7ebdb74 elementor-widget elementor-widget-text-editor\" data-id=\"7ebdb74\" data-element_type=\"widget\" data-e-type=\"widget\" data-widget_type=\"text-editor.default\">\n\t\t\t\t\t\t\t\t\t<p data-pm-slice=\"1 1 []\">TPI 02_01_25 Setembro 2025<\/p>\t\t\t\t\t\t\t\t<\/div>\n\t\t\t\t<div class=\"elementor-element elementor-element-87beb41 elementor-widget elementor-widget-spacer\" data-id=\"87beb41\" data-element_type=\"widget\" data-e-type=\"widget\" data-widget_type=\"spacer.default\">\n\t\t\t\t\t\t\t<div class=\"elementor-spacer\">\n\t\t\t<div class=\"elementor-spacer-inner\"><\/div>\n\t\t<\/div>\n\t\t\t\t\t\t<\/div>\n\t\t\t\t<\/div>\n\t\t\t\t<\/div>\n\t\t\t\t<\/div>","protected":false},"excerpt":{"rendered":"<p>\u00c1reas Antianginosos Anticoagulante CuidadoAuricular Higiene eSa\u00fade Oral Infe\u00e7\u00f5es doTrato Urin\u00e1rio Obstipa\u00e7\u00e3o Sa\u00fade eBem Estar Treparin &gt;Anticoagulante Folheto Informativo Informa\u00e7\u00f5es Treparin \u00e9 um medicamento sujeito a receita m\u00e9dica. Apresenta\u00e7\u00e3o Caixa de 60 c\u00e1psulas moles com 250 LSU de sulodexida. TPI 02_01_25 Setembro 2025<\/p>","protected":false},"author":1,"featured_media":0,"parent":0,"menu_order":0,"comment_status":"closed","ping_status":"closed","template":"","meta":{"footnotes":""},"class_list":["post-632","page","type-page","status-publish","hentry"],"_links":{"self":[{"href":"https:\/\/ferrazlynce.pt\/en\/wp-json\/wp\/v2\/pages\/632","targetHints":{"allow":["GET"]}}],"collection":[{"href":"https:\/\/ferrazlynce.pt\/en\/wp-json\/wp\/v2\/pages"}],"about":[{"href":"https:\/\/ferrazlynce.pt\/en\/wp-json\/wp\/v2\/types\/page"}],"author":[{"embeddable":true,"href":"https:\/\/ferrazlynce.pt\/en\/wp-json\/wp\/v2\/users\/1"}],"replies":[{"embeddable":true,"href":"https:\/\/ferrazlynce.pt\/en\/wp-json\/wp\/v2\/comments?post=632"}],"version-history":[{"count":34,"href":"https:\/\/ferrazlynce.pt\/en\/wp-json\/wp\/v2\/pages\/632\/revisions"}],"predecessor-version":[{"id":1968,"href":"https:\/\/ferrazlynce.pt\/en\/wp-json\/wp\/v2\/pages\/632\/revisions\/1968"}],"wp:attachment":[{"href":"https:\/\/ferrazlynce.pt\/en\/wp-json\/wp\/v2\/media?parent=632"}],"curies":[{"name":"wp","href":"https:\/\/api.w.org\/{rel}","templated":true}]}}