{"id":638,"date":"2025-10-15T11:18:11","date_gmt":"2025-10-15T11:18:11","guid":{"rendered":"https:\/\/ferrazlynce.pt\/?page_id=638"},"modified":"2025-12-03T14:46:59","modified_gmt":"2025-12-03T14:46:59","slug":"infecoes-do-trato-urinario","status":"publish","type":"page","link":"https:\/\/ferrazlynce.pt\/en\/infecoes-do-trato-urinario\/","title":{"rendered":"Urinary Tract Infections"},"content":{"rendered":"<div data-elementor-type=\"wp-page\" data-elementor-id=\"638\" class=\"elementor elementor-638\" data-elementor-post-type=\"page\">\n\t\t\t\t<div class=\"elementor-element elementor-element-921016d e-con-full e-flex e-con e-parent\" data-id=\"921016d\" data-element_type=\"container\" data-e-type=\"container\" data-settings=\"{&quot;background_background&quot;:&quot;classic&quot;}\">\n\t\t\t\t<div class=\"elementor-element elementor-element-9ded514 elementor-widget elementor-widget-heading\" data-id=\"9ded514\" data-element_type=\"widget\" data-e-type=\"widget\" data-widget_type=\"heading.default\">\n\t\t\t\t\t<h2 class=\"elementor-heading-title elementor-size-default\">Areas<\/h2>\t\t\t\t<\/div>\n\t\t\t\t<\/div>\n\t\t<div class=\"elementor-element elementor-element-85e3f5b e-con-full e-flex e-con e-parent\" data-id=\"85e3f5b\" data-element_type=\"container\" data-e-type=\"container\">\n\t\t<div class=\"elementor-element elementor-element-efba72d e-con-full e-flex e-con e-child\" data-id=\"efba72d\" data-element_type=\"container\" data-e-type=\"container\" data-settings=\"{&quot;background_background&quot;:&quot;classic&quot;}\">\n\t\t<div class=\"elementor-element elementor-element-efc6390 e-con-full e-flex e-con e-child\" data-id=\"efc6390\" data-element_type=\"container\" data-e-type=\"container\" data-settings=\"{&quot;background_background&quot;:&quot;classic&quot;}\">\n\t\t\t\t<div class=\"elementor-element elementor-element-dd7a3fb elementor-widget elementor-widget-image\" data-id=\"dd7a3fb\" data-element_type=\"widget\" data-e-type=\"widget\" data-widget_type=\"image.default\">\n\t\t\t\t\t\t\t\t\t\t\t\t\t\t\t\t<a href=\"https:\/\/ferrazlynce.pt\/en\/antianginosos\/\">\n\t\t\t\t\t\t\t<img fetchpriority=\"high\" decoding=\"async\" width=\"311\" height=\"311\" src=\"https:\/\/ferrazlynce.pt\/wp-content\/uploads\/2025\/10\/anticoagulante.svg\" class=\"attachment-full size-full wp-image-573\" alt=\"\" \/>\t\t\t\t\t\t\t\t<\/a>\n\t\t\t\t\t\t\t\t\t\t\t\t\t\t\t<\/div>\n\t\t\t\t<div class=\"elementor-element elementor-element-a6bf112 elementor-widget elementor-widget-heading\" data-id=\"a6bf112\" data-element_type=\"widget\" data-e-type=\"widget\" data-widget_type=\"heading.default\">\n\t\t\t\t\t<h2 class=\"elementor-heading-title elementor-size-default\"><a href=\"https:\/\/ferrazlynce.pt\/en\/antianginosos\/\">Antianginals<\/a><\/h2>\t\t\t\t<\/div>\n\t\t\t\t<\/div>\n\t\t<div class=\"elementor-element elementor-element-a8845da e-con-full e-flex e-con e-child\" data-id=\"a8845da\" data-element_type=\"container\" data-e-type=\"container\" data-settings=\"{&quot;background_background&quot;:&quot;classic&quot;}\">\n\t\t\t\t<div class=\"elementor-element elementor-element-2f3f6e4 elementor-widget elementor-widget-image\" data-id=\"2f3f6e4\" data-element_type=\"widget\" data-e-type=\"widget\" data-widget_type=\"image.default\">\n\t\t\t\t\t\t\t\t\t\t\t\t\t\t\t\t<a href=\"https:\/\/ferrazlynce.pt\/en\/anticoagulante\/\">\n\t\t\t\t\t\t\t<img fetchpriority=\"high\" decoding=\"async\" width=\"311\" height=\"311\" src=\"https:\/\/ferrazlynce.pt\/wp-content\/uploads\/2025\/10\/anticoagulante.svg\" class=\"attachment-full size-full wp-image-573\" alt=\"\" \/>\t\t\t\t\t\t\t\t<\/a>\n\t\t\t\t\t\t\t\t\t\t\t\t\t\t\t<\/div>\n\t\t\t\t<div class=\"elementor-element elementor-element-a714fa4 elementor-widget elementor-widget-heading\" data-id=\"a714fa4\" data-element_type=\"widget\" data-e-type=\"widget\" data-widget_type=\"heading.default\">\n\t\t\t\t\t<h2 class=\"elementor-heading-title elementor-size-default\"><a href=\"https:\/\/ferrazlynce.pt\/en\/anticoagulante\/\">Anticoagulant<\/a><\/h2>\t\t\t\t<\/div>\n\t\t\t\t<\/div>\n\t\t<div class=\"elementor-element elementor-element-1899ef2 e-con-full e-flex e-con e-child\" data-id=\"1899ef2\" data-element_type=\"container\" data-e-type=\"container\" data-settings=\"{&quot;background_background&quot;:&quot;classic&quot;}\">\n\t\t\t\t<div class=\"elementor-element elementor-element-bc112a0 elementor-widget elementor-widget-image\" data-id=\"bc112a0\" data-element_type=\"widget\" data-e-type=\"widget\" data-widget_type=\"image.default\">\n\t\t\t\t\t\t\t\t\t\t\t\t\t\t\t\t<a href=\"https:\/\/ferrazlynce.pt\/en\/cuidado-auricular\/\">\n\t\t\t\t\t\t\t<img decoding=\"async\" width=\"311\" height=\"311\" src=\"https:\/\/ferrazlynce.pt\/wp-content\/uploads\/2025\/10\/cuidadoAuricular.svg\" class=\"attachment-full size-full wp-image-550\" alt=\"\" \/>\t\t\t\t\t\t\t\t<\/a>\n\t\t\t\t\t\t\t\t\t\t\t\t\t\t\t<\/div>\n\t\t\t\t<div class=\"elementor-element elementor-element-dcd7bef elementor-widget elementor-widget-heading\" data-id=\"dcd7bef\" data-element_type=\"widget\" data-e-type=\"widget\" data-widget_type=\"heading.default\">\n\t\t\t\t\t<h2 class=\"elementor-heading-title elementor-size-default\"><a href=\"https:\/\/ferrazlynce.pt\/en\/cuidado-auricular\/\">Ear<br>Care<\/a><\/h2>\t\t\t\t<\/div>\n\t\t\t\t<\/div>\n\t\t<div class=\"elementor-element elementor-element-2f0eb29 e-con-full e-flex e-con e-child\" data-id=\"2f0eb29\" data-element_type=\"container\" data-e-type=\"container\" data-settings=\"{&quot;background_background&quot;:&quot;classic&quot;}\">\n\t\t\t\t<div class=\"elementor-element elementor-element-d4073e4 elementor-widget elementor-widget-image\" data-id=\"d4073e4\" data-element_type=\"widget\" data-e-type=\"widget\" data-widget_type=\"image.default\">\n\t\t\t\t\t\t\t\t\t\t\t\t\t\t\t\t<a href=\"https:\/\/ferrazlynce.pt\/en\/higiene-e-saude-oral\/\">\n\t\t\t\t\t\t\t<img decoding=\"async\" width=\"311\" height=\"311\" src=\"https:\/\/ferrazlynce.pt\/wp-content\/uploads\/2025\/10\/higieneOral.svg\" class=\"attachment-full size-full wp-image-519\" alt=\"\" \/>\t\t\t\t\t\t\t\t<\/a>\n\t\t\t\t\t\t\t\t\t\t\t\t\t\t\t<\/div>\n\t\t\t\t<div class=\"elementor-element elementor-element-686d132 elementor-widget elementor-widget-heading\" data-id=\"686d132\" data-element_type=\"widget\" data-e-type=\"widget\" data-widget_type=\"heading.default\">\n\t\t\t\t\t<h2 class=\"elementor-heading-title elementor-size-default\"><a href=\"https:\/\/ferrazlynce.pt\/en\/higiene-e-saude-oral\/\">Oral Hygiene<br>and Health<\/a><\/h2>\t\t\t\t<\/div>\n\t\t\t\t<\/div>\n\t\t<div class=\"elementor-element elementor-element-27a0693 e-con-full e-flex e-con e-child\" data-id=\"27a0693\" data-element_type=\"container\" data-e-type=\"container\" data-settings=\"{&quot;background_background&quot;:&quot;classic&quot;}\">\n\t\t\t\t<div class=\"elementor-element elementor-element-fbb4d76 elementor-widget elementor-widget-image\" data-id=\"fbb4d76\" data-element_type=\"widget\" data-e-type=\"widget\" data-widget_type=\"image.default\">\n\t\t\t\t\t\t\t\t\t\t\t\t\t\t\t\t<a href=\"#\">\n\t\t\t\t\t\t\t<img loading=\"lazy\" decoding=\"async\" width=\"311\" height=\"311\" src=\"https:\/\/ferrazlynce.pt\/wp-content\/uploads\/2025\/10\/infecoesUrinarias.svg\" class=\"attachment-full size-full wp-image-562\" alt=\"\" \/>\t\t\t\t\t\t\t\t<\/a>\n\t\t\t\t\t\t\t\t\t\t\t\t\t\t\t<\/div>\n\t\t\t\t<div class=\"elementor-element elementor-element-90bb009 elementor-widget elementor-widget-heading\" data-id=\"90bb009\" data-element_type=\"widget\" data-e-type=\"widget\" data-widget_type=\"heading.default\">\n\t\t\t\t\t<h2 class=\"elementor-heading-title elementor-size-default\">Urinary Tract<br>Infections<\/h2>\t\t\t\t<\/div>\n\t\t\t\t<\/div>\n\t\t<div class=\"elementor-element elementor-element-00408f1 e-con-full e-flex e-con e-child\" data-id=\"00408f1\" data-element_type=\"container\" data-e-type=\"container\" data-settings=\"{&quot;background_background&quot;:&quot;classic&quot;}\">\n\t\t\t\t<div class=\"elementor-element elementor-element-5872add elementor-widget elementor-widget-image\" data-id=\"5872add\" data-element_type=\"widget\" data-e-type=\"widget\" data-widget_type=\"image.default\">\n\t\t\t\t\t\t\t\t\t\t\t\t\t\t\t\t<a href=\"https:\/\/ferrazlynce.pt\/en\/obstipacao\/\">\n\t\t\t\t\t\t\t<img loading=\"lazy\" decoding=\"async\" width=\"311\" height=\"311\" src=\"https:\/\/ferrazlynce.pt\/wp-content\/uploads\/2025\/10\/obstipacao.svg\" class=\"attachment-full size-full wp-image-569\" alt=\"\" \/>\t\t\t\t\t\t\t\t<\/a>\n\t\t\t\t\t\t\t\t\t\t\t\t\t\t\t<\/div>\n\t\t\t\t<div class=\"elementor-element elementor-element-d4bc831 elementor-widget elementor-widget-heading\" data-id=\"d4bc831\" data-element_type=\"widget\" data-e-type=\"widget\" data-widget_type=\"heading.default\">\n\t\t\t\t\t<h2 class=\"elementor-heading-title elementor-size-default\"><a href=\"https:\/\/ferrazlynce.pt\/en\/obstipacao\/\">Constipation<\/a><\/h2>\t\t\t\t<\/div>\n\t\t\t\t<\/div>\n\t\t<div class=\"elementor-element elementor-element-8042161 e-con-full e-flex e-con e-child\" data-id=\"8042161\" data-element_type=\"container\" data-e-type=\"container\" data-settings=\"{&quot;background_background&quot;:&quot;classic&quot;}\">\n\t\t\t\t<div class=\"elementor-element elementor-element-d8cc191 elementor-widget elementor-widget-image\" data-id=\"d8cc191\" data-element_type=\"widget\" data-e-type=\"widget\" data-widget_type=\"image.default\">\n\t\t\t\t\t\t\t\t\t\t\t\t\t\t\t\t<a href=\"https:\/\/ferrazlynce.pt\/en\/saude-e-bem-estar\/\">\n\t\t\t\t\t\t\t<img loading=\"lazy\" decoding=\"async\" width=\"311\" height=\"311\" src=\"https:\/\/ferrazlynce.pt\/wp-content\/uploads\/2025\/10\/Bemestar.svg\" class=\"attachment-full size-full wp-image-558\" alt=\"\" \/>\t\t\t\t\t\t\t\t<\/a>\n\t\t\t\t\t\t\t\t\t\t\t\t\t\t\t<\/div>\n\t\t\t\t<div class=\"elementor-element elementor-element-1ff8248 elementor-widget elementor-widget-heading\" data-id=\"1ff8248\" data-element_type=\"widget\" data-e-type=\"widget\" data-widget_type=\"heading.default\">\n\t\t\t\t\t<h2 class=\"elementor-heading-title elementor-size-default\"><a href=\"https:\/\/ferrazlynce.pt\/en\/saude-e-bem-estar\/\">Health and<br>Well-being<\/a><\/h2>\t\t\t\t<\/div>\n\t\t\t\t<\/div>\n\t\t\t\t<\/div>\n\t\t\t\t<\/div>\n\t\t<div class=\"elementor-element elementor-element-445aced e-con-full e-flex e-con e-parent\" data-id=\"445aced\" data-element_type=\"container\" data-e-type=\"container\">\n\t\t\t\t<div class=\"elementor-element elementor-element-afae519 elementor-widget elementor-widget-image\" data-id=\"afae519\" data-element_type=\"widget\" data-e-type=\"widget\" data-widget_type=\"image.default\">\n\t\t\t\t\t\t\t\t\t\t\t\t\t\t\t<img loading=\"lazy\" decoding=\"async\" width=\"2377\" height=\"385\" src=\"https:\/\/ferrazlynce.pt\/wp-content\/uploads\/2025\/11\/banner-ellura.webp\" class=\"attachment-full size-full wp-image-1310\" alt=\"\" srcset=\"https:\/\/ferrazlynce.pt\/wp-content\/uploads\/2025\/11\/banner-ellura.webp 2377w, https:\/\/ferrazlynce.pt\/wp-content\/uploads\/2025\/11\/banner-ellura-300x49.webp 300w, https:\/\/ferrazlynce.pt\/wp-content\/uploads\/2025\/11\/banner-ellura-1024x166.webp 1024w, https:\/\/ferrazlynce.pt\/wp-content\/uploads\/2025\/11\/banner-ellura-768x124.webp 768w, https:\/\/ferrazlynce.pt\/wp-content\/uploads\/2025\/11\/banner-ellura-1536x249.webp 1536w, https:\/\/ferrazlynce.pt\/wp-content\/uploads\/2025\/11\/banner-ellura-2048x332.webp 2048w\" sizes=\"(max-width: 2377px) 100vw, 2377px\" \/>\t\t\t\t\t\t\t\t\t\t\t\t\t\t\t<\/div>\n\t\t\t\t<\/div>\n\t\t<div class=\"elementor-element elementor-element-15c48d4 e-con-full e-flex e-con e-parent\" data-id=\"15c48d4\" data-element_type=\"container\" data-e-type=\"container\">\n\t\t<div class=\"elementor-element elementor-element-82bcd31 e-con-full e-flex e-con e-child\" data-id=\"82bcd31\" data-element_type=\"container\" data-e-type=\"container\">\n\t\t<div class=\"elementor-element elementor-element-49e921b e-con-full e-flex e-con e-child\" data-id=\"49e921b\" data-element_type=\"container\" data-e-type=\"container\">\n\t\t\t\t<div class=\"elementor-element elementor-element-a1f86ad elementor-widget elementor-widget-spacer\" data-id=\"a1f86ad\" data-element_type=\"widget\" data-e-type=\"widget\" data-widget_type=\"spacer.default\">\n\t\t\t\t\t\t\t<div class=\"elementor-spacer\">\n\t\t\t<div class=\"elementor-spacer-inner\"><\/div>\n\t\t<\/div>\n\t\t\t\t\t\t<\/div>\n\t\t\t\t<div class=\"elementor-element elementor-element-2cf3298 elementor-widget elementor-widget-heading\" data-id=\"2cf3298\" data-element_type=\"widget\" data-e-type=\"widget\" data-widget_type=\"heading.default\">\n\t\t\t\t\t<h2 class=\"elementor-heading-title elementor-size-default\">Ellura<\/h2>\t\t\t\t<\/div>\n\t\t\t\t<div class=\"elementor-element elementor-element-3b383f6 elementor-widget elementor-widget-heading\" data-id=\"3b383f6\" data-element_type=\"widget\" data-e-type=\"widget\" data-widget_type=\"heading.default\">\n\t\t\t\t\t<h3 class=\"elementor-heading-title elementor-size-default\">&gt;Urinary Tract Infections<\/h3>\t\t\t\t<\/div>\n\t\t\t\t<\/div>\n\t\t<div class=\"elementor-element elementor-element-85abf52 e-con-full e-flex e-con e-child\" data-id=\"85abf52\" data-element_type=\"container\" data-e-type=\"container\">\n\t\t<div class=\"elementor-element elementor-element-3617311 e-con-full e-flex e-con e-child\" data-id=\"3617311\" data-element_type=\"container\" data-e-type=\"container\">\n\t\t\t\t<div class=\"elementor-element elementor-element-9c4fce5 elementor-widget elementor-widget-image\" data-id=\"9c4fce5\" data-element_type=\"widget\" data-e-type=\"widget\" data-widget_type=\"image.default\">\n\t\t\t\t\t\t\t\t\t\t\t\t\t\t\t<img loading=\"lazy\" decoding=\"async\" width=\"1276\" height=\"828\" src=\"https:\/\/ferrazlynce.pt\/wp-content\/uploads\/2025\/10\/ellura_2.webp\" class=\"attachment-full size-full wp-image-484\" alt=\"\" srcset=\"https:\/\/ferrazlynce.pt\/wp-content\/uploads\/2025\/10\/ellura_2.webp 1276w, https:\/\/ferrazlynce.pt\/wp-content\/uploads\/2025\/10\/ellura_2-300x195.webp 300w, https:\/\/ferrazlynce.pt\/wp-content\/uploads\/2025\/10\/ellura_2-1024x664.webp 1024w, https:\/\/ferrazlynce.pt\/wp-content\/uploads\/2025\/10\/ellura_2-768x498.webp 768w\" sizes=\"(max-width: 1276px) 100vw, 1276px\" \/>\t\t\t\t\t\t\t\t\t\t\t\t\t\t\t<\/div>\n\t\t\t\t<div class=\"elementor-element elementor-element-1c20756 elementor-widget elementor-widget-text-editor\" data-id=\"1c20756\" data-element_type=\"widget\" data-e-type=\"widget\" data-widget_type=\"text-editor.default\">\n\t\t\t\t\t\t\t\t\t<p>CNP: 5810239<\/p>\t\t\t\t\t\t\t\t<\/div>\n\t\t\t\t<div class=\"elementor-element elementor-element-635ff9c elementor-align-center elementor-widget elementor-widget-button\" data-id=\"635ff9c\" data-element_type=\"widget\" data-e-type=\"widget\" data-widget_type=\"button.default\">\n\t\t\t\t\t\t\t\t\t\t<a class=\"elementor-button elementor-button-link elementor-size-sm\" href=\"https:\/\/ferrazlynce.pt\/wp-content\/uploads\/2025\/11\/Folheto-informativo_Ellura.pdf\">\n\t\t\t\t\t\t<span class=\"elementor-button-content-wrapper\">\n\t\t\t\t\t\t\t\t\t<span class=\"elementor-button-text\">Package Leaflet<\/span>\n\t\t\t\t\t<\/span>\n\t\t\t\t\t<\/a>\n\t\t\t\t\t\t\t\t<\/div>\n\t\t\t\t<\/div>\n\t\t<div class=\"elementor-element elementor-element-204312b e-con-full e-flex e-con e-child\" data-id=\"204312b\" data-element_type=\"container\" data-e-type=\"container\">\n\t\t\t\t<div class=\"elementor-element elementor-element-6160b44 elementor-widget elementor-widget-heading\" data-id=\"6160b44\" data-element_type=\"widget\" data-e-type=\"widget\" data-widget_type=\"heading.default\">\n\t\t\t\t\t<h2 class=\"elementor-heading-title elementor-size-default\">Indications<\/h2>\t\t\t\t<\/div>\n\t\t\t\t<div class=\"elementor-element elementor-element-db0d533 elementor-widget elementor-widget-text-editor\" data-id=\"db0d533\" data-element_type=\"widget\" data-e-type=\"widget\" data-widget_type=\"text-editor.default\">\n\t\t\t\t\t\t\t\t\t<p data-pm-slice=\"0 0 []\">Ellura is a traditional herbal medicine used for the prevention of recurrent acute, uncomplicated lower urinary tract infections (cystitis), without contributing to antibiotic resistance.<\/p><p>The active substance per capsule is 195-216 mg of extract (in the form of a dry, refined extract) from the juice of Vaccinium macrocarpon Aiton (cranberry), corresponding to 36 mg of proanthocyanidins (PAC), calculated as PAC-A2.<\/p>\t\t\t\t\t\t\t\t<\/div>\n\t\t\t\t<div class=\"elementor-element elementor-element-58fb27c elementor-widget elementor-widget-heading\" data-id=\"58fb27c\" data-element_type=\"widget\" data-e-type=\"widget\" data-widget_type=\"heading.default\">\n\t\t\t\t\t<h2 class=\"elementor-heading-title elementor-size-default\">Posology<\/h2>\t\t\t\t<\/div>\n\t\t\t\t<div class=\"elementor-element elementor-element-827cde0 elementor-widget elementor-widget-text-editor\" data-id=\"827cde0\" data-element_type=\"widget\" data-e-type=\"widget\" data-widget_type=\"text-editor.default\">\n\t\t\t\t\t\t\t\t\t<p>The recommended dose for adult women, including the elderly, is one capsule per day.<br \/>uma c\u00e1psula, uma vez por dia.<\/p>\t\t\t\t\t\t\t\t<\/div>\n\t\t\t\t<div class=\"elementor-element elementor-element-90da909 elementor-widget elementor-widget-heading\" data-id=\"90da909\" data-element_type=\"widget\" data-e-type=\"widget\" data-widget_type=\"heading.default\">\n\t\t\t\t\t<h2 class=\"elementor-heading-title elementor-size-default\">Presentation<\/h2>\t\t\t\t<\/div>\n\t\t\t\t<div class=\"elementor-element elementor-element-6baa82f elementor-widget elementor-widget-text-editor\" data-id=\"6baa82f\" data-element_type=\"widget\" data-e-type=\"widget\" data-widget_type=\"text-editor.default\">\n\t\t\t\t\t\t\t\t\t<p>Pack of 15 capsules.<\/p>\t\t\t\t\t\t\t\t<\/div>\n\t\t\t\t<\/div>\n\t\t\t\t<\/div>\n\t\t\t\t<\/div>\n\t\t\t\t<\/div>\n\t\t<div class=\"elementor-element elementor-element-fd86b37 e-con-full e-flex e-con e-parent\" data-id=\"fd86b37\" data-element_type=\"container\" data-e-type=\"container\">\n\t\t<div class=\"elementor-element elementor-element-21e6b7e e-con-full e-flex e-con e-child\" data-id=\"21e6b7e\" data-element_type=\"container\" data-e-type=\"container\">\n\t\t\t\t<div class=\"elementor-element elementor-element-72c8a95 elementor-widget elementor-widget-spacer\" data-id=\"72c8a95\" data-element_type=\"widget\" data-e-type=\"widget\" data-widget_type=\"spacer.default\">\n\t\t\t\t\t\t\t<div class=\"elementor-spacer\">\n\t\t\t<div class=\"elementor-spacer-inner\"><\/div>\n\t\t<\/div>\n\t\t\t\t\t\t<\/div>\n\t\t\t\t<div class=\"elementor-element elementor-element-8102cfa elementor-widget elementor-widget-text-editor\" data-id=\"8102cfa\" data-element_type=\"widget\" data-e-type=\"widget\" data-widget_type=\"text-editor.default\">\n\t\t\t\t\t\t\t\t\t<p>ELLURA capsules are a non-prescription medicine. Each capsule contains 195-216 mg of extract (in the form of a dry, refined extract) from the juice of Vaccinium macrocarpon Aiton (cranberry), corresponding to 36 mg of proanthocyanidins (PAC). Therapeutic indication: Used for the prevention of recurrent acute, uncomplicated lower urinary tract infections (cystitis). It is a traditional herbal medicine for use in the specified indication(s), based exclusively on long-standing use. Posology and method of administration: Women over 18 years of age, including the elderly: 1 capsule per day, for at least 15 consecutive days, after completing the antibiotic treatment for the last urinary infection, repeating the treatment at least 4 times per year. Warnings: Do not take this medicine if you are allergic to Vaccinium macrocarpon Aiton or any of the other ingredients. The recommended daily dose should not be exceeded. Medical advice should be sought if any of the following symptoms develop: fever, muscle stiffness, abdominal pain, back pain, haematuria, urinary retention or urinary incontinence. Medical advice should also be sought, or the usual treatment resumed, if cystitis symptoms reappear. Use in children and adolescents under 18 years of age is not recommended. Interactions: Several cases of interaction between cranberry juice and warfarin have been reported. Concomitant use of anticoagulants with Ellura, or with other products containing cranberry juice, is contraindicated. There is no evidence that the possible interaction between cranberry juice and amoxicillin or cefaclor has clinically significant effects on these antibiotics. Patients taking immunosuppressants should avoid using products containing cranberry. Patients undergoing chemotherapy are advised not to use products containing cranberry. Read the information on the packaging and in the package leaflet carefully. If you have any doubts, or if symptoms persist, consult your doctor or pharmacist. Marketing Authorisation Holder: Laboratoire Pharmaceutique Pharmatoka S.A.S, France. Local representative of the Marketing Authorisation Holder: FERRAZ, LYNCE, ESPECIALIDADES FARMAC\u00caUTICAS, S.A. Estrada Consiglieri Pedroso, 123, Queluz de Baixo 2734-501 BARCARENA. TIN 500113270. Date of revision of the text: 05\/2022<\/p>\t\t\t\t\t\t\t\t<\/div>\n\t\t\t\t<div class=\"elementor-element elementor-element-aab9f2b elementor-widget elementor-widget-text-editor\" data-id=\"aab9f2b\" data-element_type=\"widget\" data-e-type=\"widget\" data-widget_type=\"text-editor.default\">\n\t\t\t\t\t\t\t\t\t<p data-pm-slice=\"0 0 []\">ELA 02_01_25 Setembro 2025<\/p>\t\t\t\t\t\t\t\t<\/div>\n\t\t\t\t<div class=\"elementor-element elementor-element-cabfbbc elementor-widget elementor-widget-spacer\" data-id=\"cabfbbc\" data-element_type=\"widget\" data-e-type=\"widget\" data-widget_type=\"spacer.default\">\n\t\t\t\t\t\t\t<div class=\"elementor-spacer\">\n\t\t\t<div class=\"elementor-spacer-inner\"><\/div>\n\t\t<\/div>\n\t\t\t\t\t\t<\/div>\n\t\t\t\t<\/div>\n\t\t\t\t<\/div>\n\t\t\t\t<\/div>","protected":false},"excerpt":{"rendered":"<p>\u00c1reas Antianginosos Anticoagulante CuidadoAuricular Higiene eSa\u00fade Oral Infe\u00e7\u00f5es doTrato Urin\u00e1rio Obstipa\u00e7\u00e3o Sa\u00fade eBem Estar Ellura &gt;Infe\u00e7\u00f5es do Trato Urin\u00e1rio CNP: 5810239 Folheto Informativo Indica\u00e7\u00f5es Ellura \u00e9 um medicamento tradicional \u00e0 base de plantas utilizado na preven\u00e7\u00e3o da recorr\u00eancia de infe\u00e7\u00f5es agudas n\u00e3o complicadas do trato urin\u00e1rio inferior (cistites), sem contribuir para a resist\u00eancia aos antibi\u00f3ticos. [&hellip;]<\/p>\n","protected":false},"author":1,"featured_media":0,"parent":0,"menu_order":0,"comment_status":"closed","ping_status":"closed","template":"","meta":{"footnotes":""},"class_list":["post-638","page","type-page","status-publish","hentry"],"_links":{"self":[{"href":"https:\/\/ferrazlynce.pt\/en\/wp-json\/wp\/v2\/pages\/638","targetHints":{"allow":["GET"]}}],"collection":[{"href":"https:\/\/ferrazlynce.pt\/en\/wp-json\/wp\/v2\/pages"}],"about":[{"href":"https:\/\/ferrazlynce.pt\/en\/wp-json\/wp\/v2\/types\/page"}],"author":[{"embeddable":true,"href":"https:\/\/ferrazlynce.pt\/en\/wp-json\/wp\/v2\/users\/1"}],"replies":[{"embeddable":true,"href":"https:\/\/ferrazlynce.pt\/en\/wp-json\/wp\/v2\/comments?post=638"}],"version-history":[{"count":16,"href":"https:\/\/ferrazlynce.pt\/en\/wp-json\/wp\/v2\/pages\/638\/revisions"}],"predecessor-version":[{"id":1982,"href":"https:\/\/ferrazlynce.pt\/en\/wp-json\/wp\/v2\/pages\/638\/revisions\/1982"}],"wp:attachment":[{"href":"https:\/\/ferrazlynce.pt\/en\/wp-json\/wp\/v2\/media?parent=638"}],"curies":[{"name":"wp","href":"https:\/\/api.w.org\/{rel}","templated":true}]}}