{"id":640,"date":"2025-10-15T11:18:29","date_gmt":"2025-10-15T11:18:29","guid":{"rendered":"https:\/\/ferrazlynce.pt\/?page_id=640"},"modified":"2025-12-17T13:38:23","modified_gmt":"2025-12-17T13:38:23","slug":"obstipacao","status":"publish","type":"page","link":"https:\/\/ferrazlynce.pt\/en\/obstipacao\/","title":{"rendered":"Constipation"},"content":{"rendered":"<div data-elementor-type=\"wp-page\" data-elementor-id=\"640\" class=\"elementor elementor-640\" data-elementor-post-type=\"page\">\n\t\t\t\t<div class=\"elementor-element elementor-element-9b24c6d e-con-full e-flex e-con e-parent\" data-id=\"9b24c6d\" data-element_type=\"container\" data-e-type=\"container\" data-settings=\"{&quot;background_background&quot;:&quot;classic&quot;}\">\n\t\t\t\t<div class=\"elementor-element elementor-element-f1c10cc elementor-widget elementor-widget-heading\" data-id=\"f1c10cc\" data-element_type=\"widget\" data-e-type=\"widget\" data-widget_type=\"heading.default\">\n\t\t\t\t\t<h2 class=\"elementor-heading-title elementor-size-default\">Areas<\/h2>\t\t\t\t<\/div>\n\t\t\t\t<\/div>\n\t\t<div class=\"elementor-element elementor-element-d35ef5f e-con-full e-flex e-con e-parent\" data-id=\"d35ef5f\" data-element_type=\"container\" data-e-type=\"container\">\n\t\t<div class=\"elementor-element elementor-element-fc2d346 e-con-full e-flex e-con e-child\" data-id=\"fc2d346\" data-element_type=\"container\" data-e-type=\"container\" data-settings=\"{&quot;background_background&quot;:&quot;classic&quot;}\">\n\t\t<div class=\"elementor-element elementor-element-6a344a8 e-con-full e-flex e-con e-child\" data-id=\"6a344a8\" data-element_type=\"container\" data-e-type=\"container\" data-settings=\"{&quot;background_background&quot;:&quot;classic&quot;}\">\n\t\t\t\t<div class=\"elementor-element elementor-element-2a87191 elementor-widget elementor-widget-image\" data-id=\"2a87191\" data-element_type=\"widget\" data-e-type=\"widget\" data-widget_type=\"image.default\">\n\t\t\t\t\t\t\t\t\t\t\t\t\t\t\t\t<a href=\"https:\/\/ferrazlynce.pt\/en\/antianginosos\/\">\n\t\t\t\t\t\t\t<img fetchpriority=\"high\" decoding=\"async\" width=\"311\" height=\"311\" src=\"https:\/\/ferrazlynce.pt\/wp-content\/uploads\/2025\/10\/anticoagulante.svg\" class=\"attachment-full size-full wp-image-573\" alt=\"\" \/>\t\t\t\t\t\t\t\t<\/a>\n\t\t\t\t\t\t\t\t\t\t\t\t\t\t\t<\/div>\n\t\t\t\t<div class=\"elementor-element elementor-element-2b9fc5e elementor-widget elementor-widget-heading\" data-id=\"2b9fc5e\" data-element_type=\"widget\" data-e-type=\"widget\" data-widget_type=\"heading.default\">\n\t\t\t\t\t<h2 class=\"elementor-heading-title elementor-size-default\"><a href=\"https:\/\/ferrazlynce.pt\/en\/antianginosos\/\">Antianginals<\/a><\/h2>\t\t\t\t<\/div>\n\t\t\t\t<\/div>\n\t\t<div class=\"elementor-element elementor-element-c51d318 e-con-full e-flex e-con e-child\" data-id=\"c51d318\" data-element_type=\"container\" data-e-type=\"container\" data-settings=\"{&quot;background_background&quot;:&quot;classic&quot;}\">\n\t\t\t\t<div class=\"elementor-element elementor-element-c580d65 elementor-widget elementor-widget-image\" data-id=\"c580d65\" data-element_type=\"widget\" data-e-type=\"widget\" data-widget_type=\"image.default\">\n\t\t\t\t\t\t\t\t\t\t\t\t\t\t\t\t<a href=\"https:\/\/ferrazlynce.pt\/en\/anticoagulante\/\">\n\t\t\t\t\t\t\t<img fetchpriority=\"high\" decoding=\"async\" width=\"311\" height=\"311\" src=\"https:\/\/ferrazlynce.pt\/wp-content\/uploads\/2025\/10\/anticoagulante.svg\" class=\"attachment-full size-full wp-image-573\" alt=\"\" \/>\t\t\t\t\t\t\t\t<\/a>\n\t\t\t\t\t\t\t\t\t\t\t\t\t\t\t<\/div>\n\t\t\t\t<div class=\"elementor-element elementor-element-da292db elementor-widget elementor-widget-heading\" data-id=\"da292db\" data-element_type=\"widget\" data-e-type=\"widget\" data-widget_type=\"heading.default\">\n\t\t\t\t\t<h2 class=\"elementor-heading-title elementor-size-default\"><a href=\"https:\/\/ferrazlynce.pt\/en\/anticoagulante\/\">Anticoagulant<\/a><\/h2>\t\t\t\t<\/div>\n\t\t\t\t<\/div>\n\t\t<div class=\"elementor-element elementor-element-4c9a0ea e-con-full e-flex e-con e-child\" data-id=\"4c9a0ea\" data-element_type=\"container\" data-e-type=\"container\" data-settings=\"{&quot;background_background&quot;:&quot;classic&quot;}\">\n\t\t\t\t<div class=\"elementor-element elementor-element-3a454f5 elementor-widget elementor-widget-image\" data-id=\"3a454f5\" data-element_type=\"widget\" data-e-type=\"widget\" data-widget_type=\"image.default\">\n\t\t\t\t\t\t\t\t\t\t\t\t\t\t\t\t<a href=\"https:\/\/ferrazlynce.pt\/en\/cuidado-auricular\/\">\n\t\t\t\t\t\t\t<img decoding=\"async\" width=\"311\" height=\"311\" src=\"https:\/\/ferrazlynce.pt\/wp-content\/uploads\/2025\/10\/cuidadoAuricular.svg\" class=\"attachment-full size-full wp-image-550\" alt=\"\" \/>\t\t\t\t\t\t\t\t<\/a>\n\t\t\t\t\t\t\t\t\t\t\t\t\t\t\t<\/div>\n\t\t\t\t<div class=\"elementor-element elementor-element-cb63a97 elementor-widget elementor-widget-heading\" data-id=\"cb63a97\" data-element_type=\"widget\" data-e-type=\"widget\" data-widget_type=\"heading.default\">\n\t\t\t\t\t<h2 class=\"elementor-heading-title elementor-size-default\"><a href=\"https:\/\/ferrazlynce.pt\/en\/cuidado-auricular\/\">Ear<br>Care<\/a><\/h2>\t\t\t\t<\/div>\n\t\t\t\t<\/div>\n\t\t<div class=\"elementor-element elementor-element-358f3f8 e-con-full e-flex e-con e-child\" data-id=\"358f3f8\" data-element_type=\"container\" data-e-type=\"container\" data-settings=\"{&quot;background_background&quot;:&quot;classic&quot;}\">\n\t\t\t\t<div class=\"elementor-element elementor-element-929d5ed elementor-widget elementor-widget-image\" data-id=\"929d5ed\" data-element_type=\"widget\" data-e-type=\"widget\" data-widget_type=\"image.default\">\n\t\t\t\t\t\t\t\t\t\t\t\t\t\t\t\t<a href=\"https:\/\/ferrazlynce.pt\/en\/higiene-e-saude-oral\/\">\n\t\t\t\t\t\t\t<img decoding=\"async\" width=\"311\" height=\"311\" src=\"https:\/\/ferrazlynce.pt\/wp-content\/uploads\/2025\/10\/higieneOral.svg\" class=\"attachment-full size-full wp-image-519\" alt=\"\" \/>\t\t\t\t\t\t\t\t<\/a>\n\t\t\t\t\t\t\t\t\t\t\t\t\t\t\t<\/div>\n\t\t\t\t<div class=\"elementor-element elementor-element-989c707 elementor-widget elementor-widget-heading\" data-id=\"989c707\" data-element_type=\"widget\" data-e-type=\"widget\" data-widget_type=\"heading.default\">\n\t\t\t\t\t<h2 class=\"elementor-heading-title elementor-size-default\"><a href=\"https:\/\/ferrazlynce.pt\/en\/higiene-e-saude-oral\/\">Oral Hygiene<br>and Health<\/a><\/h2>\t\t\t\t<\/div>\n\t\t\t\t<\/div>\n\t\t<div class=\"elementor-element elementor-element-0d96b00 e-con-full e-flex e-con e-child\" data-id=\"0d96b00\" data-element_type=\"container\" data-e-type=\"container\" data-settings=\"{&quot;background_background&quot;:&quot;classic&quot;}\">\n\t\t\t\t<div class=\"elementor-element elementor-element-aa25387 elementor-widget elementor-widget-image\" data-id=\"aa25387\" data-element_type=\"widget\" data-e-type=\"widget\" data-widget_type=\"image.default\">\n\t\t\t\t\t\t\t\t\t\t\t\t\t\t\t\t<a href=\"https:\/\/ferrazlynce.pt\/en\/infecoes-do-trato-urinario\/\">\n\t\t\t\t\t\t\t<img loading=\"lazy\" decoding=\"async\" width=\"311\" height=\"311\" src=\"https:\/\/ferrazlynce.pt\/wp-content\/uploads\/2025\/10\/infecoesUrinarias.svg\" class=\"attachment-full size-full wp-image-562\" alt=\"\" \/>\t\t\t\t\t\t\t\t<\/a>\n\t\t\t\t\t\t\t\t\t\t\t\t\t\t\t<\/div>\n\t\t\t\t<div class=\"elementor-element elementor-element-20d0f50 elementor-widget elementor-widget-heading\" data-id=\"20d0f50\" data-element_type=\"widget\" data-e-type=\"widget\" data-widget_type=\"heading.default\">\n\t\t\t\t\t<h2 class=\"elementor-heading-title elementor-size-default\"><a href=\"https:\/\/ferrazlynce.pt\/en\/infecoes-do-trato-urinario\/\">Urinary Tract<br>Infections<\/a><\/h2>\t\t\t\t<\/div>\n\t\t\t\t<\/div>\n\t\t<div class=\"elementor-element elementor-element-94428a3 e-con-full e-flex e-con e-child\" data-id=\"94428a3\" data-element_type=\"container\" data-e-type=\"container\" data-settings=\"{&quot;background_background&quot;:&quot;classic&quot;}\">\n\t\t\t\t<div class=\"elementor-element elementor-element-14318f4 elementor-widget elementor-widget-image\" data-id=\"14318f4\" data-element_type=\"widget\" data-e-type=\"widget\" data-widget_type=\"image.default\">\n\t\t\t\t\t\t\t\t\t\t\t\t\t\t\t\t<a href=\"#\">\n\t\t\t\t\t\t\t<img loading=\"lazy\" decoding=\"async\" width=\"311\" height=\"311\" src=\"https:\/\/ferrazlynce.pt\/wp-content\/uploads\/2025\/10\/obstipacao.svg\" class=\"attachment-full size-full wp-image-569\" alt=\"\" \/>\t\t\t\t\t\t\t\t<\/a>\n\t\t\t\t\t\t\t\t\t\t\t\t\t\t\t<\/div>\n\t\t\t\t<div class=\"elementor-element elementor-element-d4238ca elementor-widget elementor-widget-heading\" data-id=\"d4238ca\" data-element_type=\"widget\" data-e-type=\"widget\" data-widget_type=\"heading.default\">\n\t\t\t\t\t<h2 class=\"elementor-heading-title elementor-size-default\">Constipation<\/h2>\t\t\t\t<\/div>\n\t\t\t\t<\/div>\n\t\t<div class=\"elementor-element elementor-element-a0ebc4c e-con-full e-flex e-con e-child\" data-id=\"a0ebc4c\" data-element_type=\"container\" data-e-type=\"container\" data-settings=\"{&quot;background_background&quot;:&quot;classic&quot;}\">\n\t\t\t\t<div class=\"elementor-element elementor-element-fe5d6d1 elementor-widget elementor-widget-image\" data-id=\"fe5d6d1\" data-element_type=\"widget\" data-e-type=\"widget\" data-widget_type=\"image.default\">\n\t\t\t\t\t\t\t\t\t\t\t\t\t\t\t\t<a href=\"https:\/\/ferrazlynce.pt\/en\/saude-e-bem-estar\/\">\n\t\t\t\t\t\t\t<img loading=\"lazy\" decoding=\"async\" width=\"311\" height=\"311\" src=\"https:\/\/ferrazlynce.pt\/wp-content\/uploads\/2025\/10\/Bemestar.svg\" class=\"attachment-full size-full wp-image-558\" alt=\"\" \/>\t\t\t\t\t\t\t\t<\/a>\n\t\t\t\t\t\t\t\t\t\t\t\t\t\t\t<\/div>\n\t\t\t\t<div class=\"elementor-element elementor-element-c4673f3 elementor-widget elementor-widget-heading\" data-id=\"c4673f3\" data-element_type=\"widget\" data-e-type=\"widget\" data-widget_type=\"heading.default\">\n\t\t\t\t\t<h2 class=\"elementor-heading-title elementor-size-default\"><a href=\"https:\/\/ferrazlynce.pt\/en\/saude-e-bem-estar\/\">Health and<br>Well-being<\/a><\/h2>\t\t\t\t<\/div>\n\t\t\t\t<\/div>\n\t\t\t\t<\/div>\n\t\t\t\t<\/div>\n\t\t<div class=\"elementor-element elementor-element-23e489b e-con-full e-flex e-con e-parent\" data-id=\"23e489b\" data-element_type=\"container\" data-e-type=\"container\">\n\t\t\t\t<div class=\"elementor-element elementor-element-14d015f elementor-widget elementor-widget-image\" data-id=\"14d015f\" data-element_type=\"widget\" data-e-type=\"widget\" data-widget_type=\"image.default\">\n\t\t\t\t\t\t\t\t\t\t\t\t\t\t\t<img loading=\"lazy\" decoding=\"async\" width=\"2377\" height=\"385\" src=\"https:\/\/ferrazlynce.pt\/wp-content\/uploads\/2025\/11\/banner-laevolac.webp\" class=\"attachment-full size-full wp-image-1311\" alt=\"\" srcset=\"https:\/\/ferrazlynce.pt\/wp-content\/uploads\/2025\/11\/banner-laevolac.webp 2377w, https:\/\/ferrazlynce.pt\/wp-content\/uploads\/2025\/11\/banner-laevolac-300x49.webp 300w, https:\/\/ferrazlynce.pt\/wp-content\/uploads\/2025\/11\/banner-laevolac-1024x166.webp 1024w, https:\/\/ferrazlynce.pt\/wp-content\/uploads\/2025\/11\/banner-laevolac-768x124.webp 768w, https:\/\/ferrazlynce.pt\/wp-content\/uploads\/2025\/11\/banner-laevolac-1536x249.webp 1536w, https:\/\/ferrazlynce.pt\/wp-content\/uploads\/2025\/11\/banner-laevolac-2048x332.webp 2048w\" sizes=\"(max-width: 2377px) 100vw, 2377px\" \/>\t\t\t\t\t\t\t\t\t\t\t\t\t\t\t<\/div>\n\t\t\t\t<\/div>\n\t\t<div class=\"elementor-element elementor-element-9adffb9 e-con-full e-flex e-con e-parent\" data-id=\"9adffb9\" data-element_type=\"container\" data-e-type=\"container\">\n\t\t<div class=\"elementor-element elementor-element-98441a8 e-con-full e-flex e-con e-child\" data-id=\"98441a8\" data-element_type=\"container\" data-e-type=\"container\">\n\t\t<div class=\"elementor-element elementor-element-eba8f7d e-con-full e-flex e-con e-child\" data-id=\"eba8f7d\" data-element_type=\"container\" data-e-type=\"container\">\n\t\t\t\t<div class=\"elementor-element elementor-element-b643258 elementor-widget elementor-widget-spacer\" data-id=\"b643258\" data-element_type=\"widget\" data-e-type=\"widget\" data-widget_type=\"spacer.default\">\n\t\t\t\t\t\t\t<div class=\"elementor-spacer\">\n\t\t\t<div class=\"elementor-spacer-inner\"><\/div>\n\t\t<\/div>\n\t\t\t\t\t\t<\/div>\n\t\t\t\t<div class=\"elementor-element elementor-element-326b9ed elementor-widget elementor-widget-heading\" data-id=\"326b9ed\" data-element_type=\"widget\" data-e-type=\"widget\" data-widget_type=\"heading.default\">\n\t\t\t\t\t<h2 class=\"elementor-heading-title elementor-size-default\">Laevolac<\/h2>\t\t\t\t<\/div>\n\t\t\t\t<div class=\"elementor-element elementor-element-faa20af elementor-widget elementor-widget-heading\" data-id=\"faa20af\" data-element_type=\"widget\" data-e-type=\"widget\" data-widget_type=\"heading.default\">\n\t\t\t\t\t<h3 class=\"elementor-heading-title elementor-size-default\">&gt;Constipation<\/h3>\t\t\t\t<\/div>\n\t\t\t\t<\/div>\n\t\t<div class=\"elementor-element elementor-element-a4747ed e-con-full e-flex e-con e-child\" data-id=\"a4747ed\" data-element_type=\"container\" data-e-type=\"container\">\n\t\t<div class=\"elementor-element elementor-element-43ed303 e-con-full e-flex e-con e-child\" data-id=\"43ed303\" data-element_type=\"container\" data-e-type=\"container\">\n\t\t\t\t<div class=\"elementor-element elementor-element-6802711 elementor-widget elementor-widget-image\" data-id=\"6802711\" data-element_type=\"widget\" data-e-type=\"widget\" data-widget_type=\"image.default\">\n\t\t\t\t\t\t\t\t\t\t\t\t\t\t\t<img loading=\"lazy\" decoding=\"async\" width=\"1276\" height=\"828\" src=\"https:\/\/ferrazlynce.pt\/wp-content\/uploads\/2025\/10\/laevolac_2.webp\" class=\"attachment-full size-full wp-image-485\" alt=\"\" srcset=\"https:\/\/ferrazlynce.pt\/wp-content\/uploads\/2025\/10\/laevolac_2.webp 1276w, https:\/\/ferrazlynce.pt\/wp-content\/uploads\/2025\/10\/laevolac_2-300x195.webp 300w, https:\/\/ferrazlynce.pt\/wp-content\/uploads\/2025\/10\/laevolac_2-1024x664.webp 1024w, https:\/\/ferrazlynce.pt\/wp-content\/uploads\/2025\/10\/laevolac_2-768x498.webp 768w\" sizes=\"(max-width: 1276px) 100vw, 1276px\" \/>\t\t\t\t\t\t\t\t\t\t\t\t\t\t\t<\/div>\n\t\t\t\t<div class=\"elementor-element elementor-element-af00fde elementor-align-center elementor-widget elementor-widget-button\" data-id=\"af00fde\" data-element_type=\"widget\" data-e-type=\"widget\" data-widget_type=\"button.default\">\n\t\t\t\t\t\t\t\t\t\t<a class=\"elementor-button elementor-button-link elementor-size-sm\" href=\"https:\/\/ferrazlynce.pt\/wp-content\/uploads\/2025\/12\/pt-pil-laevolac_15.0_nov25.pdf\" target=\"_blank\">\n\t\t\t\t\t\t<span class=\"elementor-button-content-wrapper\">\n\t\t\t\t\t\t\t\t\t<span class=\"elementor-button-text\">Package Leaflet<\/span>\n\t\t\t\t\t<\/span>\n\t\t\t\t\t<\/a>\n\t\t\t\t\t\t\t\t<\/div>\n\t\t\t\t<div class=\"elementor-element elementor-element-715e1ea elementor-widget elementor-widget-spacer\" data-id=\"715e1ea\" data-element_type=\"widget\" data-e-type=\"widget\" data-widget_type=\"spacer.default\">\n\t\t\t\t\t\t\t<div class=\"elementor-spacer\">\n\t\t\t<div class=\"elementor-spacer-inner\"><\/div>\n\t\t<\/div>\n\t\t\t\t\t\t<\/div>\n\t\t\t\t<div class=\"elementor-element elementor-element-d20ab2b elementor-align-center elementor-widget elementor-widget-button\" data-id=\"d20ab2b\" data-element_type=\"widget\" data-e-type=\"widget\" data-widget_type=\"button.default\">\n\t\t\t\t\t\t\t\t\t\t<a class=\"elementor-button elementor-button-link elementor-size-sm\" href=\"https:\/\/ferrazlynce.pt\/wp-content\/uploads\/2025\/12\/pt-pil-laevolac-ameixa-xar_11.0_nov25.pdf\" target=\"_blank\">\n\t\t\t\t\t\t<span class=\"elementor-button-content-wrapper\">\n\t\t\t\t\t\t\t\t\t<span class=\"elementor-button-text\">Folheto Informativo Ameixa Xarope<\/span>\n\t\t\t\t\t<\/span>\n\t\t\t\t\t<\/a>\n\t\t\t\t\t\t\t\t<\/div>\n\t\t\t\t<div class=\"elementor-element elementor-element-45f1efc elementor-widget elementor-widget-spacer\" data-id=\"45f1efc\" data-element_type=\"widget\" data-e-type=\"widget\" data-widget_type=\"spacer.default\">\n\t\t\t\t\t\t\t<div class=\"elementor-spacer\">\n\t\t\t<div class=\"elementor-spacer-inner\"><\/div>\n\t\t<\/div>\n\t\t\t\t\t\t<\/div>\n\t\t\t\t<div class=\"elementor-element elementor-element-7f41c81 elementor-align-center elementor-widget elementor-widget-button\" data-id=\"7f41c81\" data-element_type=\"widget\" data-e-type=\"widget\" data-widget_type=\"button.default\">\n\t\t\t\t\t\t\t\t\t\t<a class=\"elementor-button elementor-button-link elementor-size-sm\" href=\"https:\/\/ferrazlynce.pt\/wp-content\/uploads\/2025\/12\/pt-pil-laevolac-ameixa-saq_10.0_nov25.pdf\" target=\"_blank\">\n\t\t\t\t\t\t<span class=\"elementor-button-content-wrapper\">\n\t\t\t\t\t\t\t\t\t<span class=\"elementor-button-text\">Folheto Informativo Ameixa Saquetas<\/span>\n\t\t\t\t\t<\/span>\n\t\t\t\t\t<\/a>\n\t\t\t\t\t\t\t\t<\/div>\n\t\t\t\t<\/div>\n\t\t<div class=\"elementor-element elementor-element-1556710 e-con-full e-flex e-con e-child\" data-id=\"1556710\" data-element_type=\"container\" data-e-type=\"container\">\n\t\t\t\t<div class=\"elementor-element elementor-element-a184ba9 elementor-widget elementor-widget-heading\" data-id=\"a184ba9\" data-element_type=\"widget\" data-e-type=\"widget\" data-widget_type=\"heading.default\">\n\t\t\t\t\t<h2 class=\"elementor-heading-title elementor-size-default\">Indications<\/h2>\t\t\t\t<\/div>\n\t\t\t\t<div class=\"elementor-element elementor-element-3e37471 elementor-widget elementor-widget-text-editor\" data-id=\"3e37471\" data-element_type=\"widget\" data-e-type=\"widget\" data-widget_type=\"text-editor.default\">\n\t\t\t\t\t\t\t\t\t<p data-pm-slice=\"0 0 []\">Laevolac is indicated for the treatment of chronic constipation (in all cases) and portosystemic encephalopathy (PSE): treatment and prevention of hepatic pre-coma and coma.<br \/>Each millilitre of syrup contains 666.7 mg of lactulose solution.<\/p>\t\t\t\t\t\t\t\t<\/div>\n\t\t\t\t<div class=\"elementor-element elementor-element-aa02a86 elementor-widget elementor-widget-heading\" data-id=\"aa02a86\" data-element_type=\"widget\" data-e-type=\"widget\" data-widget_type=\"heading.default\">\n\t\t\t\t\t<h2 class=\"elementor-heading-title elementor-size-default\">Posology<\/h2>\t\t\t\t<\/div>\n\t\t\t\t<div class=\"elementor-element elementor-element-14d3af0 elementor-widget elementor-widget-text-editor\" data-id=\"14d3af0\" data-element_type=\"widget\" data-e-type=\"widget\" data-widget_type=\"text-editor.default\">\n\t\t\t\t\t\t\t\t\t<p data-pm-slice=\"0 0 []\">The recommended average dose is 30 ml of syrup (each 15 ml sachet contains 10 g of lactulose; one tablespoon corresponds to 15 ml), divided into two doses, one before breakfast and one before lunch.<\/p>\t\t\t\t\t\t\t\t<\/div>\n\t\t\t\t<div class=\"elementor-element elementor-element-91bcbc5 elementor-widget elementor-widget-heading\" data-id=\"91bcbc5\" data-element_type=\"widget\" data-e-type=\"widget\" data-widget_type=\"heading.default\">\n\t\t\t\t\t<h2 class=\"elementor-heading-title elementor-size-default\">Presentation<\/h2>\t\t\t\t<\/div>\n\t\t\t\t<div class=\"elementor-element elementor-element-37851b6 elementor-widget elementor-widget-text-editor\" data-id=\"37851b6\" data-element_type=\"widget\" data-e-type=\"widget\" data-widget_type=\"text-editor.default\">\n\t\t\t\t\t\t\t\t\t<p data-pm-slice=\"0 0 []\">Laevolac 500 ml syrup bottle;<br \/>Laevolac 200 ml syrup bottle;<br \/>Laevolac 20 x 15 ml syrup sachets;<br \/>Laevolac Plum 200 ml syrup bottle;<br \/>Laevolac Plum 45 ml syrup bottle;<br \/>Laevolac Plum 30 x 15 ml syrup sachets.<\/p>\t\t\t\t\t\t\t\t<\/div>\n\t\t\t\t<div class=\"elementor-element elementor-element-3f9bb33 elementor-align-left elementor-mobile-align-center elementor-widget elementor-widget-button\" data-id=\"3f9bb33\" data-element_type=\"widget\" data-e-type=\"widget\" data-widget_type=\"button.default\">\n\t\t\t\t\t\t\t\t\t\t<a class=\"elementor-button elementor-button-link elementor-size-sm\" href=\"https:\/\/laevolac.pt\" target=\"_blank\" rel=\"noopener\">\n\t\t\t\t\t\t<span class=\"elementor-button-content-wrapper\">\n\t\t\t\t\t\t\t\t\t<span class=\"elementor-button-text\">Visit the Laevolac website<\/span>\n\t\t\t\t\t<\/span>\n\t\t\t\t\t<\/a>\n\t\t\t\t\t\t\t\t<\/div>\n\t\t\t\t<\/div>\n\t\t\t\t<\/div>\n\t\t\t\t<\/div>\n\t\t\t\t<\/div>\n\t\t<div class=\"elementor-element elementor-element-cf8e5df e-con-full e-flex e-con e-parent\" data-id=\"cf8e5df\" data-element_type=\"container\" data-e-type=\"container\">\n\t\t<div class=\"elementor-element elementor-element-9af06eb e-con-full e-flex e-con e-child\" data-id=\"9af06eb\" data-element_type=\"container\" data-e-type=\"container\">\n\t\t\t\t<div class=\"elementor-element elementor-element-e6d6456 elementor-widget elementor-widget-spacer\" data-id=\"e6d6456\" data-element_type=\"widget\" data-e-type=\"widget\" data-widget_type=\"spacer.default\">\n\t\t\t\t\t\t\t<div class=\"elementor-spacer\">\n\t\t\t<div class=\"elementor-spacer-inner\"><\/div>\n\t\t<\/div>\n\t\t\t\t\t\t<\/div>\n\t\t\t\t<div class=\"elementor-element elementor-element-36a4ae9 elementor-widget elementor-widget-text-editor\" data-id=\"36a4ae9\" data-element_type=\"widget\" data-e-type=\"widget\" data-widget_type=\"text-editor.default\">\n\t\t\t\t\t\t\t\t\t<p data-pm-slice=\"0 0 []\">Laevolac 666.7 mg\/ml and 10 g\/15 ml lactulose, and Laevolac Plum 666.7 mg\/ml and 10 g\/15 ml lactulose, are non-prescription medicines. Laevolac and Laevolac Plum are indicated for the treatment of chronic constipation (in all cases) and hepatic\/portosystemic encephalopathy. Contraindications: hypersensitivity to lactulose or to any of the excipients, galactosemia, lactose intolerance, galactose-free diet, intestinal obstruction or suspected paralytic ileus. Special warnings and precautions for use: The usual dose should not present a problem for diabetic patients, as the sugars contained in the syrup do not increase blood glucose levels. If diarrhoea occurs, the dose should be reduced; if this measure is not effective, the medicine should be discontinued. This product contains galactose and tagatose. If you are diabetic, you should take this into account. If you have been told that you are intolerant to certain sugars, consult your doctor before taking this medicine. Date of revision of the text: 09\/2024 Marketing Authorisation Holder: FERRAZ, LYNCE, ESPECIALIDADES FARMAC\u00caUTICAS, S.A. Estrada Consiglieri Pedroso, n\u00ba 123 \u2013 Queluz de Baixo 2734-501 BARCARENA, TIN 500113270. Read the information on the packaging and in the package leaflet carefully. In case of doubt or if symptoms persist, consult your doctor or pharmacist.<\/p>\t\t\t\t\t\t\t\t<\/div>\n\t\t\t\t<div class=\"elementor-element elementor-element-e2c7006 elementor-widget elementor-widget-text-editor\" data-id=\"e2c7006\" data-element_type=\"widget\" data-e-type=\"widget\" data-widget_type=\"text-editor.default\">\n\t\t\t\t\t\t\t\t\t<p data-pm-slice=\"0 0 []\">LAE 02_04_25 Setembro 2025<\/p>\t\t\t\t\t\t\t\t<\/div>\n\t\t\t\t<div class=\"elementor-element elementor-element-edf9227 elementor-widget elementor-widget-spacer\" data-id=\"edf9227\" data-element_type=\"widget\" data-e-type=\"widget\" data-widget_type=\"spacer.default\">\n\t\t\t\t\t\t\t<div class=\"elementor-spacer\">\n\t\t\t<div class=\"elementor-spacer-inner\"><\/div>\n\t\t<\/div>\n\t\t\t\t\t\t<\/div>\n\t\t\t\t<\/div>\n\t\t\t\t<\/div>\n\t\t\t\t<\/div>","protected":false},"excerpt":{"rendered":"<p>\u00c1reas Antianginosos Anticoagulante CuidadoAuricular Higiene eSa\u00fade Oral Infe\u00e7\u00f5es doTrato Urin\u00e1rio Obstipa\u00e7\u00e3o Sa\u00fade eBem Estar Laevolac &gt;Obstipa\u00e7\u00e3o Folheto Informativo Folheto Informativo Ameixa Xarope Folheto Informativo Ameixa Saquetas Indica\u00e7\u00f5es Laevolac est\u00e1 indicado na obstipa\u00e7\u00e3o cr\u00f3nica (em todos os casos) e na encefalopatia porto-sist\u00e9mica (EPS): tratamento e preven\u00e7\u00e3o do pr\u00e9-coma e coma hep\u00e1tico.Cada mililitro de xarope cont\u00e9m 666,7 [&hellip;]<\/p>\n","protected":false},"author":1,"featured_media":0,"parent":0,"menu_order":0,"comment_status":"closed","ping_status":"closed","template":"","meta":{"footnotes":""},"class_list":["post-640","page","type-page","status-publish","hentry"],"_links":{"self":[{"href":"https:\/\/ferrazlynce.pt\/en\/wp-json\/wp\/v2\/pages\/640","targetHints":{"allow":["GET"]}}],"collection":[{"href":"https:\/\/ferrazlynce.pt\/en\/wp-json\/wp\/v2\/pages"}],"about":[{"href":"https:\/\/ferrazlynce.pt\/en\/wp-json\/wp\/v2\/types\/page"}],"author":[{"embeddable":true,"href":"https:\/\/ferrazlynce.pt\/en\/wp-json\/wp\/v2\/users\/1"}],"replies":[{"embeddable":true,"href":"https:\/\/ferrazlynce.pt\/en\/wp-json\/wp\/v2\/comments?post=640"}],"version-history":[{"count":22,"href":"https:\/\/ferrazlynce.pt\/en\/wp-json\/wp\/v2\/pages\/640\/revisions"}],"predecessor-version":[{"id":2068,"href":"https:\/\/ferrazlynce.pt\/en\/wp-json\/wp\/v2\/pages\/640\/revisions\/2068"}],"wp:attachment":[{"href":"https:\/\/ferrazlynce.pt\/en\/wp-json\/wp\/v2\/media?parent=640"}],"curies":[{"name":"wp","href":"https:\/\/api.w.org\/{rel}","templated":true}]}}